{"id":6260,"date":"2015-01-20T15:06:12","date_gmt":"2015-01-20T15:06:12","guid":{"rendered":"https:\/\/www.hasert-haut.de\/allgemeinmedizin\/"},"modified":"2022-12-27T11:03:26","modified_gmt":"2022-12-27T11:03:26","slug":"medicina-general","status":"publish","type":"page","link":"https:\/\/www.hasert-haut.de\/es\/medicina-general\/","title":{"rendered":"medicina general"},"content":{"rendered":"\n<style type=\"text\/css\" data-created_by=\"avia_inline_auto\" id=\"style-css-av-l80b1hn9-ec4016f705bb7e471f5435996723305a\">\n.avia-section.av-l80b1hn9-ec4016f705bb7e471f5435996723305a{\nbackground-repeat:no-repeat;\nbackground-image:url(https:\/\/www.hasert-haut.de\/wp-content\/uploads\/2015\/01\/Allgemeinmedizin1.jpg);\nbackground-position:50% 100%;\nbackground-attachment:scroll;\n}\n<\/style>\n<div id='av_section_1'  class='avia-section av-l80b1hn9-ec4016f705bb7e471f5435996723305a main_color avia-section-default avia-no-border-styling  avia-builder-el-0  el_before_av_section  avia-builder-el-first  avia-full-stretch avia-bg-style-scroll av-minimum-height av-minimum-height-50 av-height-50  container_wrap fullsize'  data-section-bg-repeat='stretch' data-av_minimum_height_pc='50' data-av_min_height_opt='50'><div class='container av-section-cont-open' ><main  role=\"main\" itemprop=\"mainContentOfPage\"  class='template-page content  av-content-full alpha units'><div class='post-entry post-entry-type-page post-entry-6260'><div class='entry-content-wrapper clearfix'>\n<\/div><\/div><\/main><!-- close content main element --><\/div><\/div><div id='av_section_2'  class='avia-section av-1c52y-6705d96d726e34f30075afd1c9f98823 main_color avia-section-huge avia-no-border-styling  avia-builder-el-1  el_after_av_section  el_before_av_one_full  avia-bg-style-scroll container_wrap fullsize'  ><div class='container av-section-cont-open' ><div class='template-page content  av-content-full alpha units'><div class='post-entry post-entry-type-page post-entry-6260'><div class='entry-content-wrapper clearfix'>\n\n<style type=\"text\/css\" data-created_by=\"avia_inline_auto\" id=\"style-css-av-1zubm-cf8dd5eea0f9c55c19c0ef078ddbcf82\">\n#top .flex_column.av-1zubm-cf8dd5eea0f9c55c19c0ef078ddbcf82{\nmargin-top:-200px;\nmargin-bottom:-200px;\n}\n.flex_column.av-1zubm-cf8dd5eea0f9c55c19c0ef078ddbcf82{\nborder-radius:0px 0px 0px 0px;\npadding:30px 30px 30px 30px;\nbackground-color:#ffffff;\n}\n.responsive #top #wrap_all .flex_column.av-1zubm-cf8dd5eea0f9c55c19c0ef078ddbcf82{\nmargin-top:-200px;\nmargin-bottom:-200px;\n}\n<\/style>\n<div  class='flex_column av-1zubm-cf8dd5eea0f9c55c19c0ef078ddbcf82 av_one_full  avia-builder-el-2  el_before_av_one_half  avia-builder-el-first  first flex_column_div  '     ><style type=\"text\/css\" data-created_by=\"avia_inline_auto\" id=\"style-css-av-11lwy-dc2f761719fa7240ebde7ef9a69ed39d\">\n#top .av-special-heading.av-11lwy-dc2f761719fa7240ebde7ef9a69ed39d{\nmargin:30px 0 0 0;\npadding-bottom:10px;\n}\nbody .av-special-heading.av-11lwy-dc2f761719fa7240ebde7ef9a69ed39d .av-special-heading-tag .heading-char{\nfont-size:25px;\n}\n.av-special-heading.av-11lwy-dc2f761719fa7240ebde7ef9a69ed39d .av-subheading{\nfont-size:15px;\n}\n<\/style>\n<div  class='av-special-heading av-11lwy-dc2f761719fa7240ebde7ef9a69ed39d av-special-heading-h1 blockquote modern-quote modern-centered  avia-builder-el-3  avia-builder-el-no-sibling '><h1 class='av-special-heading-tag'  itemprop=\"headline\"  >medicina general<\/h1><div class=\"special-heading-border\"><div class=\"special-heading-inner-border\"><\/div><\/div><\/div><\/div>\n<style type=\"text\/css\" data-created_by=\"avia_inline_auto\" id=\"style-css-av-2ak7a-061d84792a54ec6468c8f4e314fb91bf\">\n.flex_column.av-2ak7a-061d84792a54ec6468c8f4e314fb91bf{\nborder-radius:0px 0px 0px 0px;\npadding:0px 0px 0px 0px;\n}\n<\/style>\n<div  class='flex_column av-2ak7a-061d84792a54ec6468c8f4e314fb91bf av_one_half  avia-builder-el-4  el_after_av_one_full  el_before_av_one_half  first flex_column_div av-zero-column-padding  column-top-margin'     ><section  class='av_textblock_section av-2y26u-98ee0f6d0072deae0e39143c5e6b8327 '   itemscope=\"itemscope\" itemtype=\"https:\/\/schema.org\/CreativeWork\" ><div class='avia_textblock'  itemprop=\"text\" ><ul>\n<li>m\u00e9dico de cabecera\/m\u00e9dico de familia<\/li>\n<li>medicina nutricional<\/li>\n<li>Documento<\/li>\n<li>medicina Preventiva<\/li>\n<li>capacidad de conducci\u00f3n<\/li>\n<li>medicina de viaje<\/li>\n<li>diagnostico y terapia<\/li>\n<li>Tratamiento m\u00e9dico y atenci\u00f3n familiar.<\/li>\n<li>Participaci\u00f3n en el DMP (Programa de Manejo de Enfermedades): Diabetes mellitus<\/li>\n<li>Medicina nutricional y asesoramiento nutricional.<\/li>\n<li>hipertensi\u00f3n<\/li>\n<li>Vacunas y consejos de vacunaci\u00f3n como parte del acuerdo con el m\u00e9dico del seguro m\u00e9dico obligatorio<\/li>\n<li>ECG en reposo<\/li>\n<li>prueba de funci\u00f3n pulmonar<\/li>\n<li>An\u00e1lisis de sangre, heces y orina<\/li>\n<li>laboratorio<\/li>\n<\/ul>\n<\/div><\/section><\/div>\n<style type=\"text\/css\" data-created_by=\"avia_inline_auto\" id=\"style-css-av-5evy-6982df8cab73cfc43dd8340fe2b04a15\">\n.flex_column.av-5evy-6982df8cab73cfc43dd8340fe2b04a15{\nborder-radius:0px 0px 0px 0px;\npadding:0px 0px 0px 0px;\n}\n<\/style>\n<div  class='flex_column av-5evy-6982df8cab73cfc43dd8340fe2b04a15 av_one_half  avia-builder-el-6  el_after_av_one_half  avia-builder-el-last  flex_column_div av-zero-column-padding  column-top-margin'     ><p>\n<style type=\"text\/css\" data-created_by=\"avia_inline_auto\" id=\"style-css-av-l80bh8l0-73c6ef0858fb3fed525197cec2974de9\">\n#top .av-special-heading.av-l80bh8l0-73c6ef0858fb3fed525197cec2974de9{\npadding-bottom:10px;\nfont-size:22px;\n}\nbody .av-special-heading.av-l80bh8l0-73c6ef0858fb3fed525197cec2974de9 .av-special-heading-tag .heading-char{\nfont-size:25px;\n}\n#top #wrap_all .av-special-heading.av-l80bh8l0-73c6ef0858fb3fed525197cec2974de9 .av-special-heading-tag{\nfont-size:22px;\n}\n.av-special-heading.av-l80bh8l0-73c6ef0858fb3fed525197cec2974de9 .av-subheading{\nfont-size:15px;\n}\n\n@media only screen and (min-width: 480px) and (max-width: 767px){ \n#top #wrap_all .av-special-heading.av-l80bh8l0-73c6ef0858fb3fed525197cec2974de9 .av-special-heading-tag{\nfont-size:0.8em;\n}\n}\n\n@media only screen and (max-width: 479px){ \n#top #wrap_all .av-special-heading.av-l80bh8l0-73c6ef0858fb3fed525197cec2974de9 .av-special-heading-tag{\nfont-size:0.8em;\n}\n}\n<\/style>\n<div  class='av-special-heading av-l80bh8l0-73c6ef0858fb3fed525197cec2974de9 av-special-heading-h2 blockquote modern-quote  avia-builder-el-7  el_before_av_textblock  avia-builder-el-first  av-inherit-size'><h2 class='av-special-heading-tag'  itemprop=\"headline\"  >Adem\u00e1s de los servicios prestados por los m\u00e9dicos del seguro m\u00e9dico obligatorio, ofrecemos asesoramiento y tratamiento en:<\/h2><div class=\"special-heading-border\"><div class=\"special-heading-inner-border\"><\/div><\/div><\/div><br \/>\n<section  class='av_textblock_section av-1bc2i-444e7c559296c8dd503556944f7546ba '   itemscope=\"itemscope\" itemtype=\"https:\/\/schema.org\/CreativeWork\" ><div class='avia_textblock'  itemprop=\"text\" ><ul>\n<li>medicina de viaje<\/li>\n<li>Ex\u00e1menes de detecci\u00f3n temprana para ni\u00f1os (U2 a U11)<\/li>\n<li>Examen de Salud del Adolescente (J1\/J2)<\/li>\n<li>Chequeo de salud para adultos.<\/li>\n<li>Investigaci\u00f3n de Protecci\u00f3n del Empleo Juvenil<\/li>\n<li>Examen de detecci\u00f3n temprana de c\u00e1ncer Haemocult\/detecci\u00f3n de c\u00e1ncer de piel<\/li>\n<li>Certificado m\u00e9dico<\/li>\n<li>pulverizaci\u00f3n de acumulaci\u00f3n<\/li>\n<li>certificado deportivo<\/li>\n<li>Examen de Licencia de Conducir<\/li>\n<li>Pruebas de laboratorio<\/li>\n<li>vacunas de viaje<\/li>\n<li>examen medico<\/li>\n<li>Investigaciones de seguros (por ejemplo, KV privado, informes, contradicciones)<\/li>\n<li>Instrucci\u00f3n sobre protecci\u00f3n contra infecciones (certificado de alimentos seg\u00fan \u00a743)<\/li>\n<li>Asesoramiento nutricional individual.<\/li>\n<\/ul>\n<\/div><\/section><\/p><\/div>\n<\/div><\/div><\/div><!-- close content main div --><\/div><\/div><div id='after_section_2'  class='main_color av_default_container_wrap container_wrap fullsize'  ><div class='container av-section-cont-open' ><div class='template-page content  av-content-full alpha units'><div class='post-entry post-entry-type-page post-entry-6260'><div class='entry-content-wrapper clearfix'>\n\n<style type=\"text\/css\" data-created_by=\"avia_inline_auto\" id=\"style-css-av-alegv-7ebd99b73f71953e2f21b589305c722f\">\n.flex_column.av-alegv-7ebd99b73f71953e2f21b589305c722f{\nborder-radius:0px 0px 0px 0px;\npadding:0px 0px 0px 0px;\n}\n<\/style>\n<div  class='flex_column av-alegv-7ebd99b73f71953e2f21b589305c722f av_one_full  avia-builder-el-9  el_after_av_section  avia-builder-el-no-sibling  first flex_column_div av-zero-column-padding  '     ><div  id=\"av-sc-portfolio-1\"  class=' grid-sort-container isotope   no_margin-container with-excerpt-container grid-total-odd grid-col-2 grid-links-' data-portfolio-id='1'><div data-ajax-id='6887' class=' grid-entry flex_column isotope-item all_sort no_margin post-entry post-entry-6887 grid-entry-overview grid-loop-1 grid-parity-odd  post-entry-last  medicina-general_sort  av_one_half first default_av_fullwidth '><article class='main_color inner-entry'  itemscope=\"itemscope\" itemtype=\"https:\/\/schema.org\/CreativeWork\" ><a href=\"https:\/\/www.hasert-haut.de\/es\/leistungen\/radiologia-diagnostica\/\" title='Radiolog\u00eda diagn\u00f3stica'  data-rel='grid-1' class='grid-image avia-hover-fx'> <img decoding=\"async\" fetchpriority=\"high\" width=\"495\" height=\"400\" src=\"https:\/\/www.hasert-haut.de\/wp-content\/uploads\/2015\/01\/Laserhaarentfernung-495x400.jpg\" class=\"wp-image-5935 avia-img-lazy-loading-not-5935 attachment-portfolio size-portfolio wp-post-image\" alt=\"\" \/><\/a><div class='grid-content'><div class='avia-arrow'><\/div><header class=\"entry-content-header\"><h3 class='grid-entry-title entry-title '  itemprop=\"headline\" ><a href='https:\/\/www.hasert-haut.de\/es\/leistungen\/radiologia-diagnostica\/' title='Radiolog\u00eda diagn\u00f3stica'>Radiolog\u00eda diagn\u00f3stica<\/a><\/h3><\/header><div class='grid-entry-excerpt entry-content'  itemprop=\"text\" >Adem\u00e1s de los servicios de una pr\u00e1ctica de dermatolog\u00eda, nuestra cl\u00ednica de pr\u00e1ctica tambi\u00e9n ofrece servicios de radiolog\u00eda de diagn\u00f3stico.<\/div><\/div><footer class=\"entry-footer\"><\/footer><\/article><\/div><\/div><\/div>\n","protected":false},"excerpt":{"rendered":"<p>Adem\u00e1s de los tratamientos en un consultorio de dermatolog\u00eda, nuestra cl\u00ednica de pr\u00e1ctica tambi\u00e9n ofrece todos los servicios de medicina general.<\/p>\n","protected":false},"author":1,"featured_media":5933,"parent":0,"menu_order":0,"comment_status":"closed","ping_status":"closed","template":"","meta":{"footnotes":""},"class_list":["post-6260","page","type-page","status-publish","has-post-thumbnail","hentry"],"yoast_head":"<!-- This site is optimized with the Yoast SEO plugin v25.3.1 - https:\/\/yoast.com\/wordpress\/plugins\/seo\/ -->\n<title>Medicina General | dermat\u00f3logo dr Raoul Hasert Berl\u00edn<\/title>\n<meta name=\"description\" content=\"Adem\u00e1s de los tratamientos en un consultorio de dermatolog\u00eda, nuestra cl\u00ednica de pr\u00e1ctica tambi\u00e9n ofrece todos los servicios de medicina general.\" \/>\n<meta name=\"robots\" content=\"index, follow, max-snippet:-1, max-image-preview:large, max-video-preview:-1\" \/>\n<link rel=\"canonical\" href=\"https:\/\/www.hasert-haut.de\/es\/medicina-general\/\" \/>\n<meta property=\"og:locale\" content=\"es_ES\" \/>\n<meta property=\"og:type\" content=\"article\" \/>\n<meta property=\"og:title\" content=\"Medicina General | dermat\u00f3logo dr Raoul Hasert Berl\u00edn\" \/>\n<meta property=\"og:description\" content=\"Adem\u00e1s de los tratamientos en un consultorio de dermatolog\u00eda, nuestra cl\u00ednica de pr\u00e1ctica tambi\u00e9n ofrece todos los servicios de medicina general.\" \/>\n<meta property=\"og:url\" content=\"https:\/\/www.hasert-haut.de\/es\/medicina-general\/\" \/>\n<meta property=\"og:site_name\" content=\"Hautarzt Berlin - Praxisklinik Dr. Hasert\" \/>\n<meta property=\"article:modified_time\" content=\"2022-12-27T11:03:26+00:00\" \/>\n<meta property=\"og:image\" content=\"https:\/\/www.hasert-haut.de\/wp-content\/uploads\/2015\/01\/Allgemeinmedizin1.jpg\" \/>\n\t<meta property=\"og:image:width\" content=\"1000\" \/>\n\t<meta property=\"og:image:height\" content=\"500\" \/>\n\t<meta property=\"og:image:type\" content=\"image\/jpeg\" \/>\n<meta name=\"twitter:label1\" content=\"Tiempo de lectura\" \/>\n\t<meta name=\"twitter:data1\" content=\"6 minutos\" \/>\n<script type=\"application\/ld+json\" class=\"yoast-schema-graph\">{\"@context\":\"https:\/\/schema.org\",\"@graph\":[{\"@type\":\"WebPage\",\"@id\":\"https:\/\/www.hasert-haut.de\/es\/medicina-general\/\",\"url\":\"https:\/\/www.hasert-haut.de\/es\/medicina-general\/\",\"name\":\"Medicina General | dermat\u00f3logo dr Raoul Hasert Berl\u00edn\",\"isPartOf\":{\"@id\":\"https:\/\/www.hasert-haut.de\/es\/#website\"},\"primaryImageOfPage\":{\"@id\":\"https:\/\/www.hasert-haut.de\/es\/medicina-general\/#primaryimage\"},\"image\":{\"@id\":\"https:\/\/www.hasert-haut.de\/es\/medicina-general\/#primaryimage\"},\"thumbnailUrl\":\"https:\/\/www.hasert-haut.de\/wp-content\/uploads\/2015\/01\/Allgemeinmedizin1.jpg\",\"datePublished\":\"2015-01-20T15:06:12+00:00\",\"dateModified\":\"2022-12-27T11:03:26+00:00\",\"description\":\"Adem\u00e1s de los tratamientos en un consultorio de dermatolog\u00eda, nuestra cl\u00ednica de pr\u00e1ctica tambi\u00e9n ofrece todos los servicios de medicina general.\",\"breadcrumb\":{\"@id\":\"https:\/\/www.hasert-haut.de\/es\/medicina-general\/#breadcrumb\"},\"inLanguage\":\"es\",\"potentialAction\":[{\"@type\":\"ReadAction\",\"target\":[\"https:\/\/www.hasert-haut.de\/es\/medicina-general\/\"]}]},{\"@type\":\"ImageObject\",\"inLanguage\":\"es\",\"@id\":\"https:\/\/www.hasert-haut.de\/es\/medicina-general\/#primaryimage\",\"url\":\"https:\/\/www.hasert-haut.de\/wp-content\/uploads\/2015\/01\/Allgemeinmedizin1.jpg\",\"contentUrl\":\"https:\/\/www.hasert-haut.de\/wp-content\/uploads\/2015\/01\/Allgemeinmedizin1.jpg\",\"width\":1000,\"height\":500,\"caption\":\"Allgemeinmedizin - Praxisklinik Dr. Hasert Berlin - Hautarzt\"},{\"@type\":\"BreadcrumbList\",\"@id\":\"https:\/\/www.hasert-haut.de\/es\/medicina-general\/#breadcrumb\",\"itemListElement\":[{\"@type\":\"ListItem\",\"position\":1,\"name\":\"Home\",\"item\":\"https:\/\/www.hasert-haut.de\/es\/bienvenidos\/\"},{\"@type\":\"ListItem\",\"position\":2,\"name\":\"medicina general\"}]},{\"@type\":\"WebSite\",\"@id\":\"https:\/\/www.hasert-haut.de\/es\/#website\",\"url\":\"https:\/\/www.hasert-haut.de\/es\/\",\"name\":\"Hautarzt Berlin - Praxisklinik Dr. Hasert\",\"description\":\"Hautarzt, Allgemeinmedizin\",\"potentialAction\":[{\"@type\":\"SearchAction\",\"target\":{\"@type\":\"EntryPoint\",\"urlTemplate\":\"https:\/\/www.hasert-haut.de\/es\/?s={search_term_string}\"},\"query-input\":{\"@type\":\"PropertyValueSpecification\",\"valueRequired\":true,\"valueName\":\"search_term_string\"}}],\"inLanguage\":\"es\"}]}<\/script>\n<!-- \/ Yoast SEO plugin. -->","yoast_head_json":{"title":"Medicina General | dermat\u00f3logo dr Raoul Hasert Berl\u00edn","description":"Adem\u00e1s de los tratamientos en un consultorio de dermatolog\u00eda, nuestra cl\u00ednica de pr\u00e1ctica tambi\u00e9n ofrece todos los servicios de medicina general.","robots":{"index":"index","follow":"follow","max-snippet":"max-snippet:-1","max-image-preview":"max-image-preview:large","max-video-preview":"max-video-preview:-1"},"canonical":"https:\/\/www.hasert-haut.de\/es\/medicina-general\/","og_locale":"es_ES","og_type":"article","og_title":"Medicina General | dermat\u00f3logo dr Raoul Hasert Berl\u00edn","og_description":"Adem\u00e1s de los tratamientos en un consultorio de dermatolog\u00eda, nuestra cl\u00ednica de pr\u00e1ctica tambi\u00e9n ofrece todos los servicios de medicina general.","og_url":"https:\/\/www.hasert-haut.de\/es\/medicina-general\/","og_site_name":"Hautarzt Berlin - Praxisklinik Dr. Hasert","article_modified_time":"2022-12-27T11:03:26+00:00","og_image":[{"width":1000,"height":500,"url":"https:\/\/www.hasert-haut.de\/wp-content\/uploads\/2015\/01\/Allgemeinmedizin1.jpg","type":"image\/jpeg"}],"twitter_misc":{"Tiempo de lectura":"6 minutos"},"schema":{"@context":"https:\/\/schema.org","@graph":[{"@type":"WebPage","@id":"https:\/\/www.hasert-haut.de\/es\/medicina-general\/","url":"https:\/\/www.hasert-haut.de\/es\/medicina-general\/","name":"Medicina General | dermat\u00f3logo dr Raoul Hasert Berl\u00edn","isPartOf":{"@id":"https:\/\/www.hasert-haut.de\/es\/#website"},"primaryImageOfPage":{"@id":"https:\/\/www.hasert-haut.de\/es\/medicina-general\/#primaryimage"},"image":{"@id":"https:\/\/www.hasert-haut.de\/es\/medicina-general\/#primaryimage"},"thumbnailUrl":"https:\/\/www.hasert-haut.de\/wp-content\/uploads\/2015\/01\/Allgemeinmedizin1.jpg","datePublished":"2015-01-20T15:06:12+00:00","dateModified":"2022-12-27T11:03:26+00:00","description":"Adem\u00e1s de los tratamientos en un consultorio de dermatolog\u00eda, nuestra cl\u00ednica de pr\u00e1ctica tambi\u00e9n ofrece todos los servicios de medicina general.","breadcrumb":{"@id":"https:\/\/www.hasert-haut.de\/es\/medicina-general\/#breadcrumb"},"inLanguage":"es","potentialAction":[{"@type":"ReadAction","target":["https:\/\/www.hasert-haut.de\/es\/medicina-general\/"]}]},{"@type":"ImageObject","inLanguage":"es","@id":"https:\/\/www.hasert-haut.de\/es\/medicina-general\/#primaryimage","url":"https:\/\/www.hasert-haut.de\/wp-content\/uploads\/2015\/01\/Allgemeinmedizin1.jpg","contentUrl":"https:\/\/www.hasert-haut.de\/wp-content\/uploads\/2015\/01\/Allgemeinmedizin1.jpg","width":1000,"height":500,"caption":"Allgemeinmedizin - Praxisklinik Dr. Hasert Berlin - Hautarzt"},{"@type":"BreadcrumbList","@id":"https:\/\/www.hasert-haut.de\/es\/medicina-general\/#breadcrumb","itemListElement":[{"@type":"ListItem","position":1,"name":"Home","item":"https:\/\/www.hasert-haut.de\/es\/bienvenidos\/"},{"@type":"ListItem","position":2,"name":"medicina general"}]},{"@type":"WebSite","@id":"https:\/\/www.hasert-haut.de\/es\/#website","url":"https:\/\/www.hasert-haut.de\/es\/","name":"Hautarzt Berlin - Praxisklinik Dr. Hasert","description":"Hautarzt, Allgemeinmedizin","potentialAction":[{"@type":"SearchAction","target":{"@type":"EntryPoint","urlTemplate":"https:\/\/www.hasert-haut.de\/es\/?s={search_term_string}"},"query-input":{"@type":"PropertyValueSpecification","valueRequired":true,"valueName":"search_term_string"}}],"inLanguage":"es"}]}},"_links":{"self":[{"href":"https:\/\/www.hasert-haut.de\/es\/wp-json\/wp\/v2\/pages\/6260","targetHints":{"allow":["GET"]}}],"collection":[{"href":"https:\/\/www.hasert-haut.de\/es\/wp-json\/wp\/v2\/pages"}],"about":[{"href":"https:\/\/www.hasert-haut.de\/es\/wp-json\/wp\/v2\/types\/page"}],"author":[{"embeddable":true,"href":"https:\/\/www.hasert-haut.de\/es\/wp-json\/wp\/v2\/users\/1"}],"replies":[{"embeddable":true,"href":"https:\/\/www.hasert-haut.de\/es\/wp-json\/wp\/v2\/comments?post=6260"}],"version-history":[{"count":23,"href":"https:\/\/www.hasert-haut.de\/es\/wp-json\/wp\/v2\/pages\/6260\/revisions"}],"predecessor-version":[{"id":11725,"href":"https:\/\/www.hasert-haut.de\/es\/wp-json\/wp\/v2\/pages\/6260\/revisions\/11725"}],"wp:featuredmedia":[{"embeddable":true,"href":"https:\/\/www.hasert-haut.de\/es\/wp-json\/wp\/v2\/media\/5933"}],"wp:attachment":[{"href":"https:\/\/www.hasert-haut.de\/es\/wp-json\/wp\/v2\/media?parent=6260"}],"curies":[{"name":"wp","href":"https:\/\/api.w.org\/{rel}","templated":true}]}}