{"id":6477,"date":"2015-01-20T15:07:00","date_gmt":"2015-01-20T15:07:00","guid":{"rendered":"https:\/\/www.hasert-haut.de\/impressum\/"},"modified":"2022-11-02T14:23:39","modified_gmt":"2022-11-02T14:23:39","slug":"imprimir","status":"publish","type":"page","link":"https:\/\/www.hasert-haut.de\/es\/imprimir\/","title":{"rendered":"imprimir"},"content":{"rendered":"\n<style type=\"text\/css\" data-created_by=\"avia_inline_auto\" id=\"style-css-av-3aw2q-89b4b2eac1331bf5c85e863dbea9e282\">\n.avia-section.av-3aw2q-89b4b2eac1331bf5c85e863dbea9e282{\nbackground-repeat:no-repeat;\nbackground-image:url(https:\/\/www.hasert-haut.de\/wp-content\/uploads\/2015\/01\/IMG_33121.jpg);\nbackground-position:50% 100%;\nbackground-attachment:scroll;\n}\n<\/style>\n<div id='av_section_1'  class='avia-section av-3aw2q-89b4b2eac1331bf5c85e863dbea9e282 main_color avia-section-no-padding avia-no-border-styling  avia-builder-el-0  el_before_av_heading  avia-builder-el-first  avia-full-stretch avia-bg-style-scroll av-minimum-height av-minimum-height-custom av-height-custom  container_wrap fullsize'  data-section-bg-repeat='stretch' data-av_minimum_height_px='300'><div class='container av-section-cont-open' style='height:300px'><main  role=\"main\" itemprop=\"mainContentOfPage\"  class='template-page content  av-content-full alpha units'><div class='post-entry post-entry-type-page post-entry-6477'><div class='entry-content-wrapper clearfix'><\/div><\/div><\/main><!-- close content main element --><\/div><\/div><div id='after_section_1'  class='main_color av_default_container_wrap container_wrap fullsize'  ><div class='container av-section-cont-open' ><div class='template-page content  av-content-full alpha units'><div class='post-entry post-entry-type-page post-entry-6477'><div class='entry-content-wrapper clearfix'>\n\n<style type=\"text\/css\" data-created_by=\"avia_inline_auto\" id=\"style-css-av-av_heading-144457ea324ef83df1311838ae59fadc\">\n#top .av-special-heading.av-av_heading-144457ea324ef83df1311838ae59fadc{\npadding-bottom:10px;\n}\nbody .av-special-heading.av-av_heading-144457ea324ef83df1311838ae59fadc .av-special-heading-tag .heading-char{\nfont-size:25px;\n}\n.av-special-heading.av-av_heading-144457ea324ef83df1311838ae59fadc .av-subheading{\nfont-size:15px;\n}\n<\/style>\n<div  class='av-special-heading av-av_heading-144457ea324ef83df1311838ae59fadc av-special-heading-h1 blockquote modern-quote  avia-builder-el-1  el_after_av_section  el_before_av_textblock  avia-builder-el-first '><h1 class='av-special-heading-tag'  itemprop=\"headline\"  >imprimir<\/h1><div class=\"special-heading-border\"><div class=\"special-heading-inner-border\"><\/div><\/div><\/div>\n<section  class='av_textblock_section av-7oiy-72a6b5a49257bb0f90a4c78a08f546c6 '   itemscope=\"itemscope\" itemtype=\"https:\/\/schema.org\/CreativeWork\" ><div class='avia_textblock'  itemprop=\"text\" ><p>www.hasert-haut.de es el sitio web del consultorio dermatol\u00f3gico Dr. Hasert con fines informativos para los pacientes.<\/p>\n<p>www.hasert-haut.de es solo subjetivo e identifica representaciones de terceros en los lugares apropiados. El nombre de productos y fabricantes es solo para fines informativos y no pretende ser publicidad de productos o fabricantes. Los productos no se venden en www.hasert-haut.de.<\/p>\n<p><strong>Direcci\u00f3n del autor:<\/strong><\/p>\n<p>Praxisklinik Dr. Hasert<br \/>\nFriedrichstra\u00dfe 113A<br \/>\nD-10117 Berlin<br \/>\nGermany<\/p>\n<p>MVZ Dr. Hasert GmbH<br \/>\nOranienburger Stra\u00dfe 51<br \/>\nD-10117 Berlin<br \/>\nGermany<\/p>\n<p>Tel\u00e9fono: +49 (30) 281 72 30<br \/>\nFax: +49 (30) 280 80 38<\/p>\n<p>info@hasert-haut.de<br \/>\nwww.hasert-haut.de<\/p>\n<p><strong>Autoridades de control competentes<\/strong>:<br \/>\nColegio de M\u00e9dicos de Berl\u00edn<br \/>\nFriedrichstra\u00dfe 16<br \/>\nD-10969 Berlin<br \/>\nhttp:\/\/www.aerztekammer-berlin.de<\/p>\n<p><strong>Asociaci\u00f3n de M\u00e9dicos de Seguros M\u00e9dicos Estatutarios de Berl\u00edn<\/strong><br \/>\nMasurenallee 6 A<br \/>\n14057 Berlin<br \/>\nhttp:\/\/www.kvberlin.de<\/p>\n<p><strong>reglamentos profesionales<\/strong><br \/>\nReglamento profesional de la Asociaci\u00f3n M\u00e9dica de Berl\u00edn<\/p>\n<p>N\u00famero de IVA: DE 222416609<\/p>\n<p><strong>Aviso Legal<\/strong><br \/>\nReservados todos los derechos. Ninguna parte de este trabajo puede ser reproducida o modificada para ning\u00fan prop\u00f3sito, en ninguna forma o por ning\u00fan medio, electr\u00f3nico o mec\u00e1nico, sin el permiso expreso por escrito.<\/p>\n<p>Enlace a www.hasert-haut.de<br \/>\nPor lo general, se permite vincular publicaciones en kotyrba.net desde sitios externos. Solo puede vincular al art\u00edculo completo. \u00a1No est\u00e1 permitido establecer un enlace a un gr\u00e1fico con el fin de utilizar el volumen de transferencia de kotyrba.net (reticulaci\u00f3n)!   En particular, no est\u00e1 permitido vincular gr\u00e1ficos para, por ejemplo, subastas o similares. Los gr\u00e1ficos en este servidor est\u00e1n sujetos a derechos de autor.<\/p>\n<p><strong>Descargo de responsabilidad:<\/strong><br \/>\n<strong> 1. Contenido de la oferta en l\u00ednea<\/strong><br \/>\nLos autores no asumen ninguna responsabilidad por la actualidad, correcci\u00f3n, integridad o calidad de la informaci\u00f3n proporcionada. Quedan excluidas en principio las reclamaciones de responsabilidad contra el autor, que se refieran a da\u00f1os materiales o inmateriales causados \u200b\u200bpor el uso o no uso de la informaci\u00f3n proporcionada o por el uso de informaci\u00f3n incorrecta e incompleta, siempre que no haya dolo o negligencia grave demostrable. existe acci\u00f3n de parte del autor por culpa. Los autores se reservan expresamente el derecho de modificar, complementar o eliminar partes de las p\u00e1ginas o la oferta completa sin previo aviso o de suspender temporal o definitivamente la publicaci\u00f3n.  <\/p>\n<p><strong>2. Referencias y enlaces<\/strong><br \/>\nEn el caso de referencias directas o indirectas a sitios web externos (\u00abenlaces\u00bb) que se encuentren fuera del \u00e1rea de responsabilidad del autor, la responsabilidad solo se producir\u00eda si el autor tuviera conocimiento del contenido y fuera t\u00e9cnicamente posible y razonable para que impidan el uso de contenido ilegal. Por la presente, los autores declaran expresamente que en el momento del establecimiento del enlace no se detect\u00f3 ning\u00fan contenido ilegal en las p\u00e1ginas enlazadas. El autor no tiene influencia alguna sobre el dise\u00f1o actual y futuro, el contenido o la autor\u00eda de las p\u00e1ginas enlazadas\/vinculadas. Por lo tanto, nos distanciamos expresamente de todo el contenido de todas las p\u00e1ginas enlazadas\/vinculadas que hayan sido modificadas despu\u00e9s de la creaci\u00f3n del enlace. Esta declaraci\u00f3n se aplica a todos los enlaces y referencias establecidos dentro de nuestro propio sitio web. El proveedor de la p\u00e1gina a la que se hace referencia es el \u00fanico responsable del contenido ilegal, incorrecto o incompleto y, en particular, de los da\u00f1os resultantes del uso o no uso de dicha informaci\u00f3n, no la persona que simplemente hace referencia a la publicaci\u00f3n respectiva a trav\u00e9s de enlaces.<\/p>\n<p><strong>3. Derechos de autor y derecho de marcas<\/strong><br \/>\nLos autores se esfuerzan por respetar los derechos de autor de los gr\u00e1ficos, secuencias de v\u00eddeo y textos utilizados en todas las publicaciones, utilizar gr\u00e1ficos, secuencias de v\u00eddeo y textos creados por ellos mismos o utilizar gr\u00e1ficos, secuencias de v\u00eddeo y textos libres de licencia. Todas las marcas y marcas comerciales mencionadas en el sitio web y posiblemente protegidas por terceros est\u00e1n sujetas sin restricci\u00f3n a las disposiciones de la ley de marcas comerciales aplicable y los derechos de propiedad del respectivo propietario registrado. \u00a1La conclusi\u00f3n de que las marcas registradas no est\u00e1n protegidas por los derechos de terceros no debe extraerse \u00fanicamente sobre la base de la mera menci\u00f3n! Los derechos de autor de los objetos publicados creados por los propios autores pertenecen \u00fanicamente a los autores. No se permite la reproducci\u00f3n o el uso de dichos gr\u00e1ficos, secuencias de video y textos en otras publicaciones electr\u00f3nicas o impresas sin el consentimiento expreso del autor.    <\/p>\n<p><strong>4. Privacidad<\/strong><br \/>\nSi se da la oportunidad de ingresar datos personales o comerciales (direcciones de correo electr\u00f3nico, nombre, direcciones), la entrada de estos datos se realiza por parte del usuario de forma expresamente voluntaria. El uso de todos los servicios ofrecidos est\u00e1 permitido, en la medida de lo t\u00e9cnicamente posible y razonable, sin proporcionar dichos datos o proporcionando datos an\u00f3nimos o un seud\u00f3nimo. <\/p>\n<p><strong>5. Cl\u00e1usula de Divisibilidad<\/strong><br \/>\nSi partes o formulaciones individuales de este texto no corresponden, ya no o no corresponden completamente a la situaci\u00f3n legal aplicable, las partes restantes del documento no se ver\u00e1n afectadas en su contenido y validez.<\/p>\n<p><strong>lugar de jurisdicci\u00f3n<\/strong><br \/>\nEl lugar de jurisdicci\u00f3n es Berl\u00edn en Alemania. Se aplican las leyes alemana y europea. <\/p>\n<p>\u00a9 2022 <b>KOTYRBA.NET<\/b><\/p>\n<\/div><\/section>\n\n<style type=\"text\/css\" data-created_by=\"avia_inline_auto\" id=\"style-css-av-av_heading-51010cf062a8848f6e56400f5700eeef\">\n#top .av-special-heading.av-av_heading-51010cf062a8848f6e56400f5700eeef{\npadding-bottom:10px;\n}\nbody .av-special-heading.av-av_heading-51010cf062a8848f6e56400f5700eeef .av-special-heading-tag .heading-char{\nfont-size:25px;\n}\n.av-special-heading.av-av_heading-51010cf062a8848f6e56400f5700eeef .av-subheading{\nfont-size:15px;\n}\n<\/style>\n<div  class='av-special-heading av-av_heading-51010cf062a8848f6e56400f5700eeef av-special-heading-h2 blockquote modern-quote  avia-builder-el-3  el_after_av_textblock  el_before_av_textblock '><h2 class='av-special-heading-tag'  itemprop=\"headline\"  >concepto y dise\u00f1o<\/h2><div class=\"special-heading-border\"><div class=\"special-heading-inner-border\"><\/div><\/div><\/div>\n<section  class='av_textblock_section av-13j4q-0bfd834ae484d18789839223dfed6f7c '   itemscope=\"itemscope\" itemtype=\"https:\/\/schema.org\/CreativeWork\" ><div class='avia_textblock'  itemprop=\"text\" ><p><strong>KOTYRBA<\/strong>.NET<br \/>\nweb development<\/p>\n<p>Dipl.-Ing. Sandor Kotyrba<br \/>\nJahnstra\u00dfe 77<br \/>\n38302 Wolfenb\u00fcttel<\/p>\n<p>Tel\u00e9fono: +49 (177) 778 88 89<\/p>\n<p>info@kotyrba.net<br \/>\nwww.kotyrba.net<\/p>\n<\/div><\/section>\n","protected":false},"excerpt":{"rendered":"","protected":false},"author":1,"featured_media":0,"parent":0,"menu_order":0,"comment_status":"closed","ping_status":"closed","template":"","meta":{"footnotes":""},"class_list":["post-6477","page","type-page","status-publish","hentry"],"yoast_head":"<!-- This site is optimized with the Yoast SEO plugin v25.3.1 - https:\/\/yoast.com\/wordpress\/plugins\/seo\/ -->\n<title>imprimir - Hautarzt Berlin - Praxisklinik Dr. Hasert<\/title>\n<meta name=\"robots\" content=\"index, follow, max-snippet:-1, max-image-preview:large, max-video-preview:-1\" \/>\n<link rel=\"canonical\" href=\"https:\/\/www.hasert-haut.de\/es\/imprimir\/\" \/>\n<meta property=\"og:locale\" content=\"es_ES\" \/>\n<meta property=\"og:type\" content=\"article\" \/>\n<meta property=\"og:title\" content=\"imprimir - Hautarzt Berlin - Praxisklinik Dr. Hasert\" \/>\n<meta property=\"og:url\" content=\"https:\/\/www.hasert-haut.de\/es\/imprimir\/\" \/>\n<meta property=\"og:site_name\" content=\"Hautarzt Berlin - Praxisklinik Dr. Hasert\" \/>\n<meta property=\"article:modified_time\" content=\"2022-11-02T14:23:39+00:00\" \/>\n<meta name=\"twitter:label1\" content=\"Tiempo de lectura\" \/>\n\t<meta name=\"twitter:data1\" content=\"7 minutos\" \/>\n<script type=\"application\/ld+json\" class=\"yoast-schema-graph\">{\"@context\":\"https:\/\/schema.org\",\"@graph\":[{\"@type\":\"WebPage\",\"@id\":\"https:\/\/www.hasert-haut.de\/es\/imprimir\/\",\"url\":\"https:\/\/www.hasert-haut.de\/es\/imprimir\/\",\"name\":\"imprimir - Hautarzt Berlin - Praxisklinik Dr. Hasert\",\"isPartOf\":{\"@id\":\"https:\/\/www.hasert-haut.de\/es\/#website\"},\"datePublished\":\"2015-01-20T15:07:00+00:00\",\"dateModified\":\"2022-11-02T14:23:39+00:00\",\"breadcrumb\":{\"@id\":\"https:\/\/www.hasert-haut.de\/es\/imprimir\/#breadcrumb\"},\"inLanguage\":\"es\",\"potentialAction\":[{\"@type\":\"ReadAction\",\"target\":[\"https:\/\/www.hasert-haut.de\/es\/imprimir\/\"]}]},{\"@type\":\"BreadcrumbList\",\"@id\":\"https:\/\/www.hasert-haut.de\/es\/imprimir\/#breadcrumb\",\"itemListElement\":[{\"@type\":\"ListItem\",\"position\":1,\"name\":\"Home\",\"item\":\"https:\/\/www.hasert-haut.de\/es\/bienvenidos\/\"},{\"@type\":\"ListItem\",\"position\":2,\"name\":\"imprimir\"}]},{\"@type\":\"WebSite\",\"@id\":\"https:\/\/www.hasert-haut.de\/es\/#website\",\"url\":\"https:\/\/www.hasert-haut.de\/es\/\",\"name\":\"Hautarzt Berlin - Praxisklinik Dr. Hasert\",\"description\":\"Hautarzt, Allgemeinmedizin\",\"potentialAction\":[{\"@type\":\"SearchAction\",\"target\":{\"@type\":\"EntryPoint\",\"urlTemplate\":\"https:\/\/www.hasert-haut.de\/es\/?s={search_term_string}\"},\"query-input\":{\"@type\":\"PropertyValueSpecification\",\"valueRequired\":true,\"valueName\":\"search_term_string\"}}],\"inLanguage\":\"es\"}]}<\/script>\n<!-- \/ Yoast SEO plugin. -->","yoast_head_json":{"title":"imprimir - Hautarzt Berlin - Praxisklinik Dr. Hasert","robots":{"index":"index","follow":"follow","max-snippet":"max-snippet:-1","max-image-preview":"max-image-preview:large","max-video-preview":"max-video-preview:-1"},"canonical":"https:\/\/www.hasert-haut.de\/es\/imprimir\/","og_locale":"es_ES","og_type":"article","og_title":"imprimir - Hautarzt Berlin - Praxisklinik Dr. Hasert","og_url":"https:\/\/www.hasert-haut.de\/es\/imprimir\/","og_site_name":"Hautarzt Berlin - Praxisklinik Dr. Hasert","article_modified_time":"2022-11-02T14:23:39+00:00","twitter_misc":{"Tiempo de lectura":"7 minutos"},"schema":{"@context":"https:\/\/schema.org","@graph":[{"@type":"WebPage","@id":"https:\/\/www.hasert-haut.de\/es\/imprimir\/","url":"https:\/\/www.hasert-haut.de\/es\/imprimir\/","name":"imprimir - Hautarzt Berlin - Praxisklinik Dr. Hasert","isPartOf":{"@id":"https:\/\/www.hasert-haut.de\/es\/#website"},"datePublished":"2015-01-20T15:07:00+00:00","dateModified":"2022-11-02T14:23:39+00:00","breadcrumb":{"@id":"https:\/\/www.hasert-haut.de\/es\/imprimir\/#breadcrumb"},"inLanguage":"es","potentialAction":[{"@type":"ReadAction","target":["https:\/\/www.hasert-haut.de\/es\/imprimir\/"]}]},{"@type":"BreadcrumbList","@id":"https:\/\/www.hasert-haut.de\/es\/imprimir\/#breadcrumb","itemListElement":[{"@type":"ListItem","position":1,"name":"Home","item":"https:\/\/www.hasert-haut.de\/es\/bienvenidos\/"},{"@type":"ListItem","position":2,"name":"imprimir"}]},{"@type":"WebSite","@id":"https:\/\/www.hasert-haut.de\/es\/#website","url":"https:\/\/www.hasert-haut.de\/es\/","name":"Hautarzt Berlin - Praxisklinik Dr. Hasert","description":"Hautarzt, Allgemeinmedizin","potentialAction":[{"@type":"SearchAction","target":{"@type":"EntryPoint","urlTemplate":"https:\/\/www.hasert-haut.de\/es\/?s={search_term_string}"},"query-input":{"@type":"PropertyValueSpecification","valueRequired":true,"valueName":"search_term_string"}}],"inLanguage":"es"}]}},"_links":{"self":[{"href":"https:\/\/www.hasert-haut.de\/es\/wp-json\/wp\/v2\/pages\/6477","targetHints":{"allow":["GET"]}}],"collection":[{"href":"https:\/\/www.hasert-haut.de\/es\/wp-json\/wp\/v2\/pages"}],"about":[{"href":"https:\/\/www.hasert-haut.de\/es\/wp-json\/wp\/v2\/types\/page"}],"author":[{"embeddable":true,"href":"https:\/\/www.hasert-haut.de\/es\/wp-json\/wp\/v2\/users\/1"}],"replies":[{"embeddable":true,"href":"https:\/\/www.hasert-haut.de\/es\/wp-json\/wp\/v2\/comments?post=6477"}],"version-history":[{"count":7,"href":"https:\/\/www.hasert-haut.de\/es\/wp-json\/wp\/v2\/pages\/6477\/revisions"}],"predecessor-version":[{"id":10150,"href":"https:\/\/www.hasert-haut.de\/es\/wp-json\/wp\/v2\/pages\/6477\/revisions\/10150"}],"wp:attachment":[{"href":"https:\/\/www.hasert-haut.de\/es\/wp-json\/wp\/v2\/media?parent=6477"}],"curies":[{"name":"wp","href":"https:\/\/api.w.org\/{rel}","templated":true}]}}