{"id":4721,"date":"2016-04-04T08:22:42","date_gmt":"2016-04-04T08:22:42","guid":{"rendered":"https:\/\/www.hasert-haut.de\/partnerhotel\/"},"modified":"2025-06-30T11:53:19","modified_gmt":"2025-06-30T11:53:19","slug":"hotel-partnerski","status":"publish","type":"page","link":"https:\/\/www.hasert-haut.de\/pl\/hotel-partnerski\/","title":{"rendered":"hotel partnerski"},"content":{"rendered":"\n<style type=\"text\/css\" data-created_by=\"avia_inline_auto\" id=\"style-css-av-w35e1-b81bcca37d726a5fbee0095eded1395a\">\n#top .av-special-heading.av-w35e1-b81bcca37d726a5fbee0095eded1395a{\npadding-bottom:10px;\n}\nbody .av-special-heading.av-w35e1-b81bcca37d726a5fbee0095eded1395a .av-special-heading-tag .heading-char{\nfont-size:25px;\n}\n.av-special-heading.av-w35e1-b81bcca37d726a5fbee0095eded1395a .av-subheading{\nfont-size:15px;\n}\n<\/style>\n<div  class='av-special-heading av-w35e1-b81bcca37d726a5fbee0095eded1395a av-special-heading-h1 blockquote modern-quote  avia-builder-el-0  el_before_av_textblock  avia-builder-el-first '><h1 class='av-special-heading-tag'  itemprop=\"headline\"  >hotel partnerski<\/h1><div class=\"special-heading-border\"><div class=\"special-heading-inner-border\"><\/div><\/div><\/div>\n<section  class='av_textblock_section av-prz5d-99d8cac544b276e31b56ab5ab27ac1be '   itemscope=\"itemscope\" itemtype=\"https:\/\/schema.org\/CreativeWork\" ><div class='avia_textblock'  itemprop=\"text\" ><p style=\"text-align: center;\">Nasz partner na noclegi:<\/p>\n<\/div><\/section>\n\n<style type=\"text\/css\" data-created_by=\"avia_inline_auto\" id=\"style-css-av-lqkkx-7a51bf5238ea22387b6354f9cdf0dc45\">\n#top .av-special-heading.av-lqkkx-7a51bf5238ea22387b6354f9cdf0dc45{\npadding-bottom:10px;\n}\nbody .av-special-heading.av-lqkkx-7a51bf5238ea22387b6354f9cdf0dc45 .av-special-heading-tag .heading-char{\nfont-size:25px;\n}\n.av-special-heading.av-lqkkx-7a51bf5238ea22387b6354f9cdf0dc45 .av-subheading{\nfont-size:15px;\n}\n<\/style>\n<div  class='av-special-heading av-lqkkx-7a51bf5238ea22387b6354f9cdf0dc45 av-special-heading-h2 blockquote modern-quote modern-centered  avia-builder-el-2  el_after_av_textblock  el_before_av_image '><h2 class='av-special-heading-tag'  itemprop=\"headline\"  >Arcotel Berlin Mitte<\/h2><div class=\"special-heading-border\"><div class=\"special-heading-inner-border\"><\/div><\/div><\/div>\n\n<style type=\"text\/css\" data-created_by=\"avia_inline_auto\" id=\"style-css-av-f6cq1-82d3ed19ed25d2db262341ba368e2fb7\">\n.avia-image-container.av-f6cq1-82d3ed19ed25d2db262341ba368e2fb7 img.avia_image{\nbox-shadow:none;\n}\n.avia-image-container.av-f6cq1-82d3ed19ed25d2db262341ba368e2fb7 .av-image-caption-overlay-center{\ncolor:#ffffff;\n}\n<\/style>\n<div  class='avia-image-container av-f6cq1-82d3ed19ed25d2db262341ba368e2fb7 av-styling-no-styling avia-align-center  avia-builder-el-3  el_after_av_heading  el_before_av_textblock '   itemprop=\"image\" itemscope=\"itemscope\" itemtype=\"https:\/\/schema.org\/ImageObject\" ><div class=\"avia-image-container-inner\"><div class=\"avia-image-overlay-wrap\"><a href=\"http:\/\/www.arcotelhotels.com\/de\/velvet_hotel_berlin\/\" class='avia_image' target=\"_blank\" rel=\"noopener noreferrer\" aria-label='Arcotel Berlin Mitte'><img decoding=\"async\" fetchpriority=\"high\" class='wp-image-4424 avia-img-lazy-loading-not-4424 avia_image ' src=\"https:\/\/www.hasert-haut.de\/wp-content\/uploads\/2016\/04\/AVB-300x150.jpg\" alt='' title='Arcotel Berlin Mitte'  height=\"150\" width=\"300\"  itemprop=\"thumbnailUrl\" srcset=\"https:\/\/www.hasert-haut.de\/wp-content\/uploads\/2016\/04\/AVB-300x150.jpg 300w, https:\/\/www.hasert-haut.de\/wp-content\/uploads\/2016\/04\/AVB-1030x515.jpg 1030w, https:\/\/www.hasert-haut.de\/wp-content\/uploads\/2016\/04\/AVB-1500x750.jpg 1500w, https:\/\/www.hasert-haut.de\/wp-content\/uploads\/2016\/04\/AVB-705x352.jpg 705w, https:\/\/www.hasert-haut.de\/wp-content\/uploads\/2016\/04\/AVB-450x225.jpg 450w, https:\/\/www.hasert-haut.de\/wp-content\/uploads\/2016\/04\/AVB.jpg 1575w\" sizes=\"(max-width: 300px) 100vw, 300px\" \/><\/a><\/div><\/div><\/div>\n<section  class='av_textblock_section av-7sn4x-9f2755d970fe73c5e757c50281d28a5a '   itemscope=\"itemscope\" itemtype=\"https:\/\/schema.org\/CreativeWork\" ><div class='avia_textblock'  itemprop=\"text\" ><p style=\"text-align: center;\"><a title=\"Arcotel Berlin\" href=\"http:\/\/www.arcotelhotels.com\/de\/velvet_hotel_berlin\/\" target=\"_blank\" rel=\"noopener\">www.arcotelhotels.com<\/a><\/p>\n<p style=\"text-align: center;\">Specjalne ceny dla naszych pacjent\u00f3w s\u0105 dost\u0119pne pod kodem<br \/>\n&#8222;Praxisklinik Dr Hasert&#8221;.<\/p>\n<p style=\"text-align: center;\">W odleg\u0142o\u015bci 150 metr\u00f3w od obiektu znajduje si\u0119 wielopoziomowy parking<br \/>\n, Chausseestr. 5.<\/p>\n<\/div><\/section>\n","protected":false},"excerpt":{"rendered":"<p>Hotel partnerski na nocleg podczas zabieg\u00f3w w klinice dermatologicznej dr Raoula Haserta przy Friedrichstra\u00dfe w Berlin-Mitte.<\/p>\n","protected":false},"author":1,"featured_media":0,"parent":0,"menu_order":0,"comment_status":"closed","ping_status":"closed","template":"","meta":{"footnotes":""},"class_list":["post-4721","page","type-page","status-publish","hentry"],"yoast_head":"<!-- This site is optimized with the Yoast SEO plugin v25.3.1 - https:\/\/yoast.com\/wordpress\/plugins\/seo\/ -->\n<title>Hotel partnerski | Dermatolog dr Raoul Hasert Berlin<\/title>\n<meta name=\"description\" content=\"Hotel partnerski na nocleg podczas zabieg\u00f3w w klinice dermatologicznej dr Raoula Haserta przy Friedrichstra\u00dfe w Berlin-Mitte.\" \/>\n<meta name=\"robots\" content=\"index, follow, max-snippet:-1, max-image-preview:large, max-video-preview:-1\" \/>\n<link rel=\"canonical\" href=\"https:\/\/www.hasert-haut.de\/pl\/hotel-partnerski\/\" \/>\n<meta property=\"og:locale\" content=\"pl_PL\" \/>\n<meta property=\"og:type\" content=\"article\" \/>\n<meta property=\"og:title\" content=\"Hotel partnerski | Dermatolog dr Raoul Hasert Berlin\" \/>\n<meta property=\"og:description\" content=\"Hotel partnerski na nocleg podczas zabieg\u00f3w w klinice dermatologicznej dr Raoula Haserta przy Friedrichstra\u00dfe w Berlin-Mitte.\" \/>\n<meta property=\"og:url\" content=\"https:\/\/www.hasert-haut.de\/pl\/hotel-partnerski\/\" \/>\n<meta property=\"og:site_name\" content=\"Hautarzt Berlin - Praxisklinik Dr. Hasert\" \/>\n<meta property=\"article:modified_time\" content=\"2025-06-30T11:53:19+00:00\" \/>\n<meta name=\"twitter:label1\" content=\"Szacowany czas czytania\" \/>\n\t<meta name=\"twitter:data1\" content=\"1 minuta\" \/>\n<script type=\"application\/ld+json\" class=\"yoast-schema-graph\">{\"@context\":\"https:\/\/schema.org\",\"@graph\":[{\"@type\":\"WebPage\",\"@id\":\"https:\/\/www.hasert-haut.de\/pl\/hotel-partnerski\/\",\"url\":\"https:\/\/www.hasert-haut.de\/pl\/hotel-partnerski\/\",\"name\":\"Hotel partnerski | Dermatolog dr Raoul Hasert Berlin\",\"isPartOf\":{\"@id\":\"https:\/\/www.hasert-haut.de\/pl\/#website\"},\"datePublished\":\"2016-04-04T08:22:42+00:00\",\"dateModified\":\"2025-06-30T11:53:19+00:00\",\"description\":\"Hotel partnerski na nocleg podczas zabieg\u00f3w w klinice dermatologicznej dr Raoula Haserta przy Friedrichstra\u00dfe w Berlin-Mitte.\",\"breadcrumb\":{\"@id\":\"https:\/\/www.hasert-haut.de\/pl\/hotel-partnerski\/#breadcrumb\"},\"inLanguage\":\"pl-PL\",\"potentialAction\":[{\"@type\":\"ReadAction\",\"target\":[\"https:\/\/www.hasert-haut.de\/pl\/hotel-partnerski\/\"]}]},{\"@type\":\"BreadcrumbList\",\"@id\":\"https:\/\/www.hasert-haut.de\/pl\/hotel-partnerski\/#breadcrumb\",\"itemListElement\":[{\"@type\":\"ListItem\",\"position\":1,\"name\":\"Home\",\"item\":\"https:\/\/www.hasert-haut.de\/pl\/powitanie\/\"},{\"@type\":\"ListItem\",\"position\":2,\"name\":\"hotel partnerski\"}]},{\"@type\":\"WebSite\",\"@id\":\"https:\/\/www.hasert-haut.de\/pl\/#website\",\"url\":\"https:\/\/www.hasert-haut.de\/pl\/\",\"name\":\"Hautarzt Berlin - Praxisklinik Dr. Hasert\",\"description\":\"Hautarzt, Allgemeinmedizin\",\"potentialAction\":[{\"@type\":\"SearchAction\",\"target\":{\"@type\":\"EntryPoint\",\"urlTemplate\":\"https:\/\/www.hasert-haut.de\/pl\/?s={search_term_string}\"},\"query-input\":{\"@type\":\"PropertyValueSpecification\",\"valueRequired\":true,\"valueName\":\"search_term_string\"}}],\"inLanguage\":\"pl-PL\"}]}<\/script>\n<!-- \/ Yoast SEO plugin. -->","yoast_head_json":{"title":"Hotel partnerski | Dermatolog dr Raoul Hasert Berlin","description":"Hotel partnerski na nocleg podczas zabieg\u00f3w w klinice dermatologicznej dr Raoula Haserta przy Friedrichstra\u00dfe w Berlin-Mitte.","robots":{"index":"index","follow":"follow","max-snippet":"max-snippet:-1","max-image-preview":"max-image-preview:large","max-video-preview":"max-video-preview:-1"},"canonical":"https:\/\/www.hasert-haut.de\/pl\/hotel-partnerski\/","og_locale":"pl_PL","og_type":"article","og_title":"Hotel partnerski | Dermatolog dr Raoul Hasert Berlin","og_description":"Hotel partnerski na nocleg podczas zabieg\u00f3w w klinice dermatologicznej dr Raoula Haserta przy Friedrichstra\u00dfe w Berlin-Mitte.","og_url":"https:\/\/www.hasert-haut.de\/pl\/hotel-partnerski\/","og_site_name":"Hautarzt Berlin - Praxisklinik Dr. Hasert","article_modified_time":"2025-06-30T11:53:19+00:00","twitter_misc":{"Szacowany czas czytania":"1 minuta"},"schema":{"@context":"https:\/\/schema.org","@graph":[{"@type":"WebPage","@id":"https:\/\/www.hasert-haut.de\/pl\/hotel-partnerski\/","url":"https:\/\/www.hasert-haut.de\/pl\/hotel-partnerski\/","name":"Hotel partnerski | Dermatolog dr Raoul Hasert Berlin","isPartOf":{"@id":"https:\/\/www.hasert-haut.de\/pl\/#website"},"datePublished":"2016-04-04T08:22:42+00:00","dateModified":"2025-06-30T11:53:19+00:00","description":"Hotel partnerski na nocleg podczas zabieg\u00f3w w klinice dermatologicznej dr Raoula Haserta przy Friedrichstra\u00dfe w Berlin-Mitte.","breadcrumb":{"@id":"https:\/\/www.hasert-haut.de\/pl\/hotel-partnerski\/#breadcrumb"},"inLanguage":"pl-PL","potentialAction":[{"@type":"ReadAction","target":["https:\/\/www.hasert-haut.de\/pl\/hotel-partnerski\/"]}]},{"@type":"BreadcrumbList","@id":"https:\/\/www.hasert-haut.de\/pl\/hotel-partnerski\/#breadcrumb","itemListElement":[{"@type":"ListItem","position":1,"name":"Home","item":"https:\/\/www.hasert-haut.de\/pl\/powitanie\/"},{"@type":"ListItem","position":2,"name":"hotel partnerski"}]},{"@type":"WebSite","@id":"https:\/\/www.hasert-haut.de\/pl\/#website","url":"https:\/\/www.hasert-haut.de\/pl\/","name":"Hautarzt Berlin - Praxisklinik Dr. Hasert","description":"Hautarzt, Allgemeinmedizin","potentialAction":[{"@type":"SearchAction","target":{"@type":"EntryPoint","urlTemplate":"https:\/\/www.hasert-haut.de\/pl\/?s={search_term_string}"},"query-input":{"@type":"PropertyValueSpecification","valueRequired":true,"valueName":"search_term_string"}}],"inLanguage":"pl-PL"}]}},"_links":{"self":[{"href":"https:\/\/www.hasert-haut.de\/pl\/wp-json\/wp\/v2\/pages\/4721","targetHints":{"allow":["GET"]}}],"collection":[{"href":"https:\/\/www.hasert-haut.de\/pl\/wp-json\/wp\/v2\/pages"}],"about":[{"href":"https:\/\/www.hasert-haut.de\/pl\/wp-json\/wp\/v2\/types\/page"}],"author":[{"embeddable":true,"href":"https:\/\/www.hasert-haut.de\/pl\/wp-json\/wp\/v2\/users\/1"}],"replies":[{"embeddable":true,"href":"https:\/\/www.hasert-haut.de\/pl\/wp-json\/wp\/v2\/comments?post=4721"}],"version-history":[{"count":12,"href":"https:\/\/www.hasert-haut.de\/pl\/wp-json\/wp\/v2\/pages\/4721\/revisions"}],"predecessor-version":[{"id":12603,"href":"https:\/\/www.hasert-haut.de\/pl\/wp-json\/wp\/v2\/pages\/4721\/revisions\/12603"}],"wp:attachment":[{"href":"https:\/\/www.hasert-haut.de\/pl\/wp-json\/wp\/v2\/media?parent=4721"}],"curies":[{"name":"wp","href":"https:\/\/api.w.org\/{rel}","templated":true}]}}