{"id":4780,"date":"2015-01-20T15:06:12","date_gmt":"2015-01-20T15:06:12","guid":{"rendered":"https:\/\/www.hasert-haut.de\/allgemeinmedizin\/"},"modified":"2025-06-30T11:36:35","modified_gmt":"2025-06-30T11:36:35","slug":"medycyna-ogolna","status":"publish","type":"page","link":"https:\/\/www.hasert-haut.de\/pl\/medycyna-ogolna\/","title":{"rendered":"Medycyna og\u00f3lna"},"content":{"rendered":"\n<style type=\"text\/css\" data-created_by=\"avia_inline_auto\" id=\"style-css-av-l80b1hn9-ec4016f705bb7e471f5435996723305a\">\n.avia-section.av-l80b1hn9-ec4016f705bb7e471f5435996723305a{\nbackground-repeat:no-repeat;\nbackground-image:url(https:\/\/www.hasert-haut.de\/wp-content\/uploads\/2015\/01\/Allgemeinmedizin1.jpg);\nbackground-position:50% 100%;\nbackground-attachment:scroll;\n}\n<\/style>\n<div id='av_section_1'  class='avia-section av-l80b1hn9-ec4016f705bb7e471f5435996723305a main_color avia-section-default avia-no-border-styling  avia-builder-el-0  el_before_av_section  avia-builder-el-first  avia-full-stretch avia-bg-style-scroll av-minimum-height av-minimum-height-50 av-height-50  container_wrap fullsize'  data-section-bg-repeat='stretch' data-av_minimum_height_pc='50' data-av_min_height_opt='50'><div class='container av-section-cont-open' ><main  role=\"main\" itemprop=\"mainContentOfPage\"  class='template-page content  av-content-full alpha units'><div class='post-entry post-entry-type-page post-entry-4780'><div class='entry-content-wrapper clearfix'>\n<\/div><\/div><\/main><!-- close content main element --><\/div><\/div><div id='av_section_2'  class='avia-section av-1c52y-6705d96d726e34f30075afd1c9f98823 main_color avia-section-huge avia-no-border-styling  avia-builder-el-1  el_after_av_section  el_before_av_one_full  avia-bg-style-scroll container_wrap fullsize'  ><div class='container av-section-cont-open' ><div class='template-page content  av-content-full alpha units'><div class='post-entry post-entry-type-page post-entry-4780'><div class='entry-content-wrapper clearfix'>\n\n<style type=\"text\/css\" data-created_by=\"avia_inline_auto\" id=\"style-css-av-1zubm-cf8dd5eea0f9c55c19c0ef078ddbcf82\">\n#top .flex_column.av-1zubm-cf8dd5eea0f9c55c19c0ef078ddbcf82{\nmargin-top:-200px;\nmargin-bottom:-200px;\n}\n.flex_column.av-1zubm-cf8dd5eea0f9c55c19c0ef078ddbcf82{\nborder-radius:0px 0px 0px 0px;\npadding:30px 30px 30px 30px;\nbackground-color:#ffffff;\n}\n.responsive #top #wrap_all .flex_column.av-1zubm-cf8dd5eea0f9c55c19c0ef078ddbcf82{\nmargin-top:-200px;\nmargin-bottom:-200px;\n}\n<\/style>\n<div  class='flex_column av-1zubm-cf8dd5eea0f9c55c19c0ef078ddbcf82 av_one_full  avia-builder-el-2  el_before_av_one_half  avia-builder-el-first  first flex_column_div  '     ><style type=\"text\/css\" data-created_by=\"avia_inline_auto\" id=\"style-css-av-11lwy-f857a5c8634ff9dc95986ff1edd08f0f\">\n#top .av-special-heading.av-11lwy-f857a5c8634ff9dc95986ff1edd08f0f{\nmargin:30px 0 0 0;\npadding-bottom:10px;\n}\nbody .av-special-heading.av-11lwy-f857a5c8634ff9dc95986ff1edd08f0f .av-special-heading-tag .heading-char{\nfont-size:25px;\n}\n.av-special-heading.av-11lwy-f857a5c8634ff9dc95986ff1edd08f0f .av-subheading{\nfont-size:15px;\n}\n<\/style>\n<div  class='av-special-heading av-11lwy-f857a5c8634ff9dc95986ff1edd08f0f av-special-heading-h1 blockquote modern-quote modern-centered  avia-builder-el-3  avia-builder-el-no-sibling '><h1 class='av-special-heading-tag'  itemprop=\"headline\"  >Medycyna og\u00f3lna<\/h1><div class=\"special-heading-border\"><div class=\"special-heading-inner-border\"><\/div><\/div><\/div><\/div>\n<style type=\"text\/css\" data-created_by=\"avia_inline_auto\" id=\"style-css-av-2ak7a-061d84792a54ec6468c8f4e314fb91bf\">\n.flex_column.av-2ak7a-061d84792a54ec6468c8f4e314fb91bf{\nborder-radius:0px 0px 0px 0px;\npadding:0px 0px 0px 0px;\n}\n<\/style>\n<div  class='flex_column av-2ak7a-061d84792a54ec6468c8f4e314fb91bf av_one_half  avia-builder-el-4  el_after_av_one_full  el_before_av_one_half  first flex_column_div av-zero-column-padding  column-top-margin'     ><section  class='av_textblock_section av-2y26u-98ee0f6d0072deae0e39143c5e6b8327 '   itemscope=\"itemscope\" itemtype=\"https:\/\/schema.org\/CreativeWork\" ><div class='avia_textblock'  itemprop=\"text\" ><ul>\n<li>GP\/lekarz rodzinny<\/li>\n<li>medycyna \u017cywieniowa<\/li>\n<li>Dokument<\/li>\n<li>medycyna zapobiegawcza<\/li>\n<li>umiej\u0119tno\u015b\u0107 prowadzenia pojazdu<\/li>\n<li>medycyna podr\u00f3\u017cy<\/li>\n<li>diagnostyka i terapia<\/li>\n<li>Opieka medyczna i opieka rodzinna<\/li>\n<li>Udzia\u0142 w DMP (Program Zarz\u0105dzania Chorobami): Cukrzyca<\/li>\n<li>Medycyna \u017cywieniowa i porady \u017cywieniowe<\/li>\n<li>hipertensjologia<\/li>\n<li>Szczepienia i porady szczepie\u0144 w ramach umowy z lekarzem ustawowego ubezpieczenia zdrowotnego<\/li>\n<li>EKG spoczynkowe<\/li>\n<li>test czynno\u015bci p\u0142uc<\/li>\n<li>Badania krwi, stolca i moczu<\/li>\n<li>laboratorium<\/li>\n<\/ul>\n<\/div><\/section><\/div>\n<style type=\"text\/css\" data-created_by=\"avia_inline_auto\" id=\"style-css-av-5evy-6982df8cab73cfc43dd8340fe2b04a15\">\n.flex_column.av-5evy-6982df8cab73cfc43dd8340fe2b04a15{\nborder-radius:0px 0px 0px 0px;\npadding:0px 0px 0px 0px;\n}\n<\/style>\n<div  class='flex_column av-5evy-6982df8cab73cfc43dd8340fe2b04a15 av_one_half  avia-builder-el-6  el_after_av_one_half  avia-builder-el-last  flex_column_div av-zero-column-padding  column-top-margin'     ><p>\n<style type=\"text\/css\" data-created_by=\"avia_inline_auto\" id=\"style-css-av-l80bh8l0-6eb72beed6edebadb444ab1f23d78a6b\">\n#top .av-special-heading.av-l80bh8l0-6eb72beed6edebadb444ab1f23d78a6b{\npadding-bottom:10px;\nfont-size:22px;\n}\nbody .av-special-heading.av-l80bh8l0-6eb72beed6edebadb444ab1f23d78a6b .av-special-heading-tag .heading-char{\nfont-size:25px;\n}\n#top #wrap_all .av-special-heading.av-l80bh8l0-6eb72beed6edebadb444ab1f23d78a6b .av-special-heading-tag{\nfont-size:22px;\n}\n.av-special-heading.av-l80bh8l0-6eb72beed6edebadb444ab1f23d78a6b .av-subheading{\nfont-size:15px;\n}\n\n@media only screen and (min-width: 480px) and (max-width: 767px){ \n#top #wrap_all .av-special-heading.av-l80bh8l0-6eb72beed6edebadb444ab1f23d78a6b .av-special-heading-tag{\nfont-size:0.8em;\n}\n}\n\n@media only screen and (max-width: 479px){ \n#top #wrap_all .av-special-heading.av-l80bh8l0-6eb72beed6edebadb444ab1f23d78a6b .av-special-heading-tag{\nfont-size:0.8em;\n}\n}\n<\/style>\n<div  class='av-special-heading av-l80bh8l0-6eb72beed6edebadb444ab1f23d78a6b av-special-heading-h2 blockquote modern-quote  avia-builder-el-7  el_before_av_textblock  avia-builder-el-first  av-inherit-size'><h2 class='av-special-heading-tag'  itemprop=\"headline\"  >Opr\u00f3cz us\u0142ug \u015bwiadczonych przez lekarzy ustawowego ubezpieczenia zdrowotnego oferujemy porady i leczenie w zakresie:<\/h2><div class=\"special-heading-border\"><div class=\"special-heading-inner-border\"><\/div><\/div><\/div><br \/>\n<section  class='av_textblock_section av-1bc2i-444e7c559296c8dd503556944f7546ba '   itemscope=\"itemscope\" itemtype=\"https:\/\/schema.org\/CreativeWork\" ><div class='avia_textblock'  itemprop=\"text\" ><ul>\n<li>medycyna podr\u00f3\u017cy<\/li>\n<li>Badania wczesnego wykrywania dzieci (U2 do U11)<\/li>\n<li>Badanie zdrowia m\u0142odzie\u017cy (J1\/J2)<\/li>\n<li>Kontrola zdrowia dla doros\u0142ych<\/li>\n<li>Dochodzenie w sprawie ochrony zatrudnienia m\u0142odzie\u017cy<\/li>\n<li>Badanie wczesnego wykrywania raka Badanie przesiewowe Haemocult\/rak sk\u00f3ry<\/li>\n<li>Certyfikat medyczny<\/li>\n<li>opryskiwanie narastaj\u0105ce<\/li>\n<li>certyfikat sportowy<\/li>\n<li>Egzamin na prawo jazdy<\/li>\n<li>testy laboratoryjne<\/li>\n<li>szczepienia podr\u00f3\u017cne<\/li>\n<li>badanie lekarskie<\/li>\n<li>Dochodzenia ubezpieczeniowe (np. prywatny KV, raporty, sprzeczno\u015bci)<\/li>\n<li>Instrukcja ochrony przed infekcjami (certyfikat \u017cywno\u015bci wg \u00a743)<\/li>\n<li>Indywidualne porady \u017cywieniowe<\/li>\n<\/ul>\n<\/div><\/section><\/p><\/div>\n<\/div><\/div><\/div><!-- close content main div --><\/div><\/div><div id='after_section_2'  class='main_color av_default_container_wrap container_wrap fullsize'  ><div class='container av-section-cont-open' ><div class='template-page content  av-content-full alpha units'><div class='post-entry post-entry-type-page post-entry-4780'><div class='entry-content-wrapper clearfix'>\n\n<style type=\"text\/css\" data-created_by=\"avia_inline_auto\" id=\"style-css-av-alegv-7ebd99b73f71953e2f21b589305c722f\">\n.flex_column.av-alegv-7ebd99b73f71953e2f21b589305c722f{\nborder-radius:0px 0px 0px 0px;\npadding:0px 0px 0px 0px;\n}\n<\/style>\n<div  class='flex_column av-alegv-7ebd99b73f71953e2f21b589305c722f av_one_full  avia-builder-el-9  el_after_av_section  avia-builder-el-no-sibling  first flex_column_div av-zero-column-padding  '     ><div  id=\"av-sc-portfolio-1\"  class=' grid-sort-container isotope   no_margin-container with-excerpt-container grid-total-odd grid-col-2 grid-links-' data-portfolio-id='1'><div data-ajax-id='6884' class=' grid-entry flex_column isotope-item all_sort no_margin post-entry post-entry-6884 grid-entry-overview grid-loop-1 grid-parity-odd  post-entry-last  medycyna-ogolna_sort  av_one_half first default_av_fullwidth '><article class='main_color inner-entry'  itemscope=\"itemscope\" itemtype=\"https:\/\/schema.org\/CreativeWork\" ><a href=\"https:\/\/www.hasert-haut.de\/pl\/leistungen\/radiologia-diagnostyczna\/\" title='Radiologia diagnostyczna'  data-rel='grid-1' class='grid-image avia-hover-fx'> <img decoding=\"async\" fetchpriority=\"high\" width=\"495\" height=\"400\" src=\"https:\/\/www.hasert-haut.de\/wp-content\/uploads\/2015\/01\/Laserhaarentfernung-495x400.jpg\" class=\"wp-image-4238 avia-img-lazy-loading-not-4238 attachment-portfolio size-portfolio wp-post-image\" alt=\"\" \/><\/a><div class='grid-content'><div class='avia-arrow'><\/div><header class=\"entry-content-header\"><h3 class='grid-entry-title entry-title '  itemprop=\"headline\" ><a href='https:\/\/www.hasert-haut.de\/pl\/leistungen\/radiologia-diagnostyczna\/' title='Radiologia diagnostyczna'>Radiologia diagnostyczna<\/a><\/h3><\/header><div class='grid-entry-excerpt entry-content'  itemprop=\"text\" >Opr\u00f3cz us\u0142ug gabinetu dermatologicznego nasza przychodnia oferuje r\u00f3wnie\u017c us\u0142ugi z zakresu radiologii diagnostycznej.<\/div><\/div><footer class=\"entry-footer\"><\/footer><\/article><\/div><\/div><\/div>\n","protected":false},"excerpt":{"rendered":"<p>Opr\u00f3cz zabieg\u00f3w w gabinecie dermatologicznym, nasza przychodnia oferuje r\u00f3wnie\u017c wszystkie us\u0142ugi medycyny og\u00f3lnej.<\/p>\n","protected":false},"author":1,"featured_media":4236,"parent":0,"menu_order":0,"comment_status":"closed","ping_status":"closed","template":"","meta":{"footnotes":""},"class_list":["post-4780","page","type-page","status-publish","has-post-thumbnail","hentry"],"yoast_head":"<!-- This site is optimized with the Yoast SEO plugin v25.3.1 - https:\/\/yoast.com\/wordpress\/plugins\/seo\/ -->\n<title>Medycyna og\u00f3lna | Dermatolog dr Hasert Berlin-Mitte<\/title>\n<meta name=\"description\" content=\"Opr\u00f3cz zabieg\u00f3w w gabinecie dermatologicznym, nasza przychodnia oferuje r\u00f3wnie\u017c wszystkie us\u0142ugi medycyny og\u00f3lnej.\" \/>\n<meta name=\"robots\" content=\"index, follow, max-snippet:-1, max-image-preview:large, max-video-preview:-1\" \/>\n<link rel=\"canonical\" href=\"https:\/\/www.hasert-haut.de\/pl\/medycyna-ogolna\/\" \/>\n<meta property=\"og:locale\" content=\"pl_PL\" \/>\n<meta property=\"og:type\" content=\"article\" \/>\n<meta property=\"og:title\" content=\"Medycyna og\u00f3lna | Dermatolog dr Hasert Berlin-Mitte\" \/>\n<meta property=\"og:description\" content=\"Opr\u00f3cz zabieg\u00f3w w gabinecie dermatologicznym, nasza przychodnia oferuje r\u00f3wnie\u017c wszystkie us\u0142ugi medycyny og\u00f3lnej.\" \/>\n<meta property=\"og:url\" content=\"https:\/\/www.hasert-haut.de\/pl\/medycyna-ogolna\/\" \/>\n<meta property=\"og:site_name\" content=\"Hautarzt Berlin - Praxisklinik Dr. Hasert\" \/>\n<meta property=\"article:modified_time\" content=\"2025-06-30T11:36:35+00:00\" \/>\n<meta property=\"og:image\" content=\"https:\/\/www.hasert-haut.de\/wp-content\/uploads\/2015\/01\/Allgemeinmedizin1.jpg\" \/>\n\t<meta property=\"og:image:width\" content=\"1000\" \/>\n\t<meta property=\"og:image:height\" content=\"500\" \/>\n\t<meta property=\"og:image:type\" content=\"image\/jpeg\" \/>\n<meta name=\"twitter:label1\" content=\"Szacowany czas czytania\" \/>\n\t<meta name=\"twitter:data1\" content=\"6 minut\" \/>\n<script type=\"application\/ld+json\" class=\"yoast-schema-graph\">{\"@context\":\"https:\/\/schema.org\",\"@graph\":[{\"@type\":\"WebPage\",\"@id\":\"https:\/\/www.hasert-haut.de\/pl\/medycyna-ogolna\/\",\"url\":\"https:\/\/www.hasert-haut.de\/pl\/medycyna-ogolna\/\",\"name\":\"Medycyna og\u00f3lna | Dermatolog dr Hasert Berlin-Mitte\",\"isPartOf\":{\"@id\":\"https:\/\/www.hasert-haut.de\/pl\/#website\"},\"primaryImageOfPage\":{\"@id\":\"https:\/\/www.hasert-haut.de\/pl\/medycyna-ogolna\/#primaryimage\"},\"image\":{\"@id\":\"https:\/\/www.hasert-haut.de\/pl\/medycyna-ogolna\/#primaryimage\"},\"thumbnailUrl\":\"https:\/\/www.hasert-haut.de\/wp-content\/uploads\/2015\/01\/Allgemeinmedizin1.jpg\",\"datePublished\":\"2015-01-20T15:06:12+00:00\",\"dateModified\":\"2025-06-30T11:36:35+00:00\",\"description\":\"Opr\u00f3cz zabieg\u00f3w w gabinecie dermatologicznym, nasza przychodnia oferuje r\u00f3wnie\u017c wszystkie us\u0142ugi medycyny og\u00f3lnej.\",\"breadcrumb\":{\"@id\":\"https:\/\/www.hasert-haut.de\/pl\/medycyna-ogolna\/#breadcrumb\"},\"inLanguage\":\"pl-PL\",\"potentialAction\":[{\"@type\":\"ReadAction\",\"target\":[\"https:\/\/www.hasert-haut.de\/pl\/medycyna-ogolna\/\"]}]},{\"@type\":\"ImageObject\",\"inLanguage\":\"pl-PL\",\"@id\":\"https:\/\/www.hasert-haut.de\/pl\/medycyna-ogolna\/#primaryimage\",\"url\":\"https:\/\/www.hasert-haut.de\/wp-content\/uploads\/2015\/01\/Allgemeinmedizin1.jpg\",\"contentUrl\":\"https:\/\/www.hasert-haut.de\/wp-content\/uploads\/2015\/01\/Allgemeinmedizin1.jpg\",\"width\":1000,\"height\":500,\"caption\":\"Allgemeinmedizin - Praxisklinik Dr. Hasert Berlin - Hautarzt\"},{\"@type\":\"BreadcrumbList\",\"@id\":\"https:\/\/www.hasert-haut.de\/pl\/medycyna-ogolna\/#breadcrumb\",\"itemListElement\":[{\"@type\":\"ListItem\",\"position\":1,\"name\":\"Home\",\"item\":\"https:\/\/www.hasert-haut.de\/pl\/powitanie\/\"},{\"@type\":\"ListItem\",\"position\":2,\"name\":\"Medycyna og\u00f3lna\"}]},{\"@type\":\"WebSite\",\"@id\":\"https:\/\/www.hasert-haut.de\/pl\/#website\",\"url\":\"https:\/\/www.hasert-haut.de\/pl\/\",\"name\":\"Hautarzt Berlin - Praxisklinik Dr. Hasert\",\"description\":\"Hautarzt, Allgemeinmedizin\",\"potentialAction\":[{\"@type\":\"SearchAction\",\"target\":{\"@type\":\"EntryPoint\",\"urlTemplate\":\"https:\/\/www.hasert-haut.de\/pl\/?s={search_term_string}\"},\"query-input\":{\"@type\":\"PropertyValueSpecification\",\"valueRequired\":true,\"valueName\":\"search_term_string\"}}],\"inLanguage\":\"pl-PL\"}]}<\/script>\n<!-- \/ Yoast SEO plugin. -->","yoast_head_json":{"title":"Medycyna og\u00f3lna | Dermatolog dr Hasert Berlin-Mitte","description":"Opr\u00f3cz zabieg\u00f3w w gabinecie dermatologicznym, nasza przychodnia oferuje r\u00f3wnie\u017c wszystkie us\u0142ugi medycyny og\u00f3lnej.","robots":{"index":"index","follow":"follow","max-snippet":"max-snippet:-1","max-image-preview":"max-image-preview:large","max-video-preview":"max-video-preview:-1"},"canonical":"https:\/\/www.hasert-haut.de\/pl\/medycyna-ogolna\/","og_locale":"pl_PL","og_type":"article","og_title":"Medycyna og\u00f3lna | Dermatolog dr Hasert Berlin-Mitte","og_description":"Opr\u00f3cz zabieg\u00f3w w gabinecie dermatologicznym, nasza przychodnia oferuje r\u00f3wnie\u017c wszystkie us\u0142ugi medycyny og\u00f3lnej.","og_url":"https:\/\/www.hasert-haut.de\/pl\/medycyna-ogolna\/","og_site_name":"Hautarzt Berlin - Praxisklinik Dr. Hasert","article_modified_time":"2025-06-30T11:36:35+00:00","og_image":[{"width":1000,"height":500,"url":"https:\/\/www.hasert-haut.de\/wp-content\/uploads\/2015\/01\/Allgemeinmedizin1.jpg","type":"image\/jpeg"}],"twitter_misc":{"Szacowany czas czytania":"6 minut"},"schema":{"@context":"https:\/\/schema.org","@graph":[{"@type":"WebPage","@id":"https:\/\/www.hasert-haut.de\/pl\/medycyna-ogolna\/","url":"https:\/\/www.hasert-haut.de\/pl\/medycyna-ogolna\/","name":"Medycyna og\u00f3lna | Dermatolog dr Hasert Berlin-Mitte","isPartOf":{"@id":"https:\/\/www.hasert-haut.de\/pl\/#website"},"primaryImageOfPage":{"@id":"https:\/\/www.hasert-haut.de\/pl\/medycyna-ogolna\/#primaryimage"},"image":{"@id":"https:\/\/www.hasert-haut.de\/pl\/medycyna-ogolna\/#primaryimage"},"thumbnailUrl":"https:\/\/www.hasert-haut.de\/wp-content\/uploads\/2015\/01\/Allgemeinmedizin1.jpg","datePublished":"2015-01-20T15:06:12+00:00","dateModified":"2025-06-30T11:36:35+00:00","description":"Opr\u00f3cz zabieg\u00f3w w gabinecie dermatologicznym, nasza przychodnia oferuje r\u00f3wnie\u017c wszystkie us\u0142ugi medycyny og\u00f3lnej.","breadcrumb":{"@id":"https:\/\/www.hasert-haut.de\/pl\/medycyna-ogolna\/#breadcrumb"},"inLanguage":"pl-PL","potentialAction":[{"@type":"ReadAction","target":["https:\/\/www.hasert-haut.de\/pl\/medycyna-ogolna\/"]}]},{"@type":"ImageObject","inLanguage":"pl-PL","@id":"https:\/\/www.hasert-haut.de\/pl\/medycyna-ogolna\/#primaryimage","url":"https:\/\/www.hasert-haut.de\/wp-content\/uploads\/2015\/01\/Allgemeinmedizin1.jpg","contentUrl":"https:\/\/www.hasert-haut.de\/wp-content\/uploads\/2015\/01\/Allgemeinmedizin1.jpg","width":1000,"height":500,"caption":"Allgemeinmedizin - Praxisklinik Dr. Hasert Berlin - Hautarzt"},{"@type":"BreadcrumbList","@id":"https:\/\/www.hasert-haut.de\/pl\/medycyna-ogolna\/#breadcrumb","itemListElement":[{"@type":"ListItem","position":1,"name":"Home","item":"https:\/\/www.hasert-haut.de\/pl\/powitanie\/"},{"@type":"ListItem","position":2,"name":"Medycyna og\u00f3lna"}]},{"@type":"WebSite","@id":"https:\/\/www.hasert-haut.de\/pl\/#website","url":"https:\/\/www.hasert-haut.de\/pl\/","name":"Hautarzt Berlin - Praxisklinik Dr. Hasert","description":"Hautarzt, Allgemeinmedizin","potentialAction":[{"@type":"SearchAction","target":{"@type":"EntryPoint","urlTemplate":"https:\/\/www.hasert-haut.de\/pl\/?s={search_term_string}"},"query-input":{"@type":"PropertyValueSpecification","valueRequired":true,"valueName":"search_term_string"}}],"inLanguage":"pl-PL"}]}},"_links":{"self":[{"href":"https:\/\/www.hasert-haut.de\/pl\/wp-json\/wp\/v2\/pages\/4780","targetHints":{"allow":["GET"]}}],"collection":[{"href":"https:\/\/www.hasert-haut.de\/pl\/wp-json\/wp\/v2\/pages"}],"about":[{"href":"https:\/\/www.hasert-haut.de\/pl\/wp-json\/wp\/v2\/types\/page"}],"author":[{"embeddable":true,"href":"https:\/\/www.hasert-haut.de\/pl\/wp-json\/wp\/v2\/users\/1"}],"replies":[{"embeddable":true,"href":"https:\/\/www.hasert-haut.de\/pl\/wp-json\/wp\/v2\/comments?post=4780"}],"version-history":[{"count":14,"href":"https:\/\/www.hasert-haut.de\/pl\/wp-json\/wp\/v2\/pages\/4780\/revisions"}],"predecessor-version":[{"id":12578,"href":"https:\/\/www.hasert-haut.de\/pl\/wp-json\/wp\/v2\/pages\/4780\/revisions\/12578"}],"wp:featuredmedia":[{"embeddable":true,"href":"https:\/\/www.hasert-haut.de\/pl\/wp-json\/wp\/v2\/media\/4236"}],"wp:attachment":[{"href":"https:\/\/www.hasert-haut.de\/pl\/wp-json\/wp\/v2\/media?parent=4780"}],"curies":[{"name":"wp","href":"https:\/\/api.w.org\/{rel}","templated":true}]}}