{"id":6259,"date":"2015-01-20T15:06:12","date_gmt":"2015-01-20T15:06:12","guid":{"rendered":"https:\/\/www.hasert-haut.de\/allgemeinmedizin\/"},"modified":"2022-12-27T11:03:27","modified_gmt":"2022-12-27T11:03:27","slug":"medicina-generala","status":"publish","type":"page","link":"https:\/\/www.hasert-haut.de\/ro\/medicina-generala\/","title":{"rendered":"Medicina generala"},"content":{"rendered":"\n<style type=\"text\/css\" data-created_by=\"avia_inline_auto\" id=\"style-css-av-l80b1hn9-ec4016f705bb7e471f5435996723305a\">\n.avia-section.av-l80b1hn9-ec4016f705bb7e471f5435996723305a{\nbackground-repeat:no-repeat;\nbackground-image:url(https:\/\/www.hasert-haut.de\/wp-content\/uploads\/2015\/01\/Allgemeinmedizin1.jpg);\nbackground-position:50% 100%;\nbackground-attachment:scroll;\n}\n<\/style>\n<div id='av_section_1'  class='avia-section av-l80b1hn9-ec4016f705bb7e471f5435996723305a main_color avia-section-default avia-no-border-styling  avia-builder-el-0  el_before_av_section  avia-builder-el-first  avia-full-stretch avia-bg-style-scroll av-minimum-height av-minimum-height-50 av-height-50  container_wrap fullsize'  data-section-bg-repeat='stretch' data-av_minimum_height_pc='50' data-av_min_height_opt='50'><div class='container av-section-cont-open' ><main  role=\"main\" itemprop=\"mainContentOfPage\"  class='template-page content  av-content-full alpha units'><div class='post-entry post-entry-type-page post-entry-6259'><div class='entry-content-wrapper clearfix'>\n<\/div><\/div><\/main><!-- close content main element --><\/div><\/div><div id='av_section_2'  class='avia-section av-1c52y-6705d96d726e34f30075afd1c9f98823 main_color avia-section-huge avia-no-border-styling  avia-builder-el-1  el_after_av_section  el_before_av_one_full  avia-bg-style-scroll container_wrap fullsize'  ><div class='container av-section-cont-open' ><div class='template-page content  av-content-full alpha units'><div class='post-entry post-entry-type-page post-entry-6259'><div class='entry-content-wrapper clearfix'>\n\n<style type=\"text\/css\" data-created_by=\"avia_inline_auto\" id=\"style-css-av-1zubm-cf8dd5eea0f9c55c19c0ef078ddbcf82\">\n#top .flex_column.av-1zubm-cf8dd5eea0f9c55c19c0ef078ddbcf82{\nmargin-top:-200px;\nmargin-bottom:-200px;\n}\n.flex_column.av-1zubm-cf8dd5eea0f9c55c19c0ef078ddbcf82{\nborder-radius:0px 0px 0px 0px;\npadding:30px 30px 30px 30px;\nbackground-color:#ffffff;\n}\n.responsive #top #wrap_all .flex_column.av-1zubm-cf8dd5eea0f9c55c19c0ef078ddbcf82{\nmargin-top:-200px;\nmargin-bottom:-200px;\n}\n<\/style>\n<div  class='flex_column av-1zubm-cf8dd5eea0f9c55c19c0ef078ddbcf82 av_one_full  avia-builder-el-2  el_before_av_one_half  avia-builder-el-first  first flex_column_div  '     ><style type=\"text\/css\" data-created_by=\"avia_inline_auto\" id=\"style-css-av-11lwy-0e3999ac582927eb23574b8a20c560af\">\n#top .av-special-heading.av-11lwy-0e3999ac582927eb23574b8a20c560af{\nmargin:30px 0 0 0;\npadding-bottom:10px;\n}\nbody .av-special-heading.av-11lwy-0e3999ac582927eb23574b8a20c560af .av-special-heading-tag .heading-char{\nfont-size:25px;\n}\n.av-special-heading.av-11lwy-0e3999ac582927eb23574b8a20c560af .av-subheading{\nfont-size:15px;\n}\n<\/style>\n<div  class='av-special-heading av-11lwy-0e3999ac582927eb23574b8a20c560af av-special-heading-h1 blockquote modern-quote modern-centered  avia-builder-el-3  avia-builder-el-no-sibling '><h1 class='av-special-heading-tag'  itemprop=\"headline\"  >Medicina generala<\/h1><div class=\"special-heading-border\"><div class=\"special-heading-inner-border\"><\/div><\/div><\/div><\/div>\n<style type=\"text\/css\" data-created_by=\"avia_inline_auto\" id=\"style-css-av-2ak7a-061d84792a54ec6468c8f4e314fb91bf\">\n.flex_column.av-2ak7a-061d84792a54ec6468c8f4e314fb91bf{\nborder-radius:0px 0px 0px 0px;\npadding:0px 0px 0px 0px;\n}\n<\/style>\n<div  class='flex_column av-2ak7a-061d84792a54ec6468c8f4e314fb91bf av_one_half  avia-builder-el-4  el_after_av_one_full  el_before_av_one_half  first flex_column_div av-zero-column-padding  column-top-margin'     ><section  class='av_textblock_section av-2y26u-98ee0f6d0072deae0e39143c5e6b8327 '   itemscope=\"itemscope\" itemtype=\"https:\/\/schema.org\/CreativeWork\" ><div class='avia_textblock'  itemprop=\"text\" ><ul>\n<li>medic de familie\/medic de familie<\/li>\n<li>medicina nutritionala<\/li>\n<li>Document<\/li>\n<li>Medicina preventiva<\/li>\n<li>capacitatea de conducere<\/li>\n<li>medicina de c\u0103l\u0103torie<\/li>\n<li>diagnostic si terapie<\/li>\n<li>Tratament medical \u0219i \u00eengrijire familial\u0103<\/li>\n<li>Participarea la DMP (Disease Management Program): Diabet zaharat<\/li>\n<li>Medicina nutritionala si sfaturi nutritionale<\/li>\n<li>hipertensiologie<\/li>\n<li>Vaccin\u0103ri \u0219i sfaturi de vaccinare ca parte a acordului cu medicul de asigur\u0103ri de s\u0103n\u0103tate statutare<\/li>\n<li>ECG de repaus<\/li>\n<li>testul func\u021biei pulmonare<\/li>\n<li>Teste de s\u00e2nge, scaun \u0219i urin\u0103<\/li>\n<li>laborator<\/li>\n<\/ul>\n<\/div><\/section><\/div>\n<style type=\"text\/css\" data-created_by=\"avia_inline_auto\" id=\"style-css-av-5evy-6982df8cab73cfc43dd8340fe2b04a15\">\n.flex_column.av-5evy-6982df8cab73cfc43dd8340fe2b04a15{\nborder-radius:0px 0px 0px 0px;\npadding:0px 0px 0px 0px;\n}\n<\/style>\n<div  class='flex_column av-5evy-6982df8cab73cfc43dd8340fe2b04a15 av_one_half  avia-builder-el-6  el_after_av_one_half  avia-builder-el-last  flex_column_div av-zero-column-padding  column-top-margin'     ><p>\n<style type=\"text\/css\" data-created_by=\"avia_inline_auto\" id=\"style-css-av-l80bh8l0-616a9f1912c1c48b847970ef01408ec2\">\n#top .av-special-heading.av-l80bh8l0-616a9f1912c1c48b847970ef01408ec2{\npadding-bottom:10px;\nfont-size:22px;\n}\nbody .av-special-heading.av-l80bh8l0-616a9f1912c1c48b847970ef01408ec2 .av-special-heading-tag .heading-char{\nfont-size:25px;\n}\n#top #wrap_all .av-special-heading.av-l80bh8l0-616a9f1912c1c48b847970ef01408ec2 .av-special-heading-tag{\nfont-size:22px;\n}\n.av-special-heading.av-l80bh8l0-616a9f1912c1c48b847970ef01408ec2 .av-subheading{\nfont-size:15px;\n}\n\n@media only screen and (min-width: 480px) and (max-width: 767px){ \n#top #wrap_all .av-special-heading.av-l80bh8l0-616a9f1912c1c48b847970ef01408ec2 .av-special-heading-tag{\nfont-size:0.8em;\n}\n}\n\n@media only screen and (max-width: 479px){ \n#top #wrap_all .av-special-heading.av-l80bh8l0-616a9f1912c1c48b847970ef01408ec2 .av-special-heading-tag{\nfont-size:0.8em;\n}\n}\n<\/style>\n<div  class='av-special-heading av-l80bh8l0-616a9f1912c1c48b847970ef01408ec2 av-special-heading-h2 blockquote modern-quote  avia-builder-el-7  el_before_av_textblock  avia-builder-el-first  av-inherit-size'><h2 class='av-special-heading-tag'  itemprop=\"headline\"  >Pe l\u00e2ng\u0103 serviciile oferite de medicii de asigur\u0103ri legale de s\u0103n\u0103tate, oferim consultan\u021b\u0103 \u0219i tratament \u00een:<\/h2><div class=\"special-heading-border\"><div class=\"special-heading-inner-border\"><\/div><\/div><\/div><br \/>\n<section  class='av_textblock_section av-1bc2i-444e7c559296c8dd503556944f7546ba '   itemscope=\"itemscope\" itemtype=\"https:\/\/schema.org\/CreativeWork\" ><div class='avia_textblock'  itemprop=\"text\" ><ul>\n<li>medicina de c\u0103l\u0103torie<\/li>\n<li>Examin\u0103ri de detectare precoce pentru copii (U2 p\u00e2n\u0103 la U11)<\/li>\n<li>Examinarea s\u0103n\u0103t\u0103\u021bii adolescen\u021bilor (J1\/J2)<\/li>\n<li>Controlul de s\u0103n\u0103tate pentru adul\u021bi<\/li>\n<li>Ancheta privind protec\u021bia for\u021bei de munc\u0103 pentru tineri<\/li>\n<li>Examinare de depistare precoce a cancerului Haemocult\/screening cancerului de piele<\/li>\n<li>Certificat medical<\/li>\n<li>pulverizare de acumulare<\/li>\n<li>certificat sportiv<\/li>\n<li>Examinarea permisului de conducere<\/li>\n<li>teste de laborator<\/li>\n<li>vaccin\u0103ri de c\u0103l\u0103torie<\/li>\n<li>examen medical<\/li>\n<li>Investiga\u021bii de asigur\u0103ri (de exemplu, KV privat, rapoarte, contradic\u021bii)<\/li>\n<li>Instruc\u021biuni privind protec\u021bia \u00eempotriva infec\u021biilor (certificat alimentar conform \u00a743)<\/li>\n<li>Sfaturi nutri\u021bionale individuale<\/li>\n<\/ul>\n<\/div><\/section><\/p><\/div>\n<\/div><\/div><\/div><!-- close content main div --><\/div><\/div><div id='after_section_2'  class='main_color av_default_container_wrap container_wrap fullsize'  ><div class='container av-section-cont-open' ><div class='template-page content  av-content-full alpha units'><div class='post-entry post-entry-type-page post-entry-6259'><div class='entry-content-wrapper clearfix'>\n\n<style type=\"text\/css\" data-created_by=\"avia_inline_auto\" id=\"style-css-av-alegv-7ebd99b73f71953e2f21b589305c722f\">\n.flex_column.av-alegv-7ebd99b73f71953e2f21b589305c722f{\nborder-radius:0px 0px 0px 0px;\npadding:0px 0px 0px 0px;\n}\n<\/style>\n<div  class='flex_column av-alegv-7ebd99b73f71953e2f21b589305c722f av_one_full  avia-builder-el-9  el_after_av_section  avia-builder-el-no-sibling  first flex_column_div av-zero-column-padding  '     ><div  id=\"av-sc-portfolio-1\"  class=' grid-sort-container isotope   no_margin-container with-excerpt-container grid-total-odd grid-col-2 grid-links-' data-portfolio-id='1'><div data-ajax-id='6885' class=' grid-entry flex_column isotope-item all_sort no_margin post-entry post-entry-6885 grid-entry-overview grid-loop-1 grid-parity-odd  post-entry-last  medicina-generala_sort  av_one_half first default_av_fullwidth '><article class='main_color inner-entry'  itemscope=\"itemscope\" itemtype=\"https:\/\/schema.org\/CreativeWork\" ><a href=\"https:\/\/www.hasert-haut.de\/ro\/leistungen\/radiologie-diagnostic\/\" title='Radiologie diagnostic'  data-rel='grid-1' class='grid-image avia-hover-fx'> <img decoding=\"async\" fetchpriority=\"high\" width=\"495\" height=\"400\" src=\"https:\/\/www.hasert-haut.de\/wp-content\/uploads\/2015\/01\/Laserhaarentfernung-495x400.jpg\" class=\"wp-image-5934 avia-img-lazy-loading-not-5934 attachment-portfolio size-portfolio wp-post-image\" alt=\"\" \/><\/a><div class='grid-content'><div class='avia-arrow'><\/div><header class=\"entry-content-header\"><h3 class='grid-entry-title entry-title '  itemprop=\"headline\" ><a href='https:\/\/www.hasert-haut.de\/ro\/leistungen\/radiologie-diagnostic\/' title='Radiologie diagnostic'>Radiologie diagnostic<\/a><\/h3><\/header><div class='grid-entry-excerpt entry-content'  itemprop=\"text\" >Pe langa serviciile unui cabinet de dermatologie, clinica noastra de practica ofera si servicii de radiologie diagnostica.<\/div><\/div><footer class=\"entry-footer\"><\/footer><\/article><\/div><\/div><\/div>\n","protected":false},"excerpt":{"rendered":"<p>Pe langa tratamentele dintr-un cabinet de dermatologie, clinica noastra de practica ofera si toate serviciile de medicina generala.<\/p>\n","protected":false},"author":1,"featured_media":5932,"parent":0,"menu_order":0,"comment_status":"closed","ping_status":"closed","template":"","meta":{"footnotes":""},"class_list":["post-6259","page","type-page","status-publish","has-post-thumbnail","hentry"],"yoast_head":"<!-- This site is optimized with the Yoast SEO plugin v25.3.1 - https:\/\/yoast.com\/wordpress\/plugins\/seo\/ -->\n<title>Medicina generala | dermatolog dr Raoul Hasert Berlin<\/title>\n<meta name=\"description\" content=\"Pe langa tratamentele dintr-un cabinet de dermatologie, clinica noastra de practica ofera si toate serviciile de medicina generala.\" \/>\n<meta name=\"robots\" content=\"index, follow, max-snippet:-1, max-image-preview:large, max-video-preview:-1\" \/>\n<link rel=\"canonical\" href=\"https:\/\/www.hasert-haut.de\/ro\/medicina-generala\/\" \/>\n<meta property=\"og:locale\" content=\"ro_RO\" \/>\n<meta property=\"og:type\" content=\"article\" \/>\n<meta property=\"og:title\" content=\"Medicina generala | dermatolog dr Raoul Hasert Berlin\" \/>\n<meta property=\"og:description\" content=\"Pe langa tratamentele dintr-un cabinet de dermatologie, clinica noastra de practica ofera si toate serviciile de medicina generala.\" \/>\n<meta property=\"og:url\" content=\"https:\/\/www.hasert-haut.de\/ro\/medicina-generala\/\" \/>\n<meta property=\"og:site_name\" content=\"Hautarzt Berlin - Praxisklinik Dr. Hasert\" \/>\n<meta property=\"article:modified_time\" content=\"2022-12-27T11:03:27+00:00\" \/>\n<meta property=\"og:image\" content=\"https:\/\/www.hasert-haut.de\/wp-content\/uploads\/2015\/01\/Allgemeinmedizin1.jpg\" \/>\n\t<meta property=\"og:image:width\" content=\"1000\" \/>\n\t<meta property=\"og:image:height\" content=\"500\" \/>\n\t<meta property=\"og:image:type\" content=\"image\/jpeg\" \/>\n<meta name=\"twitter:label1\" content=\"Timp estimat pentru citire\" \/>\n\t<meta name=\"twitter:data1\" content=\"6 minute\" \/>\n<script type=\"application\/ld+json\" class=\"yoast-schema-graph\">{\"@context\":\"https:\/\/schema.org\",\"@graph\":[{\"@type\":\"WebPage\",\"@id\":\"https:\/\/www.hasert-haut.de\/ro\/medicina-generala\/\",\"url\":\"https:\/\/www.hasert-haut.de\/ro\/medicina-generala\/\",\"name\":\"Medicina generala | dermatolog dr Raoul Hasert Berlin\",\"isPartOf\":{\"@id\":\"https:\/\/www.hasert-haut.de\/ro\/#website\"},\"primaryImageOfPage\":{\"@id\":\"https:\/\/www.hasert-haut.de\/ro\/medicina-generala\/#primaryimage\"},\"image\":{\"@id\":\"https:\/\/www.hasert-haut.de\/ro\/medicina-generala\/#primaryimage\"},\"thumbnailUrl\":\"https:\/\/www.hasert-haut.de\/wp-content\/uploads\/2015\/01\/Allgemeinmedizin1.jpg\",\"datePublished\":\"2015-01-20T15:06:12+00:00\",\"dateModified\":\"2022-12-27T11:03:27+00:00\",\"description\":\"Pe langa tratamentele dintr-un cabinet de dermatologie, clinica noastra de practica ofera si toate serviciile de medicina generala.\",\"breadcrumb\":{\"@id\":\"https:\/\/www.hasert-haut.de\/ro\/medicina-generala\/#breadcrumb\"},\"inLanguage\":\"ro-RO\",\"potentialAction\":[{\"@type\":\"ReadAction\",\"target\":[\"https:\/\/www.hasert-haut.de\/ro\/medicina-generala\/\"]}]},{\"@type\":\"ImageObject\",\"inLanguage\":\"ro-RO\",\"@id\":\"https:\/\/www.hasert-haut.de\/ro\/medicina-generala\/#primaryimage\",\"url\":\"https:\/\/www.hasert-haut.de\/wp-content\/uploads\/2015\/01\/Allgemeinmedizin1.jpg\",\"contentUrl\":\"https:\/\/www.hasert-haut.de\/wp-content\/uploads\/2015\/01\/Allgemeinmedizin1.jpg\",\"width\":1000,\"height\":500,\"caption\":\"Allgemeinmedizin - Praxisklinik Dr. Hasert Berlin - Hautarzt\"},{\"@type\":\"BreadcrumbList\",\"@id\":\"https:\/\/www.hasert-haut.de\/ro\/medicina-generala\/#breadcrumb\",\"itemListElement\":[{\"@type\":\"ListItem\",\"position\":1,\"name\":\"Home\",\"item\":\"https:\/\/www.hasert-haut.de\/ro\/bine-ati-venit\/\"},{\"@type\":\"ListItem\",\"position\":2,\"name\":\"Medicina generala\"}]},{\"@type\":\"WebSite\",\"@id\":\"https:\/\/www.hasert-haut.de\/ro\/#website\",\"url\":\"https:\/\/www.hasert-haut.de\/ro\/\",\"name\":\"Hautarzt Berlin - Praxisklinik Dr. Hasert\",\"description\":\"Hautarzt, Allgemeinmedizin\",\"potentialAction\":[{\"@type\":\"SearchAction\",\"target\":{\"@type\":\"EntryPoint\",\"urlTemplate\":\"https:\/\/www.hasert-haut.de\/ro\/?s={search_term_string}\"},\"query-input\":{\"@type\":\"PropertyValueSpecification\",\"valueRequired\":true,\"valueName\":\"search_term_string\"}}],\"inLanguage\":\"ro-RO\"}]}<\/script>\n<!-- \/ Yoast SEO plugin. -->","yoast_head_json":{"title":"Medicina generala | dermatolog dr Raoul Hasert Berlin","description":"Pe langa tratamentele dintr-un cabinet de dermatologie, clinica noastra de practica ofera si toate serviciile de medicina generala.","robots":{"index":"index","follow":"follow","max-snippet":"max-snippet:-1","max-image-preview":"max-image-preview:large","max-video-preview":"max-video-preview:-1"},"canonical":"https:\/\/www.hasert-haut.de\/ro\/medicina-generala\/","og_locale":"ro_RO","og_type":"article","og_title":"Medicina generala | dermatolog dr Raoul Hasert Berlin","og_description":"Pe langa tratamentele dintr-un cabinet de dermatologie, clinica noastra de practica ofera si toate serviciile de medicina generala.","og_url":"https:\/\/www.hasert-haut.de\/ro\/medicina-generala\/","og_site_name":"Hautarzt Berlin - Praxisklinik Dr. Hasert","article_modified_time":"2022-12-27T11:03:27+00:00","og_image":[{"width":1000,"height":500,"url":"https:\/\/www.hasert-haut.de\/wp-content\/uploads\/2015\/01\/Allgemeinmedizin1.jpg","type":"image\/jpeg"}],"twitter_misc":{"Timp estimat pentru citire":"6 minute"},"schema":{"@context":"https:\/\/schema.org","@graph":[{"@type":"WebPage","@id":"https:\/\/www.hasert-haut.de\/ro\/medicina-generala\/","url":"https:\/\/www.hasert-haut.de\/ro\/medicina-generala\/","name":"Medicina generala | dermatolog dr Raoul Hasert Berlin","isPartOf":{"@id":"https:\/\/www.hasert-haut.de\/ro\/#website"},"primaryImageOfPage":{"@id":"https:\/\/www.hasert-haut.de\/ro\/medicina-generala\/#primaryimage"},"image":{"@id":"https:\/\/www.hasert-haut.de\/ro\/medicina-generala\/#primaryimage"},"thumbnailUrl":"https:\/\/www.hasert-haut.de\/wp-content\/uploads\/2015\/01\/Allgemeinmedizin1.jpg","datePublished":"2015-01-20T15:06:12+00:00","dateModified":"2022-12-27T11:03:27+00:00","description":"Pe langa tratamentele dintr-un cabinet de dermatologie, clinica noastra de practica ofera si toate serviciile de medicina generala.","breadcrumb":{"@id":"https:\/\/www.hasert-haut.de\/ro\/medicina-generala\/#breadcrumb"},"inLanguage":"ro-RO","potentialAction":[{"@type":"ReadAction","target":["https:\/\/www.hasert-haut.de\/ro\/medicina-generala\/"]}]},{"@type":"ImageObject","inLanguage":"ro-RO","@id":"https:\/\/www.hasert-haut.de\/ro\/medicina-generala\/#primaryimage","url":"https:\/\/www.hasert-haut.de\/wp-content\/uploads\/2015\/01\/Allgemeinmedizin1.jpg","contentUrl":"https:\/\/www.hasert-haut.de\/wp-content\/uploads\/2015\/01\/Allgemeinmedizin1.jpg","width":1000,"height":500,"caption":"Allgemeinmedizin - Praxisklinik Dr. Hasert Berlin - Hautarzt"},{"@type":"BreadcrumbList","@id":"https:\/\/www.hasert-haut.de\/ro\/medicina-generala\/#breadcrumb","itemListElement":[{"@type":"ListItem","position":1,"name":"Home","item":"https:\/\/www.hasert-haut.de\/ro\/bine-ati-venit\/"},{"@type":"ListItem","position":2,"name":"Medicina generala"}]},{"@type":"WebSite","@id":"https:\/\/www.hasert-haut.de\/ro\/#website","url":"https:\/\/www.hasert-haut.de\/ro\/","name":"Hautarzt Berlin - Praxisklinik Dr. Hasert","description":"Hautarzt, Allgemeinmedizin","potentialAction":[{"@type":"SearchAction","target":{"@type":"EntryPoint","urlTemplate":"https:\/\/www.hasert-haut.de\/ro\/?s={search_term_string}"},"query-input":{"@type":"PropertyValueSpecification","valueRequired":true,"valueName":"search_term_string"}}],"inLanguage":"ro-RO"}]}},"_links":{"self":[{"href":"https:\/\/www.hasert-haut.de\/ro\/wp-json\/wp\/v2\/pages\/6259","targetHints":{"allow":["GET"]}}],"collection":[{"href":"https:\/\/www.hasert-haut.de\/ro\/wp-json\/wp\/v2\/pages"}],"about":[{"href":"https:\/\/www.hasert-haut.de\/ro\/wp-json\/wp\/v2\/types\/page"}],"author":[{"embeddable":true,"href":"https:\/\/www.hasert-haut.de\/ro\/wp-json\/wp\/v2\/users\/1"}],"replies":[{"embeddable":true,"href":"https:\/\/www.hasert-haut.de\/ro\/wp-json\/wp\/v2\/comments?post=6259"}],"version-history":[{"count":15,"href":"https:\/\/www.hasert-haut.de\/ro\/wp-json\/wp\/v2\/pages\/6259\/revisions"}],"predecessor-version":[{"id":11727,"href":"https:\/\/www.hasert-haut.de\/ro\/wp-json\/wp\/v2\/pages\/6259\/revisions\/11727"}],"wp:featuredmedia":[{"embeddable":true,"href":"https:\/\/www.hasert-haut.de\/ro\/wp-json\/wp\/v2\/media\/5932"}],"wp:attachment":[{"href":"https:\/\/www.hasert-haut.de\/ro\/wp-json\/wp\/v2\/media?parent=6259"}],"curies":[{"name":"wp","href":"https:\/\/api.w.org\/{rel}","templated":true}]}}