{"id":6450,"date":"2016-12-09T12:00:33","date_gmt":"2016-12-09T12:00:33","guid":{"rendered":"https:\/\/www.hasert-haut.de\/hautkrebsbehandlung\/"},"modified":"2022-12-27T11:01:46","modified_gmt":"2022-12-27T11:01:46","slug":"tratamentul-cancerului-de-piele","status":"publish","type":"page","link":"https:\/\/www.hasert-haut.de\/ro\/tratamentul-cancerului-de-piele\/","title":{"rendered":"tratamentul cancerului de piele"},"content":{"rendered":"\n<style type=\"text\/css\" data-created_by=\"avia_inline_auto\" id=\"style-css-av-l80b1hn9-ec4016f705bb7e471f5435996723305a\">\n.avia-section.av-l80b1hn9-ec4016f705bb7e471f5435996723305a{\nbackground-repeat:no-repeat;\nbackground-image:url(https:\/\/www.hasert-haut.de\/wp-content\/uploads\/2015\/01\/Allgemeinmedizin1.jpg);\nbackground-position:50% 100%;\nbackground-attachment:scroll;\n}\n<\/style>\n<div id='av_section_1'  class='avia-section av-l80b1hn9-ec4016f705bb7e471f5435996723305a main_color avia-section-default avia-no-border-styling  avia-builder-el-0  el_before_av_section  avia-builder-el-first  avia-full-stretch avia-bg-style-scroll av-minimum-height av-minimum-height-50 av-height-50  container_wrap fullsize'  data-section-bg-repeat='stretch' data-av_minimum_height_pc='50' data-av_min_height_opt='50'><div class='container av-section-cont-open' ><main  role=\"main\" itemprop=\"mainContentOfPage\"  class='template-page content  av-content-full alpha units'><div class='post-entry post-entry-type-page post-entry-6450'><div class='entry-content-wrapper clearfix'>\n<\/div><\/div><\/main><!-- close content main element --><\/div><\/div><div id='av_section_2'  class='avia-section av-1c52y-6705d96d726e34f30075afd1c9f98823 main_color avia-section-huge avia-no-border-styling  avia-builder-el-1  el_after_av_section  avia-builder-el-last  avia-bg-style-scroll container_wrap fullsize'  ><div class='container av-section-cont-open' ><div class='template-page content  av-content-full alpha units'><div class='post-entry post-entry-type-page post-entry-6450'><div class='entry-content-wrapper clearfix'>\n\n<style type=\"text\/css\" data-created_by=\"avia_inline_auto\" id=\"style-css-av-1zubm-cf8dd5eea0f9c55c19c0ef078ddbcf82\">\n#top .flex_column.av-1zubm-cf8dd5eea0f9c55c19c0ef078ddbcf82{\nmargin-top:-200px;\nmargin-bottom:-200px;\n}\n.flex_column.av-1zubm-cf8dd5eea0f9c55c19c0ef078ddbcf82{\nborder-radius:0px 0px 0px 0px;\npadding:30px 30px 30px 30px;\nbackground-color:#ffffff;\n}\n.responsive #top #wrap_all .flex_column.av-1zubm-cf8dd5eea0f9c55c19c0ef078ddbcf82{\nmargin-top:-200px;\nmargin-bottom:-200px;\n}\n<\/style>\n<div  class='flex_column av-1zubm-cf8dd5eea0f9c55c19c0ef078ddbcf82 av_one_full  avia-builder-el-2  el_before_av_hr  avia-builder-el-first  first flex_column_div  '     ><style type=\"text\/css\" data-created_by=\"avia_inline_auto\" id=\"style-css-av-l96u5ko6-43bd23b0f4dc51044bbb430493746544\">\n#top .av-special-heading.av-l96u5ko6-43bd23b0f4dc51044bbb430493746544{\nmargin:30px 0 0 0;\npadding-bottom:10px;\n}\nbody .av-special-heading.av-l96u5ko6-43bd23b0f4dc51044bbb430493746544 .av-special-heading-tag .heading-char{\nfont-size:25px;\n}\n.av-special-heading.av-l96u5ko6-43bd23b0f4dc51044bbb430493746544 .av-subheading{\nfont-size:15px;\n}\n<\/style>\n<div  class='av-special-heading av-l96u5ko6-43bd23b0f4dc51044bbb430493746544 av-special-heading-h1 blockquote modern-quote modern-centered  avia-builder-el-3  avia-builder-el-no-sibling '><h1 class='av-special-heading-tag'  itemprop=\"headline\"  >tratamentul cancerului de piele<\/h1><div class=\"special-heading-border\"><div class=\"special-heading-inner-border\"><\/div><\/div><\/div><\/div>\n<style type=\"text\/css\" data-created_by=\"avia_inline_auto\" id=\"style-css-av-l96u2dxw-bef62529ba4e12912e5f4b47d6fefae0\">\n#top .hr.hr-invisible.av-l96u2dxw-bef62529ba4e12912e5f4b47d6fefae0{\nheight:50px;\n}\n<\/style>\n<div  class='hr av-l96u2dxw-bef62529ba4e12912e5f4b47d6fefae0 hr-invisible  avia-builder-el-4  el_after_av_one_full  el_before_av_one_full '><span class='hr-inner '><span class=\"hr-inner-style\"><\/span><\/span><\/div>\n\n<style type=\"text\/css\" data-created_by=\"avia_inline_auto\" id=\"style-css-av-ajd7l-c04253c6914ea50e1f188ebedd5df2b7\">\n.flex_column.av-ajd7l-c04253c6914ea50e1f188ebedd5df2b7{\nborder-radius:0px 0px 0px 0px;\npadding:0px 0px 0px 0px;\n}\n<\/style>\n<div  class='flex_column av-ajd7l-c04253c6914ea50e1f188ebedd5df2b7 av_one_full  avia-builder-el-5  el_after_av_hr  avia-builder-el-last  first flex_column_div av-zero-column-padding  '     ><div  id=\"av-sc-portfolio-1\"  class=' grid-sort-container isotope   no_margin-container with-excerpt-container grid-total-even grid-col-2 grid-links-' data-portfolio-id='1'><div data-ajax-id='6848' class=' grid-entry flex_column isotope-item all_sort no_margin post-entry post-entry-6848 grid-entry-overview grid-loop-1 grid-parity-odd  hautkrebsbehandlung-ro_sort  av_one_half first default_av_fullwidth '><article class='main_color inner-entry'  itemscope=\"itemscope\" itemtype=\"https:\/\/schema.org\/CreativeWork\" ><a href=\"https:\/\/www.hasert-haut.de\/ro\/leistungen\/bazaliom\/\" title='bazaliom'  data-rel='grid-1' class='grid-image avia-hover-fx'> <img decoding=\"async\" fetchpriority=\"high\" width=\"495\" height=\"400\" src=\"https:\/\/www.hasert-haut.de\/wp-content\/uploads\/2015\/01\/Basaliom-6-495x400.jpg\" class=\"wp-image-5776 avia-img-lazy-loading-not-5776 attachment-portfolio size-portfolio wp-post-image\" alt=\"\" \/><\/a><div class='grid-content'><div class='avia-arrow'><\/div><header class=\"entry-content-header\"><h3 class='grid-entry-title entry-title '  itemprop=\"headline\" ><a href='https:\/\/www.hasert-haut.de\/ro\/leistungen\/bazaliom\/' title='bazaliom'>bazaliom<\/a><\/h3><\/header><div class='grid-entry-excerpt entry-content'  itemprop=\"text\" >Basaliomul este cel mai frecvent cancer de piele - riscul de a dezvolta boala este deosebit de mare la persoanele cu pielea deschisa la culoare care au fost expuse la soare de ani de zile.<\/div><\/div><footer class=\"entry-footer\"><\/footer><\/article><\/div><div data-ajax-id='7149' class=' grid-entry flex_column isotope-item all_sort no_margin post-entry post-entry-7149 grid-entry-overview grid-loop-2 grid-parity-even  hautkrebsbehandlung-ro_sort  av_one_half  default_av_fullwidth '><article class='main_color inner-entry'  itemscope=\"itemscope\" itemtype=\"https:\/\/schema.org\/CreativeWork\" ><a href=\"https:\/\/www.hasert-haut.de\/ro\/leistungen\/cancer-de-piele-neagra-melanom\/\" title='Cancer de piele neagr\u0103 (melanom)'  data-rel='grid-1' class='grid-image avia-hover-fx'> <img decoding=\"async\" fetchpriority=\"high\" width=\"495\" height=\"400\" src=\"https:\/\/www.hasert-haut.de\/wp-content\/uploads\/2016\/12\/Schwarzer-Hautkrebs-Melanom-495x400.jpg\" class=\"wp-image-5982 avia-img-lazy-loading-not-5982 attachment-portfolio size-portfolio wp-post-image\" alt=\"\" \/><\/a><div class='grid-content'><div class='avia-arrow'><\/div><header class=\"entry-content-header\"><h3 class='grid-entry-title entry-title '  itemprop=\"headline\" ><a href='https:\/\/www.hasert-haut.de\/ro\/leistungen\/cancer-de-piele-neagra-melanom\/' title='Cancer de piele neagr\u0103 (melanom)'>Cancer de piele neagr\u0103 (melanom)<\/a><\/h3><\/header><\/div><footer class=\"entry-footer\"><\/footer><\/article><\/div><div data-ajax-id='7119' class=' grid-entry flex_column isotope-item all_sort no_margin post-entry post-entry-7119 grid-entry-overview grid-loop-3 grid-parity-odd  hautkrebsbehandlung-ro_sort  av_one_half first default_av_fullwidth '><article class='main_color inner-entry'  itemscope=\"itemscope\" itemtype=\"https:\/\/schema.org\/CreativeWork\" ><a href=\"https:\/\/www.hasert-haut.de\/ro\/leistungen\/carcinom-cu-celule-scuamoase\/\" title='Carcinom cu celule scuamoase'  data-rel='grid-1' class='grid-image avia-hover-fx'> <img decoding=\"async\" fetchpriority=\"high\" width=\"495\" height=\"400\" src=\"https:\/\/www.hasert-haut.de\/wp-content\/uploads\/2016\/12\/Stachelzell-Plattenepithelkarzinom-495x400.jpg\" class=\"wp-image-5984 avia-img-lazy-loading-not-5984 attachment-portfolio size-portfolio wp-post-image\" alt=\"\" \/><\/a><div class='grid-content'><div class='avia-arrow'><\/div><header class=\"entry-content-header\"><h3 class='grid-entry-title entry-title '  itemprop=\"headline\" ><a href='https:\/\/www.hasert-haut.de\/ro\/leistungen\/carcinom-cu-celule-scuamoase\/' title='Carcinom cu celule scuamoase'>Carcinom cu celule scuamoase<\/a><\/h3><\/header><div class='grid-entry-excerpt entry-content'  itemprop=\"text\" >Carcinomul cu celule scuamoase este al doilea cel mai frecvent cancer de piele. Persoanele cu pielea deschis\u0103 la culoare au cel mai mare risc de a dezvolta carcinom cu celule scuamoase.<\/div><\/div><footer class=\"entry-footer\"><\/footer><\/article><\/div><div data-ajax-id='6818' class=' grid-entry flex_column isotope-item all_sort no_margin post-entry post-entry-6818 grid-entry-overview grid-loop-4 grid-parity-even  hautkrebsbehandlung-ro_sort  av_one_half  default_av_fullwidth '><article class='main_color inner-entry'  itemscope=\"itemscope\" itemtype=\"https:\/\/schema.org\/CreativeWork\" ><a href=\"https:\/\/www.hasert-haut.de\/ro\/leistungen\/keratoze-actinice\/\" title='Keratoze actinice'  data-rel='grid-1' class='grid-image avia-hover-fx'> <img decoding=\"async\" fetchpriority=\"high\" width=\"495\" height=\"400\" src=\"https:\/\/www.hasert-haut.de\/wp-content\/uploads\/2016\/12\/Aktinische-Keratosen-495x400.jpg\" class=\"wp-image-5980 avia-img-lazy-loading-not-5980 attachment-portfolio size-portfolio wp-post-image\" alt=\"\" \/><\/a><div class='grid-content'><div class='avia-arrow'><\/div><header class=\"entry-content-header\"><h3 class='grid-entry-title entry-title '  itemprop=\"headline\" ><a href='https:\/\/www.hasert-haut.de\/ro\/leistungen\/keratoze-actinice\/' title='Keratoze actinice'>Keratoze actinice<\/a><\/h3><\/header><div class='grid-entry-excerpt entry-content'  itemprop=\"text\" >Keratozele actinice sunt stadii precanceroase care se dezvolt\u0103 \u00een pielea care a fost sever \u0219i permanent fotodeteriorat\u0103 de zeci de ani, mai ales la persoanele \u00een v\u00e2rst\u0103.<\/div><\/div><footer class=\"entry-footer\"><\/footer><\/article><\/div><div data-ajax-id='6979' class=' grid-entry flex_column isotope-item all_sort no_margin post-entry post-entry-6979 grid-entry-overview grid-loop-5 grid-parity-odd  hautkrebsbehandlung-ro_sort  av_one_half first default_av_fullwidth '><article class='main_color inner-entry'  itemscope=\"itemscope\" itemtype=\"https:\/\/schema.org\/CreativeWork\" ><a href=\"https:\/\/www.hasert-haut.de\/ro\/leistungen\/hautkrebsvorsorge\/\" title='prevenirea cancerului de piele'  data-rel='grid-1' class='grid-image avia-hover-fx'> <img decoding=\"async\" fetchpriority=\"high\" width=\"495\" height=\"400\" src=\"https:\/\/www.hasert-haut.de\/wp-content\/uploads\/2016\/12\/hautkrebsvorsorge-495x400.jpg\" class=\"wp-image-5974 avia-img-lazy-loading-not-5974 attachment-portfolio size-portfolio wp-post-image\" alt=\"\" \/><\/a><div class='grid-content'><div class='avia-arrow'><\/div><header class=\"entry-content-header\"><h3 class='grid-entry-title entry-title '  itemprop=\"headline\" ><a href='https:\/\/www.hasert-haut.de\/ro\/leistungen\/hautkrebsvorsorge\/' title='prevenirea cancerului de piele'>prevenirea cancerului de piele<\/a><\/h3><\/header><\/div><footer class=\"entry-footer\"><\/footer><\/article><\/div><div data-ajax-id='7100' class=' grid-entry flex_column isotope-item all_sort no_margin post-entry post-entry-7100 grid-entry-overview grid-loop-6 grid-parity-even  post-entry-last  hautkrebsbehandlung-ro_sort  av_one_half  default_av_fullwidth '><article class='main_color inner-entry'  itemscope=\"itemscope\" itemtype=\"https:\/\/schema.org\/CreativeWork\" ><a href=\"https:\/\/www.hasert-haut.de\/ro\/leistungen\/terapia-fotodinamica\/\" title='Terapia fotodinamic\u0103'  data-rel='grid-1' class='grid-image avia-hover-fx'> <img decoding=\"async\" fetchpriority=\"high\" width=\"495\" height=\"400\" src=\"https:\/\/www.hasert-haut.de\/wp-content\/uploads\/2016\/12\/Photodynamische-Therapie-495x400.jpg\" class=\"wp-image-5978 avia-img-lazy-loading-not-5978 attachment-portfolio size-portfolio wp-post-image\" alt=\"\" \/><\/a><div class='grid-content'><div class='avia-arrow'><\/div><header class=\"entry-content-header\"><h3 class='grid-entry-title entry-title '  itemprop=\"headline\" ><a href='https:\/\/www.hasert-haut.de\/ro\/leistungen\/terapia-fotodinamica\/' title='Terapia fotodinamic\u0103'>Terapia fotodinamic\u0103<\/a><\/h3><\/header><\/div><footer class=\"entry-footer\"><\/footer><\/article><\/div><\/div><\/div>\n","protected":false},"excerpt":{"rendered":"","protected":false},"author":1,"featured_media":5756,"parent":0,"menu_order":0,"comment_status":"closed","ping_status":"closed","template":"","meta":{"footnotes":""},"class_list":["post-6450","page","type-page","status-publish","has-post-thumbnail","hentry"],"yoast_head":"<!-- This site is optimized with the Yoast SEO plugin v25.3.1 - https:\/\/yoast.com\/wordpress\/plugins\/seo\/ -->\n<title>Tratamentul cancerului de piele | dermatolog dr Raoul Hasert Berlin<\/title>\n<meta name=\"description\" content=\"Informa\u021bii despre tratamentul cancerului de piele de la dermatologul Dr. Raoul Hasert pe Friedrichstrasse din Berlin.\" \/>\n<meta name=\"robots\" content=\"index, follow, max-snippet:-1, max-image-preview:large, max-video-preview:-1\" \/>\n<link rel=\"canonical\" href=\"https:\/\/www.hasert-haut.de\/ro\/tratamentul-cancerului-de-piele\/\" \/>\n<meta property=\"og:locale\" content=\"ro_RO\" \/>\n<meta property=\"og:type\" content=\"article\" \/>\n<meta property=\"og:title\" content=\"Tratamentul cancerului de piele | dermatolog dr Raoul Hasert Berlin\" \/>\n<meta property=\"og:description\" content=\"Informa\u021bii despre tratamentul cancerului de piele de la dermatologul Dr. Raoul Hasert pe Friedrichstrasse din Berlin.\" \/>\n<meta property=\"og:url\" content=\"https:\/\/www.hasert-haut.de\/ro\/tratamentul-cancerului-de-piele\/\" \/>\n<meta property=\"og:site_name\" content=\"Hautarzt Berlin - Praxisklinik Dr. Hasert\" \/>\n<meta property=\"article:modified_time\" content=\"2022-12-27T11:01:46+00:00\" \/>\n<meta property=\"og:image\" content=\"https:\/\/www.hasert-haut.de\/wp-content\/uploads\/2015\/01\/Schwarzer-Hautkrebs-Melanom-1.jpg\" \/>\n\t<meta property=\"og:image:width\" content=\"600\" \/>\n\t<meta property=\"og:image:height\" content=\"600\" \/>\n\t<meta property=\"og:image:type\" content=\"image\/jpeg\" \/>\n<meta name=\"twitter:label1\" content=\"Timp estimat pentru citire\" \/>\n\t<meta name=\"twitter:data1\" content=\"4 minute\" \/>\n<script type=\"application\/ld+json\" class=\"yoast-schema-graph\">{\"@context\":\"https:\/\/schema.org\",\"@graph\":[{\"@type\":\"WebPage\",\"@id\":\"https:\/\/www.hasert-haut.de\/ro\/tratamentul-cancerului-de-piele\/\",\"url\":\"https:\/\/www.hasert-haut.de\/ro\/tratamentul-cancerului-de-piele\/\",\"name\":\"Tratamentul cancerului de piele | dermatolog dr Raoul Hasert Berlin\",\"isPartOf\":{\"@id\":\"https:\/\/www.hasert-haut.de\/ro\/#website\"},\"primaryImageOfPage\":{\"@id\":\"https:\/\/www.hasert-haut.de\/ro\/tratamentul-cancerului-de-piele\/#primaryimage\"},\"image\":{\"@id\":\"https:\/\/www.hasert-haut.de\/ro\/tratamentul-cancerului-de-piele\/#primaryimage\"},\"thumbnailUrl\":\"https:\/\/www.hasert-haut.de\/wp-content\/uploads\/2015\/01\/Schwarzer-Hautkrebs-Melanom-1.jpg\",\"datePublished\":\"2016-12-09T12:00:33+00:00\",\"dateModified\":\"2022-12-27T11:01:46+00:00\",\"description\":\"Informa\u021bii despre tratamentul cancerului de piele de la dermatologul Dr. Raoul Hasert pe Friedrichstrasse din Berlin.\",\"breadcrumb\":{\"@id\":\"https:\/\/www.hasert-haut.de\/ro\/tratamentul-cancerului-de-piele\/#breadcrumb\"},\"inLanguage\":\"ro-RO\",\"potentialAction\":[{\"@type\":\"ReadAction\",\"target\":[\"https:\/\/www.hasert-haut.de\/ro\/tratamentul-cancerului-de-piele\/\"]}]},{\"@type\":\"ImageObject\",\"inLanguage\":\"ro-RO\",\"@id\":\"https:\/\/www.hasert-haut.de\/ro\/tratamentul-cancerului-de-piele\/#primaryimage\",\"url\":\"https:\/\/www.hasert-haut.de\/wp-content\/uploads\/2015\/01\/Schwarzer-Hautkrebs-Melanom-1.jpg\",\"contentUrl\":\"https:\/\/www.hasert-haut.de\/wp-content\/uploads\/2015\/01\/Schwarzer-Hautkrebs-Melanom-1.jpg\",\"width\":600,\"height\":600,\"caption\":\"Schwarzer Hautkrebs (Melanom)\"},{\"@type\":\"BreadcrumbList\",\"@id\":\"https:\/\/www.hasert-haut.de\/ro\/tratamentul-cancerului-de-piele\/#breadcrumb\",\"itemListElement\":[{\"@type\":\"ListItem\",\"position\":1,\"name\":\"Home\",\"item\":\"https:\/\/www.hasert-haut.de\/ro\/bine-ati-venit\/\"},{\"@type\":\"ListItem\",\"position\":2,\"name\":\"tratamentul cancerului de piele\"}]},{\"@type\":\"WebSite\",\"@id\":\"https:\/\/www.hasert-haut.de\/ro\/#website\",\"url\":\"https:\/\/www.hasert-haut.de\/ro\/\",\"name\":\"Hautarzt Berlin - Praxisklinik Dr. Hasert\",\"description\":\"Hautarzt, Allgemeinmedizin\",\"potentialAction\":[{\"@type\":\"SearchAction\",\"target\":{\"@type\":\"EntryPoint\",\"urlTemplate\":\"https:\/\/www.hasert-haut.de\/ro\/?s={search_term_string}\"},\"query-input\":{\"@type\":\"PropertyValueSpecification\",\"valueRequired\":true,\"valueName\":\"search_term_string\"}}],\"inLanguage\":\"ro-RO\"}]}<\/script>\n<!-- \/ Yoast SEO plugin. -->","yoast_head_json":{"title":"Tratamentul cancerului de piele | dermatolog dr Raoul Hasert Berlin","description":"Informa\u021bii despre tratamentul cancerului de piele de la dermatologul Dr. Raoul Hasert pe Friedrichstrasse din Berlin.","robots":{"index":"index","follow":"follow","max-snippet":"max-snippet:-1","max-image-preview":"max-image-preview:large","max-video-preview":"max-video-preview:-1"},"canonical":"https:\/\/www.hasert-haut.de\/ro\/tratamentul-cancerului-de-piele\/","og_locale":"ro_RO","og_type":"article","og_title":"Tratamentul cancerului de piele | dermatolog dr Raoul Hasert Berlin","og_description":"Informa\u021bii despre tratamentul cancerului de piele de la dermatologul Dr. Raoul Hasert pe Friedrichstrasse din Berlin.","og_url":"https:\/\/www.hasert-haut.de\/ro\/tratamentul-cancerului-de-piele\/","og_site_name":"Hautarzt Berlin - Praxisklinik Dr. Hasert","article_modified_time":"2022-12-27T11:01:46+00:00","og_image":[{"width":600,"height":600,"url":"https:\/\/www.hasert-haut.de\/wp-content\/uploads\/2015\/01\/Schwarzer-Hautkrebs-Melanom-1.jpg","type":"image\/jpeg"}],"twitter_misc":{"Timp estimat pentru citire":"4 minute"},"schema":{"@context":"https:\/\/schema.org","@graph":[{"@type":"WebPage","@id":"https:\/\/www.hasert-haut.de\/ro\/tratamentul-cancerului-de-piele\/","url":"https:\/\/www.hasert-haut.de\/ro\/tratamentul-cancerului-de-piele\/","name":"Tratamentul cancerului de piele | dermatolog dr Raoul Hasert Berlin","isPartOf":{"@id":"https:\/\/www.hasert-haut.de\/ro\/#website"},"primaryImageOfPage":{"@id":"https:\/\/www.hasert-haut.de\/ro\/tratamentul-cancerului-de-piele\/#primaryimage"},"image":{"@id":"https:\/\/www.hasert-haut.de\/ro\/tratamentul-cancerului-de-piele\/#primaryimage"},"thumbnailUrl":"https:\/\/www.hasert-haut.de\/wp-content\/uploads\/2015\/01\/Schwarzer-Hautkrebs-Melanom-1.jpg","datePublished":"2016-12-09T12:00:33+00:00","dateModified":"2022-12-27T11:01:46+00:00","description":"Informa\u021bii despre tratamentul cancerului de piele de la dermatologul Dr. Raoul Hasert pe Friedrichstrasse din Berlin.","breadcrumb":{"@id":"https:\/\/www.hasert-haut.de\/ro\/tratamentul-cancerului-de-piele\/#breadcrumb"},"inLanguage":"ro-RO","potentialAction":[{"@type":"ReadAction","target":["https:\/\/www.hasert-haut.de\/ro\/tratamentul-cancerului-de-piele\/"]}]},{"@type":"ImageObject","inLanguage":"ro-RO","@id":"https:\/\/www.hasert-haut.de\/ro\/tratamentul-cancerului-de-piele\/#primaryimage","url":"https:\/\/www.hasert-haut.de\/wp-content\/uploads\/2015\/01\/Schwarzer-Hautkrebs-Melanom-1.jpg","contentUrl":"https:\/\/www.hasert-haut.de\/wp-content\/uploads\/2015\/01\/Schwarzer-Hautkrebs-Melanom-1.jpg","width":600,"height":600,"caption":"Schwarzer Hautkrebs (Melanom)"},{"@type":"BreadcrumbList","@id":"https:\/\/www.hasert-haut.de\/ro\/tratamentul-cancerului-de-piele\/#breadcrumb","itemListElement":[{"@type":"ListItem","position":1,"name":"Home","item":"https:\/\/www.hasert-haut.de\/ro\/bine-ati-venit\/"},{"@type":"ListItem","position":2,"name":"tratamentul cancerului de piele"}]},{"@type":"WebSite","@id":"https:\/\/www.hasert-haut.de\/ro\/#website","url":"https:\/\/www.hasert-haut.de\/ro\/","name":"Hautarzt Berlin - Praxisklinik Dr. Hasert","description":"Hautarzt, Allgemeinmedizin","potentialAction":[{"@type":"SearchAction","target":{"@type":"EntryPoint","urlTemplate":"https:\/\/www.hasert-haut.de\/ro\/?s={search_term_string}"},"query-input":{"@type":"PropertyValueSpecification","valueRequired":true,"valueName":"search_term_string"}}],"inLanguage":"ro-RO"}]}},"_links":{"self":[{"href":"https:\/\/www.hasert-haut.de\/ro\/wp-json\/wp\/v2\/pages\/6450","targetHints":{"allow":["GET"]}}],"collection":[{"href":"https:\/\/www.hasert-haut.de\/ro\/wp-json\/wp\/v2\/pages"}],"about":[{"href":"https:\/\/www.hasert-haut.de\/ro\/wp-json\/wp\/v2\/types\/page"}],"author":[{"embeddable":true,"href":"https:\/\/www.hasert-haut.de\/ro\/wp-json\/wp\/v2\/users\/1"}],"replies":[{"embeddable":true,"href":"https:\/\/www.hasert-haut.de\/ro\/wp-json\/wp\/v2\/comments?post=6450"}],"version-history":[{"count":19,"href":"https:\/\/www.hasert-haut.de\/ro\/wp-json\/wp\/v2\/pages\/6450\/revisions"}],"predecessor-version":[{"id":11708,"href":"https:\/\/www.hasert-haut.de\/ro\/wp-json\/wp\/v2\/pages\/6450\/revisions\/11708"}],"wp:featuredmedia":[{"embeddable":true,"href":"https:\/\/www.hasert-haut.de\/ro\/wp-json\/wp\/v2\/media\/5756"}],"wp:attachment":[{"href":"https:\/\/www.hasert-haut.de\/ro\/wp-json\/wp\/v2\/media?parent=6450"}],"curies":[{"name":"wp","href":"https:\/\/api.w.org\/{rel}","templated":true}]}}