{"id":2151,"date":"2015-01-20T15:06:12","date_gmt":"2015-01-20T15:06:12","guid":{"rendered":"https:\/\/www.hasert-haut.de\/allgemeinmedizin\/"},"modified":"2023-09-20T15:04:38","modified_gmt":"2023-09-20T15:04:38","slug":"genel-tip","status":"publish","type":"page","link":"https:\/\/www.hasert-haut.de\/tr\/genel-tip\/","title":{"rendered":"Genel T\u0131p"},"content":{"rendered":"\n<style type=\"text\/css\" data-created_by=\"avia_inline_auto\" id=\"style-css-av-l80b1hn9-ec4016f705bb7e471f5435996723305a\">\n.avia-section.av-l80b1hn9-ec4016f705bb7e471f5435996723305a{\nbackground-repeat:no-repeat;\nbackground-image:url(https:\/\/www.hasert-haut.de\/wp-content\/uploads\/2015\/01\/Allgemeinmedizin1.jpg);\nbackground-position:50% 100%;\nbackground-attachment:scroll;\n}\n<\/style>\n<div id='av_section_1'  class='avia-section av-l80b1hn9-ec4016f705bb7e471f5435996723305a main_color avia-section-default avia-no-border-styling  avia-builder-el-0  el_before_av_section  avia-builder-el-first  avia-full-stretch avia-bg-style-scroll av-minimum-height av-minimum-height-50 av-height-50  container_wrap fullsize'  data-section-bg-repeat='stretch' data-av_minimum_height_pc='50' data-av_min_height_opt='50'><div class='container av-section-cont-open' ><main  role=\"main\" itemprop=\"mainContentOfPage\"  class='template-page content  av-content-full alpha units'><div class='post-entry post-entry-type-page post-entry-2151'><div class='entry-content-wrapper clearfix'>\n<\/div><\/div><\/main><!-- close content main element --><\/div><\/div><div id='av_section_2'  class='avia-section av-1c52y-6705d96d726e34f30075afd1c9f98823 main_color avia-section-huge avia-no-border-styling  avia-builder-el-1  el_after_av_section  el_before_av_one_full  avia-bg-style-scroll container_wrap fullsize'  ><div class='container av-section-cont-open' ><div class='template-page content  av-content-full alpha units'><div class='post-entry post-entry-type-page post-entry-2151'><div class='entry-content-wrapper clearfix'>\n\n<style type=\"text\/css\" data-created_by=\"avia_inline_auto\" id=\"style-css-av-1zubm-cf8dd5eea0f9c55c19c0ef078ddbcf82\">\n#top .flex_column.av-1zubm-cf8dd5eea0f9c55c19c0ef078ddbcf82{\nmargin-top:-200px;\nmargin-bottom:-200px;\n}\n.flex_column.av-1zubm-cf8dd5eea0f9c55c19c0ef078ddbcf82{\nborder-radius:0px 0px 0px 0px;\npadding:30px 30px 30px 30px;\nbackground-color:#ffffff;\n}\n.responsive #top #wrap_all .flex_column.av-1zubm-cf8dd5eea0f9c55c19c0ef078ddbcf82{\nmargin-top:-200px;\nmargin-bottom:-200px;\n}\n<\/style>\n<div  class='flex_column av-1zubm-cf8dd5eea0f9c55c19c0ef078ddbcf82 av_one_full  avia-builder-el-2  el_before_av_one_half  avia-builder-el-first  first flex_column_div  '     ><style type=\"text\/css\" data-created_by=\"avia_inline_auto\" id=\"style-css-av-11lwy-0814f6abf49866425585221ecb390662\">\n#top .av-special-heading.av-11lwy-0814f6abf49866425585221ecb390662{\nmargin:30px 0 0 0;\npadding-bottom:10px;\n}\nbody .av-special-heading.av-11lwy-0814f6abf49866425585221ecb390662 .av-special-heading-tag .heading-char{\nfont-size:25px;\n}\n.av-special-heading.av-11lwy-0814f6abf49866425585221ecb390662 .av-subheading{\nfont-size:15px;\n}\n<\/style>\n<div  class='av-special-heading av-11lwy-0814f6abf49866425585221ecb390662 av-special-heading-h1 blockquote modern-quote modern-centered  avia-builder-el-3  avia-builder-el-no-sibling '><h1 class='av-special-heading-tag'  itemprop=\"headline\"  >Genel T\u0131p<\/h1><div class=\"special-heading-border\"><div class=\"special-heading-inner-border\"><\/div><\/div><\/div><\/div>\n<style type=\"text\/css\" data-created_by=\"avia_inline_auto\" id=\"style-css-av-2ak7a-061d84792a54ec6468c8f4e314fb91bf\">\n.flex_column.av-2ak7a-061d84792a54ec6468c8f4e314fb91bf{\nborder-radius:0px 0px 0px 0px;\npadding:0px 0px 0px 0px;\n}\n<\/style>\n<div  class='flex_column av-2ak7a-061d84792a54ec6468c8f4e314fb91bf av_one_half  avia-builder-el-4  el_after_av_one_full  el_before_av_one_half  first flex_column_div av-zero-column-padding  column-top-margin'     ><section  class='av_textblock_section av-2y26u-98ee0f6d0072deae0e39143c5e6b8327 '   itemscope=\"itemscope\" itemtype=\"https:\/\/schema.org\/CreativeWork\" ><div class='avia_textblock'  itemprop=\"text\" ><ul>\n<li>aile hekimi\/aile doktoru<\/li>\n<li>beslenme ilac\u0131<\/li>\n<li>Belge<\/li>\n<li>\u00f6nleyici ila\u00e7<\/li>\n<li>s\u00fcr\u00fc\u015f yetene\u011fi<\/li>\n<li>seyahat ilac\u0131<\/li>\n<li>te\u015fhis ve tedavi<\/li>\n<li>T\u0131bbi tedavi ve aile bak\u0131m\u0131<\/li>\n<li>DMP&#8217;ye (Hastal\u0131k Y\u00f6netim Program\u0131) Kat\u0131l\u0131m: Diabetes mellitus<\/li>\n<li>Beslenme ila\u00e7lar\u0131 ve beslenme \u00f6nerileri<\/li>\n<li>hipertansiyoloji<\/li>\n<li>Yasal sa\u011fl\u0131k sigortas\u0131 doktoruyla yap\u0131lan anla\u015fman\u0131n bir par\u00e7as\u0131 olarak a\u015f\u0131lar ve a\u015f\u0131 tavsiyesi<\/li>\n<li>Dinlenme EKG<\/li>\n<li>akci\u011fer fonksiyon testi<\/li>\n<li>Kan, d\u0131\u015fk\u0131 ve idrar testleri<\/li>\n<li>laboratuvar<\/li>\n<\/ul>\n<\/div><\/section><\/div>\n<style type=\"text\/css\" data-created_by=\"avia_inline_auto\" id=\"style-css-av-5evy-6982df8cab73cfc43dd8340fe2b04a15\">\n.flex_column.av-5evy-6982df8cab73cfc43dd8340fe2b04a15{\nborder-radius:0px 0px 0px 0px;\npadding:0px 0px 0px 0px;\n}\n<\/style>\n<div  class='flex_column av-5evy-6982df8cab73cfc43dd8340fe2b04a15 av_one_half  avia-builder-el-6  el_after_av_one_half  avia-builder-el-last  flex_column_div av-zero-column-padding  column-top-margin'     ><p>\n<style type=\"text\/css\" data-created_by=\"avia_inline_auto\" id=\"style-css-av-l80bh8l0-f9417a066fe26f3a74804af71857f0d2\">\n#top .av-special-heading.av-l80bh8l0-f9417a066fe26f3a74804af71857f0d2{\npadding-bottom:10px;\nfont-size:22px;\n}\nbody .av-special-heading.av-l80bh8l0-f9417a066fe26f3a74804af71857f0d2 .av-special-heading-tag .heading-char{\nfont-size:25px;\n}\n#top #wrap_all .av-special-heading.av-l80bh8l0-f9417a066fe26f3a74804af71857f0d2 .av-special-heading-tag{\nfont-size:22px;\n}\n.av-special-heading.av-l80bh8l0-f9417a066fe26f3a74804af71857f0d2 .av-subheading{\nfont-size:15px;\n}\n\n@media only screen and (min-width: 480px) and (max-width: 767px){ \n#top #wrap_all .av-special-heading.av-l80bh8l0-f9417a066fe26f3a74804af71857f0d2 .av-special-heading-tag{\nfont-size:0.8em;\n}\n}\n\n@media only screen and (max-width: 479px){ \n#top #wrap_all .av-special-heading.av-l80bh8l0-f9417a066fe26f3a74804af71857f0d2 .av-special-heading-tag{\nfont-size:0.8em;\n}\n}\n<\/style>\n<div  class='av-special-heading av-l80bh8l0-f9417a066fe26f3a74804af71857f0d2 av-special-heading-h2 blockquote modern-quote  avia-builder-el-7  el_before_av_textblock  avia-builder-el-first  av-inherit-size'><h2 class='av-special-heading-tag'  itemprop=\"headline\"  >Yasal sa\u011fl\u0131k sigortas\u0131 doktorlar\u0131n\u0131n sundu\u011fu hizmetlere ek olarak, a\u015fa\u011f\u0131daki konularda dan\u0131\u015fmanl\u0131k ve tedavi sunuyoruz:<\/h2><div class=\"special-heading-border\"><div class=\"special-heading-inner-border\"><\/div><\/div><\/div><br \/>\n<section  class='av_textblock_section av-1bc2i-444e7c559296c8dd503556944f7546ba '   itemscope=\"itemscope\" itemtype=\"https:\/\/schema.org\/CreativeWork\" ><div class='avia_textblock'  itemprop=\"text\" ><ul>\n<li>seyahat ilac\u0131<\/li>\n<li>\u00c7ocuklar i\u00e7in erken te\u015fhis muayeneleri (U2 &#8211; U11 aras\u0131)<\/li>\n<li>Ergen Sa\u011fl\u0131k Muayenesi (J1\/J2)<\/li>\n<li>Yeti\u015fkinler i\u00e7in sa\u011fl\u0131k kontrol\u00fc<\/li>\n<li>Gen\u00e7 \u0130stihdam Koruma Soru\u015fturmas\u0131<\/li>\n<li>Kanser erken te\u015fhis muayenesi Hemokult\/cilt kanseri taramas\u0131<\/li>\n<li>T\u0131bbi sertifika<\/li>\n<li>biriken p\u00fcsk\u00fcrtme<\/li>\n<li>spor sertifikas\u0131<\/li>\n<li>Ehliyet S\u0131nav\u0131<\/li>\n<li>Laboratuvar testleri<\/li>\n<li>Laboruntersuchungen<\/li>\n<li>t\u0131bbi muayene<\/li>\n<li>Sigorta soru\u015fturmalar\u0131 (\u00f6r. \u00f6zel KV, raporlar, \u00e7eli\u015fkiler)<\/li>\n<li>Versicherungsuntersuchungen (z.B. Private KV, Gutachten, Widerspr\u00fcche)<\/li>\n<li>Bireysel beslenme tavsiyesi<\/li>\n<\/ul>\n<\/div><\/section><\/p><\/div>\n<\/div><\/div><\/div><!-- close content main div --><\/div><\/div><div id='after_section_2'  class='main_color av_default_container_wrap container_wrap fullsize'  ><div class='container av-section-cont-open' ><div class='template-page content  av-content-full alpha units'><div class='post-entry post-entry-type-page post-entry-2151'><div class='entry-content-wrapper clearfix'>\n\n<style type=\"text\/css\" data-created_by=\"avia_inline_auto\" id=\"style-css-av-alegv-7ebd99b73f71953e2f21b589305c722f\">\n.flex_column.av-alegv-7ebd99b73f71953e2f21b589305c722f{\nborder-radius:0px 0px 0px 0px;\npadding:0px 0px 0px 0px;\n}\n<\/style>\n<div  class='flex_column av-alegv-7ebd99b73f71953e2f21b589305c722f av_one_full  avia-builder-el-9  el_after_av_section  avia-builder-el-no-sibling  first flex_column_div av-zero-column-padding  '     ><div  id=\"av-sc-portfolio-1\"  class=' grid-sort-container isotope   no_margin-container with-excerpt-container grid-total-odd grid-col-2 grid-links-' data-portfolio-id='1'><div data-ajax-id='6888' class=' grid-entry flex_column isotope-item all_sort no_margin post-entry post-entry-6888 grid-entry-overview grid-loop-1 grid-parity-odd  post-entry-last  genel-tip_sort  av_one_half first default_av_fullwidth '><article class='main_color inner-entry'  itemscope=\"itemscope\" itemtype=\"https:\/\/schema.org\/CreativeWork\" ><a href=\"https:\/\/www.hasert-haut.de\/tr\/leistungen\/tani-radyolojisi\/\" title='Tan\u0131 Radyolojisi'  data-rel='grid-1' class='grid-image avia-hover-fx'> <img decoding=\"async\" fetchpriority=\"high\" width=\"495\" height=\"400\" src=\"https:\/\/www.hasert-haut.de\/wp-content\/uploads\/2015\/01\/Laserhaarentfernung-495x400.jpg\" class=\"wp-image-1985 avia-img-lazy-loading-not-1985 attachment-portfolio size-portfolio wp-post-image\" alt=\"\" \/><\/a><div class='grid-content'><div class='avia-arrow'><\/div><header class=\"entry-content-header\"><h3 class='grid-entry-title entry-title '  itemprop=\"headline\" ><a href='https:\/\/www.hasert-haut.de\/tr\/leistungen\/tani-radyolojisi\/' title='Tan\u0131 Radyolojisi'>Tan\u0131 Radyolojisi<\/a><\/h3><\/header><div class='grid-entry-excerpt entry-content'  itemprop=\"text\" >Muayenehanemizde dermatoloji muayenehanesi hizmetlerinin yan\u0131 s\u0131ra tan\u0131sal radyoloji hizmetleri de verilmektedir.<\/div><\/div><footer class=\"entry-footer\"><\/footer><\/article><\/div><\/div><\/div>\n","protected":false},"excerpt":{"rendered":"<p>Dermatoloji klini\u011findeki tedavilerin yan\u0131 s\u0131ra genel t\u0131bb\u0131n t\u00fcm hizmetlerini uygulama klini\u011fimizde sunmaktad\u0131r.<\/p>\n","protected":false},"author":1,"featured_media":1984,"parent":0,"menu_order":0,"comment_status":"closed","ping_status":"closed","template":"","meta":{"footnotes":""},"class_list":["post-2151","page","type-page","status-publish","has-post-thumbnail","hentry"],"yoast_head":"<!-- This site is optimized with the Yoast SEO plugin v25.3.1 - https:\/\/yoast.com\/wordpress\/plugins\/seo\/ -->\n<title>Genel T\u0131p | Dermatolog Dr. Hasert Berlin-Mitte<\/title>\n<meta name=\"description\" content=\"Dermatoloji klini\u011findeki tedavilerin yan\u0131 s\u0131ra genel t\u0131bb\u0131n t\u00fcm hizmetlerini uygulama klini\u011fimizde sunmaktad\u0131r.\" \/>\n<meta name=\"robots\" content=\"index, follow, max-snippet:-1, max-image-preview:large, max-video-preview:-1\" \/>\n<link rel=\"canonical\" href=\"https:\/\/www.hasert-haut.de\/tr\/genel-tip\/\" \/>\n<meta property=\"og:locale\" content=\"tr_TR\" \/>\n<meta property=\"og:type\" content=\"article\" \/>\n<meta property=\"og:title\" content=\"Genel T\u0131p | Dermatolog Dr. Hasert Berlin-Mitte\" \/>\n<meta property=\"og:description\" content=\"Dermatoloji klini\u011findeki tedavilerin yan\u0131 s\u0131ra genel t\u0131bb\u0131n t\u00fcm hizmetlerini uygulama klini\u011fimizde sunmaktad\u0131r.\" \/>\n<meta property=\"og:url\" content=\"https:\/\/www.hasert-haut.de\/tr\/genel-tip\/\" \/>\n<meta property=\"og:site_name\" content=\"Hautarzt Berlin - Praxisklinik Dr. Hasert\" \/>\n<meta property=\"article:modified_time\" content=\"2023-09-20T15:04:38+00:00\" \/>\n<meta property=\"og:image\" content=\"https:\/\/www.hasert-haut.de\/wp-content\/uploads\/2015\/01\/Allgemeinmedizin1.jpg\" \/>\n\t<meta property=\"og:image:width\" content=\"1000\" \/>\n\t<meta property=\"og:image:height\" content=\"500\" \/>\n\t<meta property=\"og:image:type\" content=\"image\/jpeg\" \/>\n<meta name=\"twitter:label1\" content=\"Tahmini okuma s\u00fcresi\" \/>\n\t<meta name=\"twitter:data1\" content=\"6 dakika\" \/>\n<script type=\"application\/ld+json\" class=\"yoast-schema-graph\">{\"@context\":\"https:\/\/schema.org\",\"@graph\":[{\"@type\":\"WebPage\",\"@id\":\"https:\/\/www.hasert-haut.de\/tr\/genel-tip\/\",\"url\":\"https:\/\/www.hasert-haut.de\/tr\/genel-tip\/\",\"name\":\"Genel T\u0131p | Dermatolog Dr. Hasert Berlin-Mitte\",\"isPartOf\":{\"@id\":\"https:\/\/www.hasert-haut.de\/tr\/#website\"},\"primaryImageOfPage\":{\"@id\":\"https:\/\/www.hasert-haut.de\/tr\/genel-tip\/#primaryimage\"},\"image\":{\"@id\":\"https:\/\/www.hasert-haut.de\/tr\/genel-tip\/#primaryimage\"},\"thumbnailUrl\":\"https:\/\/www.hasert-haut.de\/wp-content\/uploads\/2015\/01\/Allgemeinmedizin1.jpg\",\"datePublished\":\"2015-01-20T15:06:12+00:00\",\"dateModified\":\"2023-09-20T15:04:38+00:00\",\"description\":\"Dermatoloji klini\u011findeki tedavilerin yan\u0131 s\u0131ra genel t\u0131bb\u0131n t\u00fcm hizmetlerini uygulama klini\u011fimizde sunmaktad\u0131r.\",\"breadcrumb\":{\"@id\":\"https:\/\/www.hasert-haut.de\/tr\/genel-tip\/#breadcrumb\"},\"inLanguage\":\"tr\",\"potentialAction\":[{\"@type\":\"ReadAction\",\"target\":[\"https:\/\/www.hasert-haut.de\/tr\/genel-tip\/\"]}]},{\"@type\":\"ImageObject\",\"inLanguage\":\"tr\",\"@id\":\"https:\/\/www.hasert-haut.de\/tr\/genel-tip\/#primaryimage\",\"url\":\"https:\/\/www.hasert-haut.de\/wp-content\/uploads\/2015\/01\/Allgemeinmedizin1.jpg\",\"contentUrl\":\"https:\/\/www.hasert-haut.de\/wp-content\/uploads\/2015\/01\/Allgemeinmedizin1.jpg\",\"width\":1000,\"height\":500,\"caption\":\"Allgemeinmedizin - Praxisklinik Dr. Hasert Berlin - Hautarzt\"},{\"@type\":\"BreadcrumbList\",\"@id\":\"https:\/\/www.hasert-haut.de\/tr\/genel-tip\/#breadcrumb\",\"itemListElement\":[{\"@type\":\"ListItem\",\"position\":1,\"name\":\"Home\",\"item\":\"https:\/\/www.hasert-haut.de\/tr\/hosgeldiniz\/\"},{\"@type\":\"ListItem\",\"position\":2,\"name\":\"Genel T\u0131p\"}]},{\"@type\":\"WebSite\",\"@id\":\"https:\/\/www.hasert-haut.de\/tr\/#website\",\"url\":\"https:\/\/www.hasert-haut.de\/tr\/\",\"name\":\"Hautarzt Berlin - Praxisklinik Dr. Hasert\",\"description\":\"Hautarzt, Allgemeinmedizin\",\"potentialAction\":[{\"@type\":\"SearchAction\",\"target\":{\"@type\":\"EntryPoint\",\"urlTemplate\":\"https:\/\/www.hasert-haut.de\/tr\/?s={search_term_string}\"},\"query-input\":{\"@type\":\"PropertyValueSpecification\",\"valueRequired\":true,\"valueName\":\"search_term_string\"}}],\"inLanguage\":\"tr\"}]}<\/script>\n<!-- \/ Yoast SEO plugin. -->","yoast_head_json":{"title":"Genel T\u0131p | Dermatolog Dr. Hasert Berlin-Mitte","description":"Dermatoloji klini\u011findeki tedavilerin yan\u0131 s\u0131ra genel t\u0131bb\u0131n t\u00fcm hizmetlerini uygulama klini\u011fimizde sunmaktad\u0131r.","robots":{"index":"index","follow":"follow","max-snippet":"max-snippet:-1","max-image-preview":"max-image-preview:large","max-video-preview":"max-video-preview:-1"},"canonical":"https:\/\/www.hasert-haut.de\/tr\/genel-tip\/","og_locale":"tr_TR","og_type":"article","og_title":"Genel T\u0131p | Dermatolog Dr. Hasert Berlin-Mitte","og_description":"Dermatoloji klini\u011findeki tedavilerin yan\u0131 s\u0131ra genel t\u0131bb\u0131n t\u00fcm hizmetlerini uygulama klini\u011fimizde sunmaktad\u0131r.","og_url":"https:\/\/www.hasert-haut.de\/tr\/genel-tip\/","og_site_name":"Hautarzt Berlin - Praxisklinik Dr. Hasert","article_modified_time":"2023-09-20T15:04:38+00:00","og_image":[{"width":1000,"height":500,"url":"https:\/\/www.hasert-haut.de\/wp-content\/uploads\/2015\/01\/Allgemeinmedizin1.jpg","type":"image\/jpeg"}],"twitter_misc":{"Tahmini okuma s\u00fcresi":"6 dakika"},"schema":{"@context":"https:\/\/schema.org","@graph":[{"@type":"WebPage","@id":"https:\/\/www.hasert-haut.de\/tr\/genel-tip\/","url":"https:\/\/www.hasert-haut.de\/tr\/genel-tip\/","name":"Genel T\u0131p | Dermatolog Dr. Hasert Berlin-Mitte","isPartOf":{"@id":"https:\/\/www.hasert-haut.de\/tr\/#website"},"primaryImageOfPage":{"@id":"https:\/\/www.hasert-haut.de\/tr\/genel-tip\/#primaryimage"},"image":{"@id":"https:\/\/www.hasert-haut.de\/tr\/genel-tip\/#primaryimage"},"thumbnailUrl":"https:\/\/www.hasert-haut.de\/wp-content\/uploads\/2015\/01\/Allgemeinmedizin1.jpg","datePublished":"2015-01-20T15:06:12+00:00","dateModified":"2023-09-20T15:04:38+00:00","description":"Dermatoloji klini\u011findeki tedavilerin yan\u0131 s\u0131ra genel t\u0131bb\u0131n t\u00fcm hizmetlerini uygulama klini\u011fimizde sunmaktad\u0131r.","breadcrumb":{"@id":"https:\/\/www.hasert-haut.de\/tr\/genel-tip\/#breadcrumb"},"inLanguage":"tr","potentialAction":[{"@type":"ReadAction","target":["https:\/\/www.hasert-haut.de\/tr\/genel-tip\/"]}]},{"@type":"ImageObject","inLanguage":"tr","@id":"https:\/\/www.hasert-haut.de\/tr\/genel-tip\/#primaryimage","url":"https:\/\/www.hasert-haut.de\/wp-content\/uploads\/2015\/01\/Allgemeinmedizin1.jpg","contentUrl":"https:\/\/www.hasert-haut.de\/wp-content\/uploads\/2015\/01\/Allgemeinmedizin1.jpg","width":1000,"height":500,"caption":"Allgemeinmedizin - Praxisklinik Dr. Hasert Berlin - Hautarzt"},{"@type":"BreadcrumbList","@id":"https:\/\/www.hasert-haut.de\/tr\/genel-tip\/#breadcrumb","itemListElement":[{"@type":"ListItem","position":1,"name":"Home","item":"https:\/\/www.hasert-haut.de\/tr\/hosgeldiniz\/"},{"@type":"ListItem","position":2,"name":"Genel T\u0131p"}]},{"@type":"WebSite","@id":"https:\/\/www.hasert-haut.de\/tr\/#website","url":"https:\/\/www.hasert-haut.de\/tr\/","name":"Hautarzt Berlin - Praxisklinik Dr. Hasert","description":"Hautarzt, Allgemeinmedizin","potentialAction":[{"@type":"SearchAction","target":{"@type":"EntryPoint","urlTemplate":"https:\/\/www.hasert-haut.de\/tr\/?s={search_term_string}"},"query-input":{"@type":"PropertyValueSpecification","valueRequired":true,"valueName":"search_term_string"}}],"inLanguage":"tr"}]}},"_links":{"self":[{"href":"https:\/\/www.hasert-haut.de\/tr\/wp-json\/wp\/v2\/pages\/2151","targetHints":{"allow":["GET"]}}],"collection":[{"href":"https:\/\/www.hasert-haut.de\/tr\/wp-json\/wp\/v2\/pages"}],"about":[{"href":"https:\/\/www.hasert-haut.de\/tr\/wp-json\/wp\/v2\/types\/page"}],"author":[{"embeddable":true,"href":"https:\/\/www.hasert-haut.de\/tr\/wp-json\/wp\/v2\/users\/1"}],"replies":[{"embeddable":true,"href":"https:\/\/www.hasert-haut.de\/tr\/wp-json\/wp\/v2\/comments?post=2151"}],"version-history":[{"count":34,"href":"https:\/\/www.hasert-haut.de\/tr\/wp-json\/wp\/v2\/pages\/2151\/revisions"}],"predecessor-version":[{"id":11932,"href":"https:\/\/www.hasert-haut.de\/tr\/wp-json\/wp\/v2\/pages\/2151\/revisions\/11932"}],"wp:featuredmedia":[{"embeddable":true,"href":"https:\/\/www.hasert-haut.de\/tr\/wp-json\/wp\/v2\/media\/1984"}],"wp:attachment":[{"href":"https:\/\/www.hasert-haut.de\/tr\/wp-json\/wp\/v2\/media?parent=2151"}],"curies":[{"name":"wp","href":"https:\/\/api.w.org\/{rel}","templated":true}]}}