{"id":2224,"date":"2016-12-12T09:38:21","date_gmt":"2016-12-12T09:38:21","guid":{"rendered":"https:\/\/www.hasert-haut.de\/konservative-dermatologie\/"},"modified":"2024-03-14T13:11:35","modified_gmt":"2024-03-14T13:11:35","slug":"muhafazakar-dermatoloji","status":"publish","type":"page","link":"https:\/\/www.hasert-haut.de\/tr\/muhafazakar-dermatoloji\/","title":{"rendered":"muhafazakar dermatoloji"},"content":{"rendered":"\n<style type=\"text\/css\" data-created_by=\"avia_inline_auto\" id=\"style-css-av-l80b1hn9-ec4016f705bb7e471f5435996723305a\">\n.avia-section.av-l80b1hn9-ec4016f705bb7e471f5435996723305a{\nbackground-repeat:no-repeat;\nbackground-image:url(https:\/\/www.hasert-haut.de\/wp-content\/uploads\/2015\/01\/Allgemeinmedizin1.jpg);\nbackground-position:50% 100%;\nbackground-attachment:scroll;\n}\n<\/style>\n<div id='av_section_1'  class='avia-section av-l80b1hn9-ec4016f705bb7e471f5435996723305a main_color avia-section-default avia-no-border-styling  avia-builder-el-0  el_before_av_section  avia-builder-el-first  avia-full-stretch avia-bg-style-scroll av-minimum-height av-minimum-height-50 av-height-50  container_wrap fullsize'  data-section-bg-repeat='stretch' data-av_minimum_height_pc='50' data-av_min_height_opt='50'><div class='container av-section-cont-open' ><main  role=\"main\" itemprop=\"mainContentOfPage\"  class='template-page content  av-content-full alpha units'><div class='post-entry post-entry-type-page post-entry-2224'><div class='entry-content-wrapper clearfix'>\n<\/div><\/div><\/main><!-- close content main element --><\/div><\/div><div id='av_section_2'  class='avia-section av-1c52y-6705d96d726e34f30075afd1c9f98823 main_color avia-section-huge avia-no-border-styling  avia-builder-el-1  el_after_av_section  avia-builder-el-last  avia-bg-style-scroll container_wrap fullsize'  ><div class='container av-section-cont-open' ><div class='template-page content  av-content-full alpha units'><div class='post-entry post-entry-type-page post-entry-2224'><div class='entry-content-wrapper clearfix'>\n\n<style type=\"text\/css\" data-created_by=\"avia_inline_auto\" id=\"style-css-av-1zubm-2401741389411717b30636ff500b5ee5\">\n#top .flex_column.av-1zubm-2401741389411717b30636ff500b5ee5{\nmargin-top:-200px;\nmargin-bottom:-200px;\n}\n.flex_column.av-1zubm-2401741389411717b30636ff500b5ee5{\nborder-radius:0px 0px 0px 0px;\npadding:30px 30px 30px 30px;\nbackground-color:#ffffff;\n}\n.responsive #top #wrap_all .flex_column.av-1zubm-2401741389411717b30636ff500b5ee5{\nmargin-top:-200px;\nmargin-bottom:-200px;\n}\n<\/style>\n<div  class='flex_column av-1zubm-2401741389411717b30636ff500b5ee5 av_one_full  avia-builder-el-2  el_before_av_hr  avia-builder-el-first  first flex_column_div  '     ><style type=\"text\/css\" data-created_by=\"avia_inline_auto\" id=\"style-css-av-l96u26f7-106cfffa89a17787b3fd3e1ee07d8989\">\n#top .av-special-heading.av-l96u26f7-106cfffa89a17787b3fd3e1ee07d8989{\nmargin:30px 0 0 0;\npadding-bottom:10px;\n}\nbody .av-special-heading.av-l96u26f7-106cfffa89a17787b3fd3e1ee07d8989 .av-special-heading-tag .heading-char{\nfont-size:25px;\n}\n.av-special-heading.av-l96u26f7-106cfffa89a17787b3fd3e1ee07d8989 .av-subheading{\nfont-size:15px;\n}\n<\/style>\n<div  class='av-special-heading av-l96u26f7-106cfffa89a17787b3fd3e1ee07d8989 av-special-heading-h1 blockquote modern-quote modern-centered  avia-builder-el-3  avia-builder-el-no-sibling '><h1 class='av-special-heading-tag'  itemprop=\"headline\"  >muhafazakar dermatoloji<\/h1><div class=\"special-heading-border\"><div class=\"special-heading-inner-border\"><\/div><\/div><\/div><\/div>\n<style type=\"text\/css\" data-created_by=\"avia_inline_auto\" id=\"style-css-av-l96u2dxw-bef62529ba4e12912e5f4b47d6fefae0\">\n#top .hr.hr-invisible.av-l96u2dxw-bef62529ba4e12912e5f4b47d6fefae0{\nheight:50px;\n}\n<\/style>\n<div  class='hr av-l96u2dxw-bef62529ba4e12912e5f4b47d6fefae0 hr-invisible  avia-builder-el-4  el_after_av_one_full  el_before_av_one_full '><span class='hr-inner '><span class=\"hr-inner-style\"><\/span><\/span><\/div>\n\n<style type=\"text\/css\" data-created_by=\"avia_inline_auto\" id=\"style-css-av-ajd7l-c04253c6914ea50e1f188ebedd5df2b7\">\n.flex_column.av-ajd7l-c04253c6914ea50e1f188ebedd5df2b7{\nborder-radius:0px 0px 0px 0px;\npadding:0px 0px 0px 0px;\n}\n<\/style>\n<div  class='flex_column av-ajd7l-c04253c6914ea50e1f188ebedd5df2b7 av_one_full  avia-builder-el-5  el_after_av_hr  avia-builder-el-last  first flex_column_div av-zero-column-padding  '     ><div  id=\"av-sc-portfolio-1\"  class=' grid-sort-container isotope   no_margin-container with-excerpt-container grid-total-even grid-col-2 grid-links-' data-portfolio-id='1'><div data-ajax-id='6829' class=' grid-entry flex_column isotope-item all_sort no_margin post-entry post-entry-6829 grid-entry-overview grid-loop-1 grid-parity-odd  konservative-dermatologie-tr_sort  av_one_half first default_av_fullwidth '><article class='main_color inner-entry'  itemscope=\"itemscope\" itemtype=\"https:\/\/schema.org\/CreativeWork\" ><a href=\"https:\/\/www.hasert-haut.de\/tr\/leistungen\/akne\/\" title='akne'  data-rel='grid-1' class='grid-image avia-hover-fx'> <img decoding=\"async\" fetchpriority=\"high\" width=\"495\" height=\"400\" src=\"https:\/\/www.hasert-haut.de\/wp-content\/uploads\/2016\/12\/akne-495x400.jpg\" class=\"wp-image-2020 avia-img-lazy-loading-not-2020 attachment-portfolio size-portfolio wp-post-image\" alt=\"Behandlung von Akne | Hautarzt Dr. Hasert Berlin\" \/><\/a><div class='grid-content'><div class='avia-arrow'><\/div><header class=\"entry-content-header\"><h3 class='grid-entry-title entry-title '  itemprop=\"headline\" ><a href='https:\/\/www.hasert-haut.de\/tr\/leistungen\/akne\/' title='akne'>akne<\/a><\/h3><\/header><div class='grid-entry-excerpt entry-content'  itemprop=\"text\" >En s\u0131k g\u00f6r\u00fclen cilt hastal\u0131klar\u0131ndan biri olan akne tedavisi i\u00e7in dermatoloji prati\u011fimizde \u00e7e\u015fitli terapi y\u00f6ntemleri kullan\u0131lmaktad\u0131r.<\/div><\/div><footer class=\"entry-footer\"><\/footer><\/article><\/div><div data-ajax-id='6840' class=' grid-entry flex_column isotope-item all_sort no_margin post-entry post-entry-6840 grid-entry-overview grid-loop-2 grid-parity-even  konservative-dermatologie-tr_sort  av_one_half  default_av_fullwidth '><article class='main_color inner-entry'  itemscope=\"itemscope\" itemtype=\"https:\/\/schema.org\/CreativeWork\" ><a href=\"https:\/\/www.hasert-haut.de\/tr\/leistungen\/alerji\/\" title='alerji'  data-rel='grid-1' class='grid-image avia-hover-fx'> <img decoding=\"async\" fetchpriority=\"high\" width=\"495\" height=\"400\" src=\"https:\/\/www.hasert-haut.de\/wp-content\/uploads\/2015\/01\/Allergologie-495x400.jpg\" class=\"wp-image-2035 avia-img-lazy-loading-not-2035 attachment-portfolio size-portfolio wp-post-image\" alt=\"\" \/><\/a><div class='grid-content'><div class='avia-arrow'><\/div><header class=\"entry-content-header\"><h3 class='grid-entry-title entry-title '  itemprop=\"headline\" ><a href='https:\/\/www.hasert-haut.de\/tr\/leistungen\/alerji\/' title='alerji'>alerji<\/a><\/h3><\/header><div class='grid-entry-excerpt entry-content'  itemprop=\"text\" >Giderek daha fazla insan polen, hayvan k\u0131l\u0131, g\u0131da veya temas malzemeleri - alergoloji taraf\u0131ndan tetiklenen alerjilerden muzdariptir.<\/div><\/div><footer class=\"entry-footer\"><\/footer><\/article><\/div><div data-ajax-id='7071' class=' grid-entry flex_column isotope-item all_sort no_margin post-entry post-entry-7071 grid-entry-overview grid-loop-3 grid-parity-odd  konservative-dermatologie-tr_sort  av_one_half first default_av_fullwidth '><article class='main_color inner-entry'  itemscope=\"itemscope\" itemtype=\"https:\/\/schema.org\/CreativeWork\" ><a href=\"https:\/\/www.hasert-haut.de\/tr\/leistungen\/mikoloji\/\" title='mikoloji'  data-rel='grid-1' class='grid-image avia-hover-fx'> <img decoding=\"async\" fetchpriority=\"high\" width=\"495\" height=\"400\" src=\"https:\/\/www.hasert-haut.de\/wp-content\/uploads\/2016\/12\/Mykologie-495x400.jpg\" class=\"wp-image-2023 avia-img-lazy-loading-not-2023 attachment-portfolio size-portfolio wp-post-image\" alt=\"\" \/><\/a><div class='grid-content'><div class='avia-arrow'><\/div><header class=\"entry-content-header\"><h3 class='grid-entry-title entry-title '  itemprop=\"headline\" ><a href='https:\/\/www.hasert-haut.de\/tr\/leistungen\/mikoloji\/' title='mikoloji'>mikoloji<\/a><\/h3><\/header><div class='grid-entry-excerpt entry-content'  itemprop=\"text\" >Mantar patojenleri ile olas\u0131 bir enfeksiyon \u015f\u00fcphesi varsa (\u00f6rn. deri, t\u0131rnak ve sa\u00e7), muayenehanemizde mikroskobik incelemeler, mantar k\u00fclt\u00fcrleri ve PCR kullan\u0131larak hedefe y\u00f6nelik bir te\u015fhis yap\u0131labilir.<\/div><\/div><footer class=\"entry-footer\"><\/footer><\/article><\/div><div data-ajax-id='7081' class=' grid-entry flex_column isotope-item all_sort no_margin post-entry post-entry-7081 grid-entry-overview grid-loop-4 grid-parity-even  konservative-dermatologie-tr_sort  av_one_half  default_av_fullwidth '><article class='main_color inner-entry'  itemscope=\"itemscope\" itemtype=\"https:\/\/schema.org\/CreativeWork\" ><a href=\"https:\/\/www.hasert-haut.de\/tr\/leistungen\/noerodermatit\/\" title='n\u00f6rodermatit'  data-rel='grid-1' class='grid-image avia-hover-fx'> <img decoding=\"async\" fetchpriority=\"high\" width=\"495\" height=\"400\" src=\"https:\/\/www.hasert-haut.de\/wp-content\/uploads\/2016\/12\/Neurodermitis-495x400.jpg\" class=\"wp-image-2038 avia-img-lazy-loading-not-2038 attachment-portfolio size-portfolio wp-post-image\" alt=\"Neurodermitis | Hautarzt Dr. Hasert Berlin-Mitte |\" \/><\/a><div class='grid-content'><div class='avia-arrow'><\/div><header class=\"entry-content-header\"><h3 class='grid-entry-title entry-title '  itemprop=\"headline\" ><a href='https:\/\/www.hasert-haut.de\/tr\/leistungen\/noerodermatit\/' title='n\u00f6rodermatit'>n\u00f6rodermatit<\/a><\/h3><\/header><\/div><footer class=\"entry-footer\"><\/footer><\/article><\/div><div data-ajax-id='7028' class=' grid-entry flex_column isotope-item all_sort no_margin post-entry post-entry-7028 grid-entry-overview grid-loop-5 grid-parity-odd  konservative-dermatologie-tr_sort  av_one_half first default_av_fullwidth '><article class='main_color inner-entry'  itemscope=\"itemscope\" itemtype=\"https:\/\/schema.org\/CreativeWork\" ><a href=\"https:\/\/www.hasert-haut.de\/tr\/leistungen\/sac-kaybi\/\" title='sa\u00e7 kayb\u0131'  data-rel='grid-1' class='grid-image avia-hover-fx'> <img decoding=\"async\" fetchpriority=\"high\" width=\"495\" height=\"400\" src=\"https:\/\/www.hasert-haut.de\/wp-content\/uploads\/2016\/12\/Haarausfall-495x400.jpg\" class=\"wp-image-2039 avia-img-lazy-loading-not-2039 attachment-portfolio size-portfolio wp-post-image\" alt=\"Haarausfall | Heutarzt Dr. Hasert Berlin-Mitte\" \/><\/a><div class='grid-content'><div class='avia-arrow'><\/div><header class=\"entry-content-header\"><h3 class='grid-entry-title entry-title '  itemprop=\"headline\" ><a href='https:\/\/www.hasert-haut.de\/tr\/leistungen\/sac-kaybi\/' title='sa\u00e7 kayb\u0131'>sa\u00e7 kayb\u0131<\/a><\/h3><\/header><\/div><footer class=\"entry-footer\"><\/footer><\/article><\/div><div data-ajax-id='7132' class=' grid-entry flex_column isotope-item all_sort no_margin post-entry post-entry-7132 grid-entry-overview grid-loop-6 grid-parity-even  post-entry-last  konservative-dermatologie-tr_sort  av_one_half  default_av_fullwidth '><article class='main_color inner-entry'  itemscope=\"itemscope\" itemtype=\"https:\/\/schema.org\/CreativeWork\" ><a href=\"https:\/\/www.hasert-haut.de\/tr\/leistungen\/sedef-hastaligi\/\" title='sedef hastal\u0131\u011f\u0131'  data-rel='grid-1' class='grid-image avia-hover-fx'> <img decoding=\"async\" fetchpriority=\"high\" width=\"495\" height=\"400\" src=\"https:\/\/www.hasert-haut.de\/wp-content\/uploads\/2015\/01\/Psoriasis-3-495x400.jpg\" class=\"wp-image-2033 avia-img-lazy-loading-not-2033 attachment-portfolio size-portfolio wp-post-image\" alt=\"\" \/><\/a><div class='grid-content'><div class='avia-arrow'><\/div><header class=\"entry-content-header\"><h3 class='grid-entry-title entry-title '  itemprop=\"headline\" ><a href='https:\/\/www.hasert-haut.de\/tr\/leistungen\/sedef-hastaligi\/' title='sedef hastal\u0131\u011f\u0131'>sedef hastal\u0131\u011f\u0131<\/a><\/h3><\/header><div class='grid-entry-excerpt entry-content'  itemprop=\"text\" >Sedef hastal\u0131\u011f\u0131, genellikle v\u00fccudun sadece birka\u00e7 b\u00f6l\u00fcm\u00fcn\u00fc etkileyen, ancak hepsini kapsayabilen bir cilt hastal\u0131\u011f\u0131d\u0131r.<\/div><\/div><footer class=\"entry-footer\"><\/footer><\/article><\/div><\/div><\/div>\n","protected":false},"excerpt":{"rendered":"<p>Dermatolog Dr. Raoul Hasert&#8217;in Berlin-Mitte&#8217;de Friedrichstra\u00dfe&#8217;deki muayenehanesinin Konservatif Dermatoloji servisine genel bak\u0131\u015f.<\/p>\n","protected":false},"author":1,"featured_media":0,"parent":0,"menu_order":0,"comment_status":"closed","ping_status":"closed","template":"","meta":{"footnotes":""},"class_list":["post-2224","page","type-page","status-publish","hentry"],"yoast_head":"<!-- This site is optimized with the Yoast SEO plugin v25.3.1 - https:\/\/yoast.com\/wordpress\/plugins\/seo\/ -->\n<title>Konservatif Dermatoloji | Dermatolog Dr. Raoul Hasert Berlin<\/title>\n<meta name=\"description\" content=\"Dermatolog Dr. Raoul Hasert&#039;in Berlin-Mitte&#039;de Friedrichstra\u00dfe&#039;deki muayenehanesinin Konservatif Dermatoloji servisine genel bak\u0131\u015f.\" \/>\n<meta name=\"robots\" content=\"index, follow, max-snippet:-1, max-image-preview:large, max-video-preview:-1\" \/>\n<link rel=\"canonical\" href=\"https:\/\/www.hasert-haut.de\/tr\/muhafazakar-dermatoloji\/\" \/>\n<meta property=\"og:locale\" content=\"tr_TR\" \/>\n<meta property=\"og:type\" content=\"article\" \/>\n<meta property=\"og:title\" content=\"Konservatif Dermatoloji | Dermatolog Dr. Raoul Hasert Berlin\" \/>\n<meta property=\"og:description\" content=\"Dermatolog Dr. Raoul Hasert&#039;in Berlin-Mitte&#039;de Friedrichstra\u00dfe&#039;deki muayenehanesinin Konservatif Dermatoloji servisine genel bak\u0131\u015f.\" \/>\n<meta property=\"og:url\" content=\"https:\/\/www.hasert-haut.de\/tr\/muhafazakar-dermatoloji\/\" \/>\n<meta property=\"og:site_name\" content=\"Hautarzt Berlin - Praxisklinik Dr. Hasert\" \/>\n<meta property=\"article:modified_time\" content=\"2024-03-14T13:11:35+00:00\" \/>\n<meta name=\"twitter:label1\" content=\"Tahmini okuma s\u00fcresi\" \/>\n\t<meta name=\"twitter:data1\" content=\"5 dakika\" \/>\n<script type=\"application\/ld+json\" class=\"yoast-schema-graph\">{\"@context\":\"https:\/\/schema.org\",\"@graph\":[{\"@type\":\"WebPage\",\"@id\":\"https:\/\/www.hasert-haut.de\/tr\/muhafazakar-dermatoloji\/\",\"url\":\"https:\/\/www.hasert-haut.de\/tr\/muhafazakar-dermatoloji\/\",\"name\":\"Konservatif Dermatoloji | Dermatolog Dr. Raoul Hasert Berlin\",\"isPartOf\":{\"@id\":\"https:\/\/www.hasert-haut.de\/tr\/#website\"},\"datePublished\":\"2016-12-12T09:38:21+00:00\",\"dateModified\":\"2024-03-14T13:11:35+00:00\",\"description\":\"Dermatolog Dr. Raoul Hasert'in Berlin-Mitte'de Friedrichstra\u00dfe'deki muayenehanesinin Konservatif Dermatoloji servisine genel bak\u0131\u015f.\",\"breadcrumb\":{\"@id\":\"https:\/\/www.hasert-haut.de\/tr\/muhafazakar-dermatoloji\/#breadcrumb\"},\"inLanguage\":\"tr\",\"potentialAction\":[{\"@type\":\"ReadAction\",\"target\":[\"https:\/\/www.hasert-haut.de\/tr\/muhafazakar-dermatoloji\/\"]}]},{\"@type\":\"BreadcrumbList\",\"@id\":\"https:\/\/www.hasert-haut.de\/tr\/muhafazakar-dermatoloji\/#breadcrumb\",\"itemListElement\":[{\"@type\":\"ListItem\",\"position\":1,\"name\":\"Home\",\"item\":\"https:\/\/www.hasert-haut.de\/tr\/hosgeldiniz\/\"},{\"@type\":\"ListItem\",\"position\":2,\"name\":\"muhafazakar dermatoloji\"}]},{\"@type\":\"WebSite\",\"@id\":\"https:\/\/www.hasert-haut.de\/tr\/#website\",\"url\":\"https:\/\/www.hasert-haut.de\/tr\/\",\"name\":\"Hautarzt Berlin - Praxisklinik Dr. Hasert\",\"description\":\"Hautarzt, Allgemeinmedizin\",\"potentialAction\":[{\"@type\":\"SearchAction\",\"target\":{\"@type\":\"EntryPoint\",\"urlTemplate\":\"https:\/\/www.hasert-haut.de\/tr\/?s={search_term_string}\"},\"query-input\":{\"@type\":\"PropertyValueSpecification\",\"valueRequired\":true,\"valueName\":\"search_term_string\"}}],\"inLanguage\":\"tr\"}]}<\/script>\n<!-- \/ Yoast SEO plugin. -->","yoast_head_json":{"title":"Konservatif Dermatoloji | Dermatolog Dr. Raoul Hasert Berlin","description":"Dermatolog Dr. Raoul Hasert'in Berlin-Mitte'de Friedrichstra\u00dfe'deki muayenehanesinin Konservatif Dermatoloji servisine genel bak\u0131\u015f.","robots":{"index":"index","follow":"follow","max-snippet":"max-snippet:-1","max-image-preview":"max-image-preview:large","max-video-preview":"max-video-preview:-1"},"canonical":"https:\/\/www.hasert-haut.de\/tr\/muhafazakar-dermatoloji\/","og_locale":"tr_TR","og_type":"article","og_title":"Konservatif Dermatoloji | Dermatolog Dr. Raoul Hasert Berlin","og_description":"Dermatolog Dr. Raoul Hasert'in Berlin-Mitte'de Friedrichstra\u00dfe'deki muayenehanesinin Konservatif Dermatoloji servisine genel bak\u0131\u015f.","og_url":"https:\/\/www.hasert-haut.de\/tr\/muhafazakar-dermatoloji\/","og_site_name":"Hautarzt Berlin - Praxisklinik Dr. Hasert","article_modified_time":"2024-03-14T13:11:35+00:00","twitter_misc":{"Tahmini okuma s\u00fcresi":"5 dakika"},"schema":{"@context":"https:\/\/schema.org","@graph":[{"@type":"WebPage","@id":"https:\/\/www.hasert-haut.de\/tr\/muhafazakar-dermatoloji\/","url":"https:\/\/www.hasert-haut.de\/tr\/muhafazakar-dermatoloji\/","name":"Konservatif Dermatoloji | Dermatolog Dr. Raoul Hasert Berlin","isPartOf":{"@id":"https:\/\/www.hasert-haut.de\/tr\/#website"},"datePublished":"2016-12-12T09:38:21+00:00","dateModified":"2024-03-14T13:11:35+00:00","description":"Dermatolog Dr. Raoul Hasert'in Berlin-Mitte'de Friedrichstra\u00dfe'deki muayenehanesinin Konservatif Dermatoloji servisine genel bak\u0131\u015f.","breadcrumb":{"@id":"https:\/\/www.hasert-haut.de\/tr\/muhafazakar-dermatoloji\/#breadcrumb"},"inLanguage":"tr","potentialAction":[{"@type":"ReadAction","target":["https:\/\/www.hasert-haut.de\/tr\/muhafazakar-dermatoloji\/"]}]},{"@type":"BreadcrumbList","@id":"https:\/\/www.hasert-haut.de\/tr\/muhafazakar-dermatoloji\/#breadcrumb","itemListElement":[{"@type":"ListItem","position":1,"name":"Home","item":"https:\/\/www.hasert-haut.de\/tr\/hosgeldiniz\/"},{"@type":"ListItem","position":2,"name":"muhafazakar dermatoloji"}]},{"@type":"WebSite","@id":"https:\/\/www.hasert-haut.de\/tr\/#website","url":"https:\/\/www.hasert-haut.de\/tr\/","name":"Hautarzt Berlin - Praxisklinik Dr. Hasert","description":"Hautarzt, Allgemeinmedizin","potentialAction":[{"@type":"SearchAction","target":{"@type":"EntryPoint","urlTemplate":"https:\/\/www.hasert-haut.de\/tr\/?s={search_term_string}"},"query-input":{"@type":"PropertyValueSpecification","valueRequired":true,"valueName":"search_term_string"}}],"inLanguage":"tr"}]}},"_links":{"self":[{"href":"https:\/\/www.hasert-haut.de\/tr\/wp-json\/wp\/v2\/pages\/2224","targetHints":{"allow":["GET"]}}],"collection":[{"href":"https:\/\/www.hasert-haut.de\/tr\/wp-json\/wp\/v2\/pages"}],"about":[{"href":"https:\/\/www.hasert-haut.de\/tr\/wp-json\/wp\/v2\/types\/page"}],"author":[{"embeddable":true,"href":"https:\/\/www.hasert-haut.de\/tr\/wp-json\/wp\/v2\/users\/1"}],"replies":[{"embeddable":true,"href":"https:\/\/www.hasert-haut.de\/tr\/wp-json\/wp\/v2\/comments?post=2224"}],"version-history":[{"count":38,"href":"https:\/\/www.hasert-haut.de\/tr\/wp-json\/wp\/v2\/pages\/2224\/revisions"}],"predecessor-version":[{"id":11979,"href":"https:\/\/www.hasert-haut.de\/tr\/wp-json\/wp\/v2\/pages\/2224\/revisions\/11979"}],"wp:attachment":[{"href":"https:\/\/www.hasert-haut.de\/tr\/wp-json\/wp\/v2\/media?parent=2224"}],"curies":[{"name":"wp","href":"https:\/\/api.w.org\/{rel}","templated":true}]}}