{"id":2229,"date":"2015-01-20T15:07:16","date_gmt":"2015-01-20T15:07:16","guid":{"rendered":"https:\/\/www.hasert-haut.de\/kontakt\/"},"modified":"2023-09-20T15:29:40","modified_gmt":"2023-09-20T15:29:40","slug":"iletisim","status":"publish","type":"page","link":"https:\/\/www.hasert-haut.de\/tr\/iletisim\/","title":{"rendered":"\u0130leti\u015fim"},"content":{"rendered":"\n<style type=\"text\/css\" data-created_by=\"avia_inline_auto\" id=\"style-css-av-l80b1hn9-ec4016f705bb7e471f5435996723305a\">\n.avia-section.av-l80b1hn9-ec4016f705bb7e471f5435996723305a{\nbackground-repeat:no-repeat;\nbackground-image:url(https:\/\/www.hasert-haut.de\/wp-content\/uploads\/2015\/01\/Allgemeinmedizin1.jpg);\nbackground-position:50% 100%;\nbackground-attachment:scroll;\n}\n<\/style>\n<div id='av_section_1'  class='avia-section av-l80b1hn9-ec4016f705bb7e471f5435996723305a main_color avia-section-default avia-no-border-styling  avia-builder-el-0  el_before_av_section  avia-builder-el-first  avia-full-stretch avia-bg-style-scroll av-minimum-height av-minimum-height-50 av-height-50  container_wrap fullsize'  data-section-bg-repeat='stretch' data-av_minimum_height_pc='50' data-av_min_height_opt='50'><div class='container av-section-cont-open' ><main  role=\"main\" itemprop=\"mainContentOfPage\"  class='template-page content  av-content-full alpha units'><div class='post-entry post-entry-type-page post-entry-2229'><div class='entry-content-wrapper clearfix'>\n<\/div><\/div><\/main><!-- close content main element --><\/div><\/div><div id='av_section_2'  class='avia-section av-1c52y-6705d96d726e34f30075afd1c9f98823 main_color avia-section-huge avia-no-border-styling  avia-builder-el-1  el_after_av_section  avia-builder-el-last  avia-bg-style-scroll container_wrap fullsize'  ><div class='container av-section-cont-open' ><div class='template-page content  av-content-full alpha units'><div class='post-entry post-entry-type-page post-entry-2229'><div class='entry-content-wrapper clearfix'>\n\n<style type=\"text\/css\" data-created_by=\"avia_inline_auto\" id=\"style-css-av-1zubm-cf8dd5eea0f9c55c19c0ef078ddbcf82\">\n#top .flex_column.av-1zubm-cf8dd5eea0f9c55c19c0ef078ddbcf82{\nmargin-top:-200px;\nmargin-bottom:-200px;\n}\n.flex_column.av-1zubm-cf8dd5eea0f9c55c19c0ef078ddbcf82{\nborder-radius:0px 0px 0px 0px;\npadding:30px 30px 30px 30px;\nbackground-color:#ffffff;\n}\n.responsive #top #wrap_all .flex_column.av-1zubm-cf8dd5eea0f9c55c19c0ef078ddbcf82{\nmargin-top:-200px;\nmargin-bottom:-200px;\n}\n<\/style>\n<div  class='flex_column av-1zubm-cf8dd5eea0f9c55c19c0ef078ddbcf82 av_one_full  avia-builder-el-2  el_before_av_hr  avia-builder-el-first  first flex_column_div  '     ><style type=\"text\/css\" data-created_by=\"avia_inline_auto\" id=\"style-css-av-l96uxg8t-a7171586a33f9ef885fc8b43615c3a17\">\n#top .av-special-heading.av-l96uxg8t-a7171586a33f9ef885fc8b43615c3a17{\nmargin:30px 0 0 0;\npadding-bottom:10px;\n}\nbody .av-special-heading.av-l96uxg8t-a7171586a33f9ef885fc8b43615c3a17 .av-special-heading-tag .heading-char{\nfont-size:25px;\n}\n.av-special-heading.av-l96uxg8t-a7171586a33f9ef885fc8b43615c3a17 .av-subheading{\nfont-size:15px;\n}\n<\/style>\n<div  class='av-special-heading av-l96uxg8t-a7171586a33f9ef885fc8b43615c3a17 av-special-heading-h1 blockquote modern-quote modern-centered  avia-builder-el-3  avia-builder-el-no-sibling '><h1 class='av-special-heading-tag'  itemprop=\"headline\"  >\u0130leti\u015fim<\/h1><div class=\"special-heading-border\"><div class=\"special-heading-inner-border\"><\/div><\/div><\/div><\/div>\n<style type=\"text\/css\" data-created_by=\"avia_inline_auto\" id=\"style-css-av-l96u2dxw-bef62529ba4e12912e5f4b47d6fefae0\">\n#top .hr.hr-invisible.av-l96u2dxw-bef62529ba4e12912e5f4b47d6fefae0{\nheight:50px;\n}\n<\/style>\n<div  class='hr av-l96u2dxw-bef62529ba4e12912e5f4b47d6fefae0 hr-invisible  avia-builder-el-4  el_after_av_one_full  el_before_av_textblock '><span class='hr-inner '><span class=\"hr-inner-style\"><\/span><\/span><\/div>\n<section  class='av_textblock_section av-2wrig-424bf85fb6f02fc83944cc985b0976db '   itemscope=\"itemscope\" itemtype=\"https:\/\/schema.org\/CreativeWork\" ><div class='avia_textblock'  itemprop=\"text\" ><p><strong>Dermatoloji prati\u011fi Dr. Hasert<\/strong><br \/>\ndoktor Karen Hasert<br \/>\ndoktor Raoul Hasert<\/p>\n<p>Friedrichstr. 113A\/ Oranienburger Caddesi K\u00f6\u015fesi.<br \/>\nD-10117 Berlin<br \/>\nAlmanya<\/p>\n<p><strong>Telefon<\/strong>: +49 (030) 281 72 30<br \/>\n<strong>Faks<\/strong>: +49 (030) 280 80 38<\/p>\n<\/div><\/section>\n\n<style type=\"text\/css\" data-created_by=\"avia_inline_auto\" id=\"style-css-av-1xhzo-1e8a8a98c2959493d6dd7f5bbb01646a\">\n#top .hr.hr-invisible.av-1xhzo-1e8a8a98c2959493d6dd7f5bbb01646a{\nheight:50px;\n}\n<\/style>\n<div  class='hr av-1xhzo-1e8a8a98c2959493d6dd7f5bbb01646a hr-invisible  avia-builder-el-6  el_after_av_textblock  el_before_av_heading '><span class='hr-inner '><span class=\"hr-inner-style\"><\/span><\/span><\/div>\n\n<style type=\"text\/css\" data-created_by=\"avia_inline_auto\" id=\"style-css-av-15qrg-77d3e78e77cd3b49d9ffb6497c49df44\">\n#top .av-special-heading.av-15qrg-77d3e78e77cd3b49d9ffb6497c49df44{\npadding-bottom:10px;\n}\nbody .av-special-heading.av-15qrg-77d3e78e77cd3b49d9ffb6497c49df44 .av-special-heading-tag .heading-char{\nfont-size:25px;\n}\n.av-special-heading.av-15qrg-77d3e78e77cd3b49d9ffb6497c49df44 .av-subheading{\nfont-size:15px;\n}\n<\/style>\n<div  class='av-special-heading av-15qrg-77d3e78e77cd3b49d9ffb6497c49df44 av-special-heading-h2 blockquote modern-quote  avia-builder-el-7  el_after_av_hr  el_before_av_textblock '><h2 class='av-special-heading-tag'  itemprop=\"headline\"  >var\u0131\u015f<\/h2><div class=\"special-heading-border\"><div class=\"special-heading-inner-border\"><\/div><\/div><\/div>\n<section  class='av_textblock_section av-pll8-3f3de20665b3dcfe38c9488768c1180e '   itemscope=\"itemscope\" itemtype=\"https:\/\/schema.org\/CreativeWork\" ><div class='avia_textblock'  itemprop=\"text\" ><p><strong>Metro<\/strong><br \/>\nHat 6 (U-Oranienburger Tor&#8217;u durdurun)<\/p>\n<p><strong>Tren<\/strong><br \/>\nHat 1, 2, 3, 5, 7, 75, 9 (Friedrichstrasse dura\u011f\u0131)<br \/>\nHat 1, 2, 25 (Oranienburger Stra\u00dfe dura\u011f\u0131)<\/p>\n<p><strong>Tramvay<\/strong><br \/>\nHat 1 (U-Oranienburger Tor&#8217;u durdurun)<br \/>\nHat 6 (U-Oranienburger Tor&#8217;u durdurun)<br \/>\nHat 13 (U-Oranienburger Tor&#8217;u durdurun)<br \/>\nHat 50 (U-Oranienburger Tor&#8217;u durdurun)<\/p>\n<p><strong>otob\u00fcs<\/strong><br \/>\nHat 57 (Friedrichstr.\/Reinhardtstr. dura\u011f\u0131)<br \/>\nHat N6 (U-Oranienburger Tor&#8217;u durdurun)<br \/>\nHat N84 (U-Oranienburger Tor&#8217;u durdurun)<\/p>\n<\/div><\/section>\n\n","protected":false},"excerpt":{"rendered":"<p>Dermatolog Dr. Raoul Hasert&#8217;in Berlin- Mitte&#8217;de Friedrichstra\u00dfe&#8217;deki muayenehanesinin ileti\u015fim bilgileri.<\/p>\n","protected":false},"author":1,"featured_media":0,"parent":0,"menu_order":0,"comment_status":"closed","ping_status":"closed","template":"","meta":{"footnotes":""},"class_list":["post-2229","page","type-page","status-publish","hentry"],"yoast_head":"<!-- This site is optimized with the Yoast SEO plugin v25.3.1 - https:\/\/yoast.com\/wordpress\/plugins\/seo\/ -->\n<title>\u0130leti\u015fim | Dermatolog Dr Raoul Hasert Berlin<\/title>\n<meta name=\"description\" content=\"Dermatolog Dr. Raoul Hasert&#039;in Berlin- Mitte&#039;de Friedrichstra\u00dfe&#039;deki muayenehanesinin ileti\u015fim bilgileri.\" \/>\n<meta name=\"robots\" content=\"index, follow, max-snippet:-1, max-image-preview:large, max-video-preview:-1\" \/>\n<link rel=\"canonical\" href=\"https:\/\/www.hasert-haut.de\/tr\/iletisim\/\" \/>\n<meta property=\"og:locale\" content=\"tr_TR\" \/>\n<meta property=\"og:type\" content=\"article\" \/>\n<meta property=\"og:title\" content=\"\u0130leti\u015fim | Dermatolog Dr Raoul Hasert Berlin\" \/>\n<meta property=\"og:description\" content=\"Dermatolog Dr. Raoul Hasert&#039;in Berlin- Mitte&#039;de Friedrichstra\u00dfe&#039;deki muayenehanesinin ileti\u015fim bilgileri.\" \/>\n<meta property=\"og:url\" content=\"https:\/\/www.hasert-haut.de\/tr\/iletisim\/\" \/>\n<meta property=\"og:site_name\" content=\"Hautarzt Berlin - Praxisklinik Dr. Hasert\" \/>\n<meta property=\"article:modified_time\" content=\"2023-09-20T15:29:40+00:00\" \/>\n<meta name=\"twitter:label1\" content=\"Tahmini okuma s\u00fcresi\" \/>\n\t<meta name=\"twitter:data1\" content=\"4 dakika\" \/>\n<script type=\"application\/ld+json\" class=\"yoast-schema-graph\">{\"@context\":\"https:\/\/schema.org\",\"@graph\":[{\"@type\":\"WebPage\",\"@id\":\"https:\/\/www.hasert-haut.de\/tr\/iletisim\/\",\"url\":\"https:\/\/www.hasert-haut.de\/tr\/iletisim\/\",\"name\":\"\u0130leti\u015fim | Dermatolog Dr Raoul Hasert Berlin\",\"isPartOf\":{\"@id\":\"https:\/\/www.hasert-haut.de\/tr\/#website\"},\"datePublished\":\"2015-01-20T15:07:16+00:00\",\"dateModified\":\"2023-09-20T15:29:40+00:00\",\"description\":\"Dermatolog Dr. Raoul Hasert'in Berlin- Mitte'de Friedrichstra\u00dfe'deki muayenehanesinin ileti\u015fim bilgileri.\",\"breadcrumb\":{\"@id\":\"https:\/\/www.hasert-haut.de\/tr\/iletisim\/#breadcrumb\"},\"inLanguage\":\"tr\",\"potentialAction\":[{\"@type\":\"ReadAction\",\"target\":[\"https:\/\/www.hasert-haut.de\/tr\/iletisim\/\"]}]},{\"@type\":\"BreadcrumbList\",\"@id\":\"https:\/\/www.hasert-haut.de\/tr\/iletisim\/#breadcrumb\",\"itemListElement\":[{\"@type\":\"ListItem\",\"position\":1,\"name\":\"Home\",\"item\":\"https:\/\/www.hasert-haut.de\/tr\/hosgeldiniz\/\"},{\"@type\":\"ListItem\",\"position\":2,\"name\":\"\u0130leti\u015fim\"}]},{\"@type\":\"WebSite\",\"@id\":\"https:\/\/www.hasert-haut.de\/tr\/#website\",\"url\":\"https:\/\/www.hasert-haut.de\/tr\/\",\"name\":\"Hautarzt Berlin - Praxisklinik Dr. Hasert\",\"description\":\"Hautarzt, Allgemeinmedizin\",\"potentialAction\":[{\"@type\":\"SearchAction\",\"target\":{\"@type\":\"EntryPoint\",\"urlTemplate\":\"https:\/\/www.hasert-haut.de\/tr\/?s={search_term_string}\"},\"query-input\":{\"@type\":\"PropertyValueSpecification\",\"valueRequired\":true,\"valueName\":\"search_term_string\"}}],\"inLanguage\":\"tr\"}]}<\/script>\n<!-- \/ Yoast SEO plugin. -->","yoast_head_json":{"title":"\u0130leti\u015fim | Dermatolog Dr Raoul Hasert Berlin","description":"Dermatolog Dr. Raoul Hasert'in Berlin- Mitte'de Friedrichstra\u00dfe'deki muayenehanesinin ileti\u015fim bilgileri.","robots":{"index":"index","follow":"follow","max-snippet":"max-snippet:-1","max-image-preview":"max-image-preview:large","max-video-preview":"max-video-preview:-1"},"canonical":"https:\/\/www.hasert-haut.de\/tr\/iletisim\/","og_locale":"tr_TR","og_type":"article","og_title":"\u0130leti\u015fim | Dermatolog Dr Raoul Hasert Berlin","og_description":"Dermatolog Dr. Raoul Hasert'in Berlin- Mitte'de Friedrichstra\u00dfe'deki muayenehanesinin ileti\u015fim bilgileri.","og_url":"https:\/\/www.hasert-haut.de\/tr\/iletisim\/","og_site_name":"Hautarzt Berlin - Praxisklinik Dr. Hasert","article_modified_time":"2023-09-20T15:29:40+00:00","twitter_misc":{"Tahmini okuma s\u00fcresi":"4 dakika"},"schema":{"@context":"https:\/\/schema.org","@graph":[{"@type":"WebPage","@id":"https:\/\/www.hasert-haut.de\/tr\/iletisim\/","url":"https:\/\/www.hasert-haut.de\/tr\/iletisim\/","name":"\u0130leti\u015fim | Dermatolog Dr Raoul Hasert Berlin","isPartOf":{"@id":"https:\/\/www.hasert-haut.de\/tr\/#website"},"datePublished":"2015-01-20T15:07:16+00:00","dateModified":"2023-09-20T15:29:40+00:00","description":"Dermatolog Dr. Raoul Hasert'in Berlin- Mitte'de Friedrichstra\u00dfe'deki muayenehanesinin ileti\u015fim bilgileri.","breadcrumb":{"@id":"https:\/\/www.hasert-haut.de\/tr\/iletisim\/#breadcrumb"},"inLanguage":"tr","potentialAction":[{"@type":"ReadAction","target":["https:\/\/www.hasert-haut.de\/tr\/iletisim\/"]}]},{"@type":"BreadcrumbList","@id":"https:\/\/www.hasert-haut.de\/tr\/iletisim\/#breadcrumb","itemListElement":[{"@type":"ListItem","position":1,"name":"Home","item":"https:\/\/www.hasert-haut.de\/tr\/hosgeldiniz\/"},{"@type":"ListItem","position":2,"name":"\u0130leti\u015fim"}]},{"@type":"WebSite","@id":"https:\/\/www.hasert-haut.de\/tr\/#website","url":"https:\/\/www.hasert-haut.de\/tr\/","name":"Hautarzt Berlin - Praxisklinik Dr. Hasert","description":"Hautarzt, Allgemeinmedizin","potentialAction":[{"@type":"SearchAction","target":{"@type":"EntryPoint","urlTemplate":"https:\/\/www.hasert-haut.de\/tr\/?s={search_term_string}"},"query-input":{"@type":"PropertyValueSpecification","valueRequired":true,"valueName":"search_term_string"}}],"inLanguage":"tr"}]}},"_links":{"self":[{"href":"https:\/\/www.hasert-haut.de\/tr\/wp-json\/wp\/v2\/pages\/2229","targetHints":{"allow":["GET"]}}],"collection":[{"href":"https:\/\/www.hasert-haut.de\/tr\/wp-json\/wp\/v2\/pages"}],"about":[{"href":"https:\/\/www.hasert-haut.de\/tr\/wp-json\/wp\/v2\/types\/page"}],"author":[{"embeddable":true,"href":"https:\/\/www.hasert-haut.de\/tr\/wp-json\/wp\/v2\/users\/1"}],"replies":[{"embeddable":true,"href":"https:\/\/www.hasert-haut.de\/tr\/wp-json\/wp\/v2\/comments?post=2229"}],"version-history":[{"count":18,"href":"https:\/\/www.hasert-haut.de\/tr\/wp-json\/wp\/v2\/pages\/2229\/revisions"}],"predecessor-version":[{"id":11947,"href":"https:\/\/www.hasert-haut.de\/tr\/wp-json\/wp\/v2\/pages\/2229\/revisions\/11947"}],"wp:attachment":[{"href":"https:\/\/www.hasert-haut.de\/tr\/wp-json\/wp\/v2\/media?parent=2229"}],"curies":[{"name":"wp","href":"https:\/\/api.w.org\/{rel}","templated":true}]}}