{"id":2263,"date":"2016-04-04T08:22:42","date_gmt":"2016-04-04T08:22:42","guid":{"rendered":"https:\/\/www.hasert-haut.de\/partnerhotel\/"},"modified":"2023-06-06T14:53:52","modified_gmt":"2023-06-06T14:53:52","slug":"ortak-otel","status":"publish","type":"page","link":"https:\/\/www.hasert-haut.de\/tr\/ortak-otel\/","title":{"rendered":"ortak otel"},"content":{"rendered":"\n<style type=\"text\/css\" data-created_by=\"avia_inline_auto\" id=\"style-css-av-w35e1-c87d26ca6264caf93f13f379e0c455c0\">\n#top .av-special-heading.av-w35e1-c87d26ca6264caf93f13f379e0c455c0{\npadding-bottom:10px;\n}\nbody .av-special-heading.av-w35e1-c87d26ca6264caf93f13f379e0c455c0 .av-special-heading-tag .heading-char{\nfont-size:25px;\n}\n.av-special-heading.av-w35e1-c87d26ca6264caf93f13f379e0c455c0 .av-subheading{\nfont-size:15px;\n}\n<\/style>\n<div  class='av-special-heading av-w35e1-c87d26ca6264caf93f13f379e0c455c0 av-special-heading-h1 blockquote modern-quote  avia-builder-el-0  el_before_av_textblock  avia-builder-el-first '><h1 class='av-special-heading-tag'  itemprop=\"headline\"  >ortak otel<\/h1><div class=\"special-heading-border\"><div class=\"special-heading-inner-border\"><\/div><\/div><\/div>\n<section  class='av_textblock_section av-prz5d-99d8cac544b276e31b56ab5ab27ac1be '   itemscope=\"itemscope\" itemtype=\"https:\/\/schema.org\/CreativeWork\" ><div class='avia_textblock'  itemprop=\"text\" ><p style=\"text-align: center;\">Gecelik konaklamalar i\u00e7in orta\u011f\u0131m\u0131z:<\/p>\n<\/div><\/section>\n\n<style type=\"text\/css\" data-created_by=\"avia_inline_auto\" id=\"style-css-av-lqkkx-7a51bf5238ea22387b6354f9cdf0dc45\">\n#top .av-special-heading.av-lqkkx-7a51bf5238ea22387b6354f9cdf0dc45{\npadding-bottom:10px;\n}\nbody .av-special-heading.av-lqkkx-7a51bf5238ea22387b6354f9cdf0dc45 .av-special-heading-tag .heading-char{\nfont-size:25px;\n}\n.av-special-heading.av-lqkkx-7a51bf5238ea22387b6354f9cdf0dc45 .av-subheading{\nfont-size:15px;\n}\n<\/style>\n<div  class='av-special-heading av-lqkkx-7a51bf5238ea22387b6354f9cdf0dc45 av-special-heading-h2 blockquote modern-quote modern-centered  avia-builder-el-2  el_after_av_textblock  el_before_av_image '><h2 class='av-special-heading-tag'  itemprop=\"headline\"  >Arcotel Berlin Mitte<\/h2><div class=\"special-heading-border\"><div class=\"special-heading-inner-border\"><\/div><\/div><\/div>\n\n<style type=\"text\/css\" data-created_by=\"avia_inline_auto\" id=\"style-css-av-f6cq1-82d3ed19ed25d2db262341ba368e2fb7\">\n.avia-image-container.av-f6cq1-82d3ed19ed25d2db262341ba368e2fb7 img.avia_image{\nbox-shadow:none;\n}\n.avia-image-container.av-f6cq1-82d3ed19ed25d2db262341ba368e2fb7 .av-image-caption-overlay-center{\ncolor:#ffffff;\n}\n<\/style>\n<div  class='avia-image-container av-f6cq1-82d3ed19ed25d2db262341ba368e2fb7 av-styling-no-styling avia-align-center  avia-builder-el-3  el_after_av_heading  el_before_av_textblock '   itemprop=\"image\" itemscope=\"itemscope\" itemtype=\"https:\/\/schema.org\/ImageObject\" ><div class=\"avia-image-container-inner\"><div class=\"avia-image-overlay-wrap\"><a href=\"http:\/\/www.arcotelhotels.com\/de\/velvet_hotel_berlin\/\" class='avia_image' target=\"_blank\" rel=\"noopener noreferrer\" aria-label='Arcotel Berlin Mitte'><img decoding=\"async\" fetchpriority=\"high\" class='wp-image-2005 avia-img-lazy-loading-not-2005 avia_image ' src=\"https:\/\/www.hasert-haut.de\/wp-content\/uploads\/2016\/04\/AVB-300x150.jpg\" alt='' title='Arcotel Berlin Mitte'  height=\"150\" width=\"300\"  itemprop=\"thumbnailUrl\" srcset=\"https:\/\/www.hasert-haut.de\/wp-content\/uploads\/2016\/04\/AVB-300x150.jpg 300w, https:\/\/www.hasert-haut.de\/wp-content\/uploads\/2016\/04\/AVB-1030x515.jpg 1030w, https:\/\/www.hasert-haut.de\/wp-content\/uploads\/2016\/04\/AVB-1500x750.jpg 1500w, https:\/\/www.hasert-haut.de\/wp-content\/uploads\/2016\/04\/AVB-705x352.jpg 705w, https:\/\/www.hasert-haut.de\/wp-content\/uploads\/2016\/04\/AVB-450x225.jpg 450w, https:\/\/www.hasert-haut.de\/wp-content\/uploads\/2016\/04\/AVB.jpg 1575w\" sizes=\"(max-width: 300px) 100vw, 300px\" \/><\/a><\/div><\/div><\/div>\n<section  class='av_textblock_section av-7sn4x-9f2755d970fe73c5e757c50281d28a5a '   itemscope=\"itemscope\" itemtype=\"https:\/\/schema.org\/CreativeWork\" ><div class='avia_textblock'  itemprop=\"text\" ><p style=\"text-align: center;\"><a title=\"Arcotel Berlin\" href=\"http:\/\/www.arcotelhotels.com\/de\/velvet_hotel_berlin\/\" target=\"_blank\" rel=\"noopener\">www.arcotelhotels.com<\/a><\/p>\n<p style=\"text-align: center;\">Hastalar\u0131m\u0131z i\u00e7in \u00f6zel fiyatlar &#8221; Praxisklinik Dr. Hasert&#8221; kodu alt\u0131nda mevcuttur.\n<\/p>\n<p style=\"text-align: center;\">Otopark 150 metre uzakl\u0131ktaki Chausseestr \u00e7ok katl\u0131 otopark\u0131nda mevcuttur.<br \/>\n 5.<\/p>\n<\/div><\/section>\n","protected":false},"excerpt":{"rendered":"<p>Dermatolog Dr. Raoul Hasert&#8217;in Berlin-Mitte&#8217;deki Friedrichstra\u00dfe&#8217;de bulunan muayenehanesindeki tedaviler s\u0131ras\u0131nda gecelik konaklamalar i\u00e7in partner otel.<\/p>\n","protected":false},"author":1,"featured_media":0,"parent":0,"menu_order":0,"comment_status":"closed","ping_status":"closed","template":"","meta":{"footnotes":""},"class_list":["post-2263","page","type-page","status-publish","hentry"],"yoast_head":"<!-- This site is optimized with the Yoast SEO plugin v25.3.1 - https:\/\/yoast.com\/wordpress\/plugins\/seo\/ -->\n<title>Ortak Otel | Dermatolog Dr. Raoul Hasert Berlin<\/title>\n<meta name=\"description\" content=\"Dermatolog Dr. Raoul Hasert&#039;in Berlin-Mitte&#039;deki Friedrichstra\u00dfe&#039;de bulunan muayenehanesindeki tedaviler s\u0131ras\u0131nda gecelik konaklamalar i\u00e7in partner otel.\" \/>\n<meta name=\"robots\" content=\"index, follow, max-snippet:-1, max-image-preview:large, max-video-preview:-1\" \/>\n<link rel=\"canonical\" href=\"https:\/\/www.hasert-haut.de\/tr\/ortak-otel\/\" \/>\n<meta property=\"og:locale\" content=\"tr_TR\" \/>\n<meta property=\"og:type\" content=\"article\" \/>\n<meta property=\"og:title\" content=\"Ortak Otel | Dermatolog Dr. Raoul Hasert Berlin\" \/>\n<meta property=\"og:description\" content=\"Dermatolog Dr. Raoul Hasert&#039;in Berlin-Mitte&#039;deki Friedrichstra\u00dfe&#039;de bulunan muayenehanesindeki tedaviler s\u0131ras\u0131nda gecelik konaklamalar i\u00e7in partner otel.\" \/>\n<meta property=\"og:url\" content=\"https:\/\/www.hasert-haut.de\/tr\/ortak-otel\/\" \/>\n<meta property=\"og:site_name\" content=\"Hautarzt Berlin - Praxisklinik Dr. Hasert\" \/>\n<meta property=\"article:modified_time\" content=\"2023-06-06T14:53:52+00:00\" \/>\n<meta name=\"twitter:label1\" content=\"Tahmini okuma s\u00fcresi\" \/>\n\t<meta name=\"twitter:data1\" content=\"1 dakika\" \/>\n<script type=\"application\/ld+json\" class=\"yoast-schema-graph\">{\"@context\":\"https:\/\/schema.org\",\"@graph\":[{\"@type\":\"WebPage\",\"@id\":\"https:\/\/www.hasert-haut.de\/tr\/ortak-otel\/\",\"url\":\"https:\/\/www.hasert-haut.de\/tr\/ortak-otel\/\",\"name\":\"Ortak Otel | Dermatolog Dr. Raoul Hasert Berlin\",\"isPartOf\":{\"@id\":\"https:\/\/www.hasert-haut.de\/tr\/#website\"},\"datePublished\":\"2016-04-04T08:22:42+00:00\",\"dateModified\":\"2023-06-06T14:53:52+00:00\",\"description\":\"Dermatolog Dr. Raoul Hasert'in Berlin-Mitte'deki Friedrichstra\u00dfe'de bulunan muayenehanesindeki tedaviler s\u0131ras\u0131nda gecelik konaklamalar i\u00e7in partner otel.\",\"breadcrumb\":{\"@id\":\"https:\/\/www.hasert-haut.de\/tr\/ortak-otel\/#breadcrumb\"},\"inLanguage\":\"tr\",\"potentialAction\":[{\"@type\":\"ReadAction\",\"target\":[\"https:\/\/www.hasert-haut.de\/tr\/ortak-otel\/\"]}]},{\"@type\":\"BreadcrumbList\",\"@id\":\"https:\/\/www.hasert-haut.de\/tr\/ortak-otel\/#breadcrumb\",\"itemListElement\":[{\"@type\":\"ListItem\",\"position\":1,\"name\":\"Home\",\"item\":\"https:\/\/www.hasert-haut.de\/tr\/hosgeldiniz\/\"},{\"@type\":\"ListItem\",\"position\":2,\"name\":\"ortak otel\"}]},{\"@type\":\"WebSite\",\"@id\":\"https:\/\/www.hasert-haut.de\/tr\/#website\",\"url\":\"https:\/\/www.hasert-haut.de\/tr\/\",\"name\":\"Hautarzt Berlin - Praxisklinik Dr. Hasert\",\"description\":\"Hautarzt, Allgemeinmedizin\",\"potentialAction\":[{\"@type\":\"SearchAction\",\"target\":{\"@type\":\"EntryPoint\",\"urlTemplate\":\"https:\/\/www.hasert-haut.de\/tr\/?s={search_term_string}\"},\"query-input\":{\"@type\":\"PropertyValueSpecification\",\"valueRequired\":true,\"valueName\":\"search_term_string\"}}],\"inLanguage\":\"tr\"}]}<\/script>\n<!-- \/ Yoast SEO plugin. -->","yoast_head_json":{"title":"Ortak Otel | Dermatolog Dr. Raoul Hasert Berlin","description":"Dermatolog Dr. Raoul Hasert'in Berlin-Mitte'deki Friedrichstra\u00dfe'de bulunan muayenehanesindeki tedaviler s\u0131ras\u0131nda gecelik konaklamalar i\u00e7in partner otel.","robots":{"index":"index","follow":"follow","max-snippet":"max-snippet:-1","max-image-preview":"max-image-preview:large","max-video-preview":"max-video-preview:-1"},"canonical":"https:\/\/www.hasert-haut.de\/tr\/ortak-otel\/","og_locale":"tr_TR","og_type":"article","og_title":"Ortak Otel | Dermatolog Dr. Raoul Hasert Berlin","og_description":"Dermatolog Dr. Raoul Hasert'in Berlin-Mitte'deki Friedrichstra\u00dfe'de bulunan muayenehanesindeki tedaviler s\u0131ras\u0131nda gecelik konaklamalar i\u00e7in partner otel.","og_url":"https:\/\/www.hasert-haut.de\/tr\/ortak-otel\/","og_site_name":"Hautarzt Berlin - Praxisklinik Dr. Hasert","article_modified_time":"2023-06-06T14:53:52+00:00","twitter_misc":{"Tahmini okuma s\u00fcresi":"1 dakika"},"schema":{"@context":"https:\/\/schema.org","@graph":[{"@type":"WebPage","@id":"https:\/\/www.hasert-haut.de\/tr\/ortak-otel\/","url":"https:\/\/www.hasert-haut.de\/tr\/ortak-otel\/","name":"Ortak Otel | Dermatolog Dr. Raoul Hasert Berlin","isPartOf":{"@id":"https:\/\/www.hasert-haut.de\/tr\/#website"},"datePublished":"2016-04-04T08:22:42+00:00","dateModified":"2023-06-06T14:53:52+00:00","description":"Dermatolog Dr. Raoul Hasert'in Berlin-Mitte'deki Friedrichstra\u00dfe'de bulunan muayenehanesindeki tedaviler s\u0131ras\u0131nda gecelik konaklamalar i\u00e7in partner otel.","breadcrumb":{"@id":"https:\/\/www.hasert-haut.de\/tr\/ortak-otel\/#breadcrumb"},"inLanguage":"tr","potentialAction":[{"@type":"ReadAction","target":["https:\/\/www.hasert-haut.de\/tr\/ortak-otel\/"]}]},{"@type":"BreadcrumbList","@id":"https:\/\/www.hasert-haut.de\/tr\/ortak-otel\/#breadcrumb","itemListElement":[{"@type":"ListItem","position":1,"name":"Home","item":"https:\/\/www.hasert-haut.de\/tr\/hosgeldiniz\/"},{"@type":"ListItem","position":2,"name":"ortak otel"}]},{"@type":"WebSite","@id":"https:\/\/www.hasert-haut.de\/tr\/#website","url":"https:\/\/www.hasert-haut.de\/tr\/","name":"Hautarzt Berlin - Praxisklinik Dr. Hasert","description":"Hautarzt, Allgemeinmedizin","potentialAction":[{"@type":"SearchAction","target":{"@type":"EntryPoint","urlTemplate":"https:\/\/www.hasert-haut.de\/tr\/?s={search_term_string}"},"query-input":{"@type":"PropertyValueSpecification","valueRequired":true,"valueName":"search_term_string"}}],"inLanguage":"tr"}]}},"_links":{"self":[{"href":"https:\/\/www.hasert-haut.de\/tr\/wp-json\/wp\/v2\/pages\/2263","targetHints":{"allow":["GET"]}}],"collection":[{"href":"https:\/\/www.hasert-haut.de\/tr\/wp-json\/wp\/v2\/pages"}],"about":[{"href":"https:\/\/www.hasert-haut.de\/tr\/wp-json\/wp\/v2\/types\/page"}],"author":[{"embeddable":true,"href":"https:\/\/www.hasert-haut.de\/tr\/wp-json\/wp\/v2\/users\/1"}],"replies":[{"embeddable":true,"href":"https:\/\/www.hasert-haut.de\/tr\/wp-json\/wp\/v2\/comments?post=2263"}],"version-history":[{"count":8,"href":"https:\/\/www.hasert-haut.de\/tr\/wp-json\/wp\/v2\/pages\/2263\/revisions"}],"predecessor-version":[{"id":11821,"href":"https:\/\/www.hasert-haut.de\/tr\/wp-json\/wp\/v2\/pages\/2263\/revisions\/11821"}],"wp:attachment":[{"href":"https:\/\/www.hasert-haut.de\/tr\/wp-json\/wp\/v2\/media?parent=2263"}],"curies":[{"name":"wp","href":"https:\/\/api.w.org\/{rel}","templated":true}]}}