{"id":2302,"date":"2015-01-20T14:50:47","date_gmt":"2015-01-20T14:50:47","guid":{"rendered":"https:\/\/www.hasert-haut.de\/terminplaner\/"},"modified":"2023-09-20T15:34:50","modified_gmt":"2023-09-20T15:34:50","slug":"zamanlayici","status":"publish","type":"page","link":"https:\/\/www.hasert-haut.de\/tr\/zamanlayici\/","title":{"rendered":"zamanlay\u0131c\u0131"},"content":{"rendered":"\n<style type=\"text\/css\" data-created_by=\"avia_inline_auto\" id=\"style-css-av-2ixjk-60fd4638a8951b3b12c44afa32a24760\">\n.avia-section.av-2ixjk-60fd4638a8951b3b12c44afa32a24760{\nbackground-repeat:no-repeat;\nbackground-image:url(https:\/\/www.hasert-haut.de\/wp-content\/uploads\/2015\/01\/IMG_8848.jpg);\nbackground-position:50% 50%;\nbackground-attachment:scroll;\n}\n<\/style>\n<div id='av_section_1'  class='avia-section av-2ixjk-60fd4638a8951b3b12c44afa32a24760 main_color avia-section-no-padding avia-no-border-styling  avia-builder-el-0  el_before_av_section  avia-builder-el-first  avia-full-stretch avia-bg-style-scroll av-minimum-height av-minimum-height-50 av-height-50  container_wrap fullsize'  data-section-bg-repeat='stretch' data-av_minimum_height_pc='50' data-av_min_height_opt='50'><div class='container av-section-cont-open' ><main  role=\"main\" itemprop=\"mainContentOfPage\"  class='template-page content  av-content-full alpha units'><div class='post-entry post-entry-type-page post-entry-2302'><div class='entry-content-wrapper clearfix'>\n<\/div><\/div><\/main><!-- close content main element --><\/div><\/div><div id='av_section_2'  class='avia-section av-1c52y-6705d96d726e34f30075afd1c9f98823 main_color avia-section-huge avia-no-border-styling  avia-builder-el-1  el_after_av_section  avia-builder-el-last  avia-bg-style-scroll container_wrap fullsize'  ><div class='container av-section-cont-open' ><div class='template-page content  av-content-full alpha units'><div class='post-entry post-entry-type-page post-entry-2302'><div class='entry-content-wrapper clearfix'>\n\n<style type=\"text\/css\" data-created_by=\"avia_inline_auto\" id=\"style-css-av-1zubm-cf8dd5eea0f9c55c19c0ef078ddbcf82\">\n#top .flex_column.av-1zubm-cf8dd5eea0f9c55c19c0ef078ddbcf82{\nmargin-top:-200px;\nmargin-bottom:-200px;\n}\n.flex_column.av-1zubm-cf8dd5eea0f9c55c19c0ef078ddbcf82{\nborder-radius:0px 0px 0px 0px;\npadding:30px 30px 30px 30px;\nbackground-color:#ffffff;\n}\n.responsive #top #wrap_all .flex_column.av-1zubm-cf8dd5eea0f9c55c19c0ef078ddbcf82{\nmargin-top:-200px;\nmargin-bottom:-200px;\n}\n<\/style>\n<div  class='flex_column av-1zubm-cf8dd5eea0f9c55c19c0ef078ddbcf82 av_one_full  avia-builder-el-2  el_before_av_hr  avia-builder-el-first  first flex_column_div  '     ><style type=\"text\/css\" data-created_by=\"avia_inline_auto\" id=\"style-css-av-l96uo748-39e05b69232cfe2a8b7948d56106bf9f\">\n#top .av-special-heading.av-l96uo748-39e05b69232cfe2a8b7948d56106bf9f{\nmargin:30px 0 0 0;\npadding-bottom:10px;\n}\nbody .av-special-heading.av-l96uo748-39e05b69232cfe2a8b7948d56106bf9f .av-special-heading-tag .heading-char{\nfont-size:25px;\n}\n.av-special-heading.av-l96uo748-39e05b69232cfe2a8b7948d56106bf9f .av-subheading{\nfont-size:15px;\n}\n<\/style>\n<div  class='av-special-heading av-l96uo748-39e05b69232cfe2a8b7948d56106bf9f av-special-heading-h1 blockquote modern-quote modern-centered  avia-builder-el-3  avia-builder-el-no-sibling '><h1 class='av-special-heading-tag'  itemprop=\"headline\"  >zamanlay\u0131c\u0131<\/h1><div class=\"special-heading-border\"><div class=\"special-heading-inner-border\"><\/div><\/div><\/div><\/div>\n<style type=\"text\/css\" data-created_by=\"avia_inline_auto\" id=\"style-css-av-l96u2dxw-bef62529ba4e12912e5f4b47d6fefae0\">\n#top .hr.hr-invisible.av-l96u2dxw-bef62529ba4e12912e5f4b47d6fefae0{\nheight:50px;\n}\n<\/style>\n<div  class='hr av-l96u2dxw-bef62529ba4e12912e5f4b47d6fefae0 hr-invisible  avia-builder-el-4  el_after_av_one_full  el_before_av_textblock '><span class='hr-inner '><span class=\"hr-inner-style\"><\/span><\/span><\/div>\n<section  class='av_textblock_section av-1f6g4-91f125efbb006d5520d0f07aebfd33e6 '   itemscope=\"itemscope\" itemtype=\"https:\/\/schema.org\/CreativeWork\" ><div class='avia_textblock'  itemprop=\"text\" ><p>Hastalar i\u00e7in online randevu planlay\u0131c\u0131m\u0131z ile muayenehanemizde size kendi randevular\u0131n\u0131z\u0131 olu\u015fturma f\u0131rsat\u0131 sunuyoruz. A\u015fa\u011f\u0131daki ba\u011flant\u0131 sizi do\u011frudan zamanlay\u0131c\u0131m\u0131za g\u00f6t\u00fcrecektir:<\/p>\n<\/div><\/section>\n<div  class='avia-button-wrap av-l82qbdyd-8f18924f846e6c5e22a8dc2f6ef1de4e-wrap avia-button-left  avia-builder-el-6  el_after_av_textblock  el_before_av_textblock '><a href='https:\/\/www.doctolib.de\/praxis\/berlin\/praxisklinik-dr-hasert' class='avia-button av-l82qbdyd-8f18924f846e6c5e22a8dc2f6ef1de4e avia-icon_select-no avia-size-x-large avia-position-left avia-color-red' target=\"_blank\" rel=\"noopener noreferrer\"><span class='avia_iconbox_title' >zamanlay\u0131c\u0131ya<\/span><\/a><\/div>\n<section  class='av_textblock_section av-1f6g4-91f125efbb006d5520d0f07aebfd33e6 '   itemscope=\"itemscope\" itemtype=\"https:\/\/schema.org\/CreativeWork\" ><div class='avia_textblock'  itemprop=\"text\" ><p>Uygulamam\u0131za ziyaretinizi d\u00f6rt g\u00f6zle bekliyoruz,<br \/>\nDermatoloji klini\u011findeki ekibiniz Dr. Hasert<\/p>\n<\/div><\/section>\n\n","protected":false},"excerpt":{"rendered":"<p>Dr. Raoul Hasert&#8217;in Berlin-Mitte&#8217;de Friedrichstra\u00dfe&#8217;deki muayenehanesinde \u00e7evrimi\u00e7i randevular i\u00e7in randevu planlay\u0131c\u0131s\u0131.<\/p>\n","protected":false},"author":1,"featured_media":0,"parent":0,"menu_order":0,"comment_status":"closed","ping_status":"closed","template":"","meta":{"footnotes":""},"class_list":["post-2302","page","type-page","status-publish","hentry"],"yoast_head":"<!-- This site is optimized with the Yoast SEO plugin v25.3.1 - https:\/\/yoast.com\/wordpress\/plugins\/seo\/ -->\n<title>Randevu planlay\u0131c\u0131 | Dermatolog Dr. Hasert Berlin-Mitte<\/title>\n<meta name=\"description\" content=\"Dr. Raoul Hasert&#039;in Berlin-Mitte&#039;de Friedrichstra\u00dfe&#039;deki muayenehanesinde \u00e7evrimi\u00e7i randevular i\u00e7in randevu planlay\u0131c\u0131s\u0131.\" \/>\n<meta name=\"robots\" content=\"index, follow, max-snippet:-1, max-image-preview:large, max-video-preview:-1\" \/>\n<link rel=\"canonical\" href=\"https:\/\/www.hasert-haut.de\/tr\/zamanlayici\/\" \/>\n<meta property=\"og:locale\" content=\"tr_TR\" \/>\n<meta property=\"og:type\" content=\"article\" \/>\n<meta property=\"og:title\" content=\"Randevu planlay\u0131c\u0131 | Dermatolog Dr. Hasert Berlin-Mitte\" \/>\n<meta property=\"og:description\" content=\"Dr. Raoul Hasert&#039;in Berlin-Mitte&#039;de Friedrichstra\u00dfe&#039;deki muayenehanesinde \u00e7evrimi\u00e7i randevular i\u00e7in randevu planlay\u0131c\u0131s\u0131.\" \/>\n<meta property=\"og:url\" content=\"https:\/\/www.hasert-haut.de\/tr\/zamanlayici\/\" \/>\n<meta property=\"og:site_name\" content=\"Hautarzt Berlin - Praxisklinik Dr. Hasert\" \/>\n<meta property=\"article:modified_time\" content=\"2023-09-20T15:34:50+00:00\" \/>\n<meta name=\"twitter:label1\" content=\"Tahmini okuma s\u00fcresi\" \/>\n\t<meta name=\"twitter:data1\" content=\"4 dakika\" \/>\n<script type=\"application\/ld+json\" class=\"yoast-schema-graph\">{\"@context\":\"https:\/\/schema.org\",\"@graph\":[{\"@type\":\"WebPage\",\"@id\":\"https:\/\/www.hasert-haut.de\/tr\/zamanlayici\/\",\"url\":\"https:\/\/www.hasert-haut.de\/tr\/zamanlayici\/\",\"name\":\"Randevu planlay\u0131c\u0131 | Dermatolog Dr. Hasert Berlin-Mitte\",\"isPartOf\":{\"@id\":\"https:\/\/www.hasert-haut.de\/tr\/#website\"},\"datePublished\":\"2015-01-20T14:50:47+00:00\",\"dateModified\":\"2023-09-20T15:34:50+00:00\",\"description\":\"Dr. Raoul Hasert'in Berlin-Mitte'de Friedrichstra\u00dfe'deki muayenehanesinde \u00e7evrimi\u00e7i randevular i\u00e7in randevu planlay\u0131c\u0131s\u0131.\",\"breadcrumb\":{\"@id\":\"https:\/\/www.hasert-haut.de\/tr\/zamanlayici\/#breadcrumb\"},\"inLanguage\":\"tr\",\"potentialAction\":[{\"@type\":\"ReadAction\",\"target\":[\"https:\/\/www.hasert-haut.de\/tr\/zamanlayici\/\"]}]},{\"@type\":\"BreadcrumbList\",\"@id\":\"https:\/\/www.hasert-haut.de\/tr\/zamanlayici\/#breadcrumb\",\"itemListElement\":[{\"@type\":\"ListItem\",\"position\":1,\"name\":\"Home\",\"item\":\"https:\/\/www.hasert-haut.de\/tr\/hosgeldiniz\/\"},{\"@type\":\"ListItem\",\"position\":2,\"name\":\"zamanlay\u0131c\u0131\"}]},{\"@type\":\"WebSite\",\"@id\":\"https:\/\/www.hasert-haut.de\/tr\/#website\",\"url\":\"https:\/\/www.hasert-haut.de\/tr\/\",\"name\":\"Hautarzt Berlin - Praxisklinik Dr. Hasert\",\"description\":\"Hautarzt, Allgemeinmedizin\",\"potentialAction\":[{\"@type\":\"SearchAction\",\"target\":{\"@type\":\"EntryPoint\",\"urlTemplate\":\"https:\/\/www.hasert-haut.de\/tr\/?s={search_term_string}\"},\"query-input\":{\"@type\":\"PropertyValueSpecification\",\"valueRequired\":true,\"valueName\":\"search_term_string\"}}],\"inLanguage\":\"tr\"}]}<\/script>\n<!-- \/ Yoast SEO plugin. -->","yoast_head_json":{"title":"Randevu planlay\u0131c\u0131 | Dermatolog Dr. Hasert Berlin-Mitte","description":"Dr. Raoul Hasert'in Berlin-Mitte'de Friedrichstra\u00dfe'deki muayenehanesinde \u00e7evrimi\u00e7i randevular i\u00e7in randevu planlay\u0131c\u0131s\u0131.","robots":{"index":"index","follow":"follow","max-snippet":"max-snippet:-1","max-image-preview":"max-image-preview:large","max-video-preview":"max-video-preview:-1"},"canonical":"https:\/\/www.hasert-haut.de\/tr\/zamanlayici\/","og_locale":"tr_TR","og_type":"article","og_title":"Randevu planlay\u0131c\u0131 | Dermatolog Dr. Hasert Berlin-Mitte","og_description":"Dr. Raoul Hasert'in Berlin-Mitte'de Friedrichstra\u00dfe'deki muayenehanesinde \u00e7evrimi\u00e7i randevular i\u00e7in randevu planlay\u0131c\u0131s\u0131.","og_url":"https:\/\/www.hasert-haut.de\/tr\/zamanlayici\/","og_site_name":"Hautarzt Berlin - Praxisklinik Dr. Hasert","article_modified_time":"2023-09-20T15:34:50+00:00","twitter_misc":{"Tahmini okuma s\u00fcresi":"4 dakika"},"schema":{"@context":"https:\/\/schema.org","@graph":[{"@type":"WebPage","@id":"https:\/\/www.hasert-haut.de\/tr\/zamanlayici\/","url":"https:\/\/www.hasert-haut.de\/tr\/zamanlayici\/","name":"Randevu planlay\u0131c\u0131 | Dermatolog Dr. Hasert Berlin-Mitte","isPartOf":{"@id":"https:\/\/www.hasert-haut.de\/tr\/#website"},"datePublished":"2015-01-20T14:50:47+00:00","dateModified":"2023-09-20T15:34:50+00:00","description":"Dr. Raoul Hasert'in Berlin-Mitte'de Friedrichstra\u00dfe'deki muayenehanesinde \u00e7evrimi\u00e7i randevular i\u00e7in randevu planlay\u0131c\u0131s\u0131.","breadcrumb":{"@id":"https:\/\/www.hasert-haut.de\/tr\/zamanlayici\/#breadcrumb"},"inLanguage":"tr","potentialAction":[{"@type":"ReadAction","target":["https:\/\/www.hasert-haut.de\/tr\/zamanlayici\/"]}]},{"@type":"BreadcrumbList","@id":"https:\/\/www.hasert-haut.de\/tr\/zamanlayici\/#breadcrumb","itemListElement":[{"@type":"ListItem","position":1,"name":"Home","item":"https:\/\/www.hasert-haut.de\/tr\/hosgeldiniz\/"},{"@type":"ListItem","position":2,"name":"zamanlay\u0131c\u0131"}]},{"@type":"WebSite","@id":"https:\/\/www.hasert-haut.de\/tr\/#website","url":"https:\/\/www.hasert-haut.de\/tr\/","name":"Hautarzt Berlin - Praxisklinik Dr. Hasert","description":"Hautarzt, Allgemeinmedizin","potentialAction":[{"@type":"SearchAction","target":{"@type":"EntryPoint","urlTemplate":"https:\/\/www.hasert-haut.de\/tr\/?s={search_term_string}"},"query-input":{"@type":"PropertyValueSpecification","valueRequired":true,"valueName":"search_term_string"}}],"inLanguage":"tr"}]}},"_links":{"self":[{"href":"https:\/\/www.hasert-haut.de\/tr\/wp-json\/wp\/v2\/pages\/2302","targetHints":{"allow":["GET"]}}],"collection":[{"href":"https:\/\/www.hasert-haut.de\/tr\/wp-json\/wp\/v2\/pages"}],"about":[{"href":"https:\/\/www.hasert-haut.de\/tr\/wp-json\/wp\/v2\/types\/page"}],"author":[{"embeddable":true,"href":"https:\/\/www.hasert-haut.de\/tr\/wp-json\/wp\/v2\/users\/1"}],"replies":[{"embeddable":true,"href":"https:\/\/www.hasert-haut.de\/tr\/wp-json\/wp\/v2\/comments?post=2302"}],"version-history":[{"count":26,"href":"https:\/\/www.hasert-haut.de\/tr\/wp-json\/wp\/v2\/pages\/2302\/revisions"}],"predecessor-version":[{"id":11959,"href":"https:\/\/www.hasert-haut.de\/tr\/wp-json\/wp\/v2\/pages\/2302\/revisions\/11959"}],"wp:attachment":[{"href":"https:\/\/www.hasert-haut.de\/tr\/wp-json\/wp\/v2\/media?parent=2302"}],"curies":[{"name":"wp","href":"https:\/\/api.w.org\/{rel}","templated":true}]}}